{"id":1012,"date":"2025-04-21T15:45:30","date_gmt":"2025-04-21T18:45:30","guid":{"rendered":"https:\/\/taquaryfilmes.com.br\/?page_id=1012"},"modified":"2025-08-12T13:01:11","modified_gmt":"2025-08-12T16:01:11","slug":"moagem","status":"publish","type":"page","link":"https:\/\/taquaryfilmes.com.br\/en\/moagem\/","title":{"rendered":"Moagem"},"content":{"rendered":"<div data-elementor-type=\"wp-page\" data-elementor-id=\"1012\" class=\"elementor elementor-1012\">\n\t\t\t\t<div class=\"elementor-element elementor-element-3f3618b e-flex e-con-boxed e-con e-parent\" data-id=\"3f3618b\" data-element_type=\"container\" data-e-type=\"container\">\n\t\t\t\t\t<div class=\"e-con-inner\">\n\t\t\t\t<div class=\"elementor-element elementor-element-b416514 elementor-widget elementor-widget-image\" data-id=\"b416514\" data-element_type=\"widget\" data-e-type=\"widget\" data-widget_type=\"image.default\">\n\t\t\t\t<div class=\"elementor-widget-container\">\n\t\t\t\t\t\t\t\t\t\t\t\t\t\t\t<img fetchpriority=\"high\" decoding=\"async\" width=\"750\" height=\"500\" src=\"https:\/\/taquaryfilmes.com.br\/wp-content\/uploads\/2025\/05\/FOTO-1.jpg\" class=\"attachment-large size-large wp-image-1428\" alt=\"\" srcset=\"https:\/\/taquaryfilmes.com.br\/wp-content\/uploads\/2025\/05\/FOTO-1.jpg 750w, https:\/\/taquaryfilmes.com.br\/wp-content\/uploads\/2025\/05\/FOTO-1-300x200.jpg 300w, https:\/\/taquaryfilmes.com.br\/wp-content\/uploads\/2025\/05\/FOTO-1-18x12.jpg 18w\" sizes=\"(max-width: 750px) 100vw, 750px\" \/>\t\t\t\t\t\t\t\t\t\t\t\t\t\t\t<\/div>\n\t\t\t\t<\/div>\n\t\t\t\t\t<\/div>\n\t\t\t\t<\/div>\n\t\t<div class=\"elementor-element elementor-element-b7e424f e-flex e-con-boxed e-con e-parent\" data-id=\"b7e424f\" data-element_type=\"container\" data-e-type=\"container\">\n\t\t\t\t\t<div class=\"e-con-inner\">\n\t\t\t\t<div class=\"elementor-element elementor-element-7532745 elementor-widget elementor-widget-text-editor\" data-id=\"7532745\" data-element_type=\"widget\" data-e-type=\"widget\" data-widget_type=\"text-editor.default\">\n\t\t\t\t<div class=\"elementor-widget-container\">\n\t\t\t\t\t\t\t\t\t<p style=\"text-align: center;\">\"Milling\"<br \/>BRAZIL, 4K, 80min, Documentary, Portuguese.<br \/>Produ\u00e7\u00e3o: <span style=\"font-weight: 400;\">Cai\u00e7ara Filmes, Filmes Urgentes e Taquary Filmes<\/span><\/p><p style=\"text-align: center;\"><a href=\"https:\/\/www.imdb.com\/pt\/title\/tt37802507\/?reasonForLanguagePrompt=browser_header_mismatch\" target=\"_blank\" rel=\"noopener\">IMDb<\/a><\/p>\t\t\t\t\t\t\t\t<\/div>\n\t\t\t\t<\/div>\n\t\t\t\t\t<\/div>\n\t\t\t\t<\/div>\n\t\t<div class=\"elementor-element elementor-element-8b9da37 e-flex e-con-boxed e-con e-parent\" data-id=\"8b9da37\" data-element_type=\"container\" data-e-type=\"container\" data-settings=\"{&quot;background_background&quot;:&quot;classic&quot;}\">\n\t\t\t\t\t<div class=\"e-con-inner\">\n\t\t\t\t<div class=\"elementor-element elementor-element-bb781d2 elementor-widget elementor-widget-heading\" data-id=\"bb781d2\" data-element_type=\"widget\" data-e-type=\"widget\" data-widget_type=\"heading.default\">\n\t\t\t\t<div class=\"elementor-widget-container\">\n\t\t\t\t\t<h2 class=\"elementor-heading-title elementor-size-default\"><a href=\"https:\/\/taquaryfilmes.com.br\/wp-content\/uploads\/2025\/05\/moagem.pdf\" target=\"_blank\">CLICK HERE TO VIEW THE ONE-SHEET FILE<\/a><\/h2>\t\t\t\t<\/div>\n\t\t\t\t<\/div>\n\t\t\t\t\t<\/div>\n\t\t\t\t<\/div>\n\t\t<div class=\"elementor-element elementor-element-50b0d85 e-flex e-con-boxed e-con e-parent\" data-id=\"50b0d85\" data-element_type=\"container\" data-e-type=\"container\">\n\t\t\t\t\t<div class=\"e-con-inner\">\n\t\t<div class=\"elementor-element elementor-element-278098f e-con-full e-flex e-con e-child\" data-id=\"278098f\" data-element_type=\"container\" data-e-type=\"container\">\n\t\t\t\t<div class=\"elementor-element elementor-element-c8125b7 elementor-widget elementor-widget-heading\" data-id=\"c8125b7\" data-element_type=\"widget\" data-e-type=\"widget\" data-widget_type=\"heading.default\">\n\t\t\t\t<div class=\"elementor-widget-container\">\n\t\t\t\t\t<h2 class=\"elementor-heading-title elementor-size-default\">SYNOPSIS<\/h2>\t\t\t\t<\/div>\n\t\t\t\t<\/div>\n\t\t\t\t<\/div>\n\t\t<div class=\"elementor-element elementor-element-91bc12f e-con-full e-flex e-con e-child\" data-id=\"91bc12f\" data-element_type=\"container\" data-e-type=\"container\">\n\t\t\t\t<div class=\"elementor-element elementor-element-82ee3db elementor-widget elementor-widget-text-editor\" data-id=\"82ee3db\" data-element_type=\"widget\" data-e-type=\"widget\" data-widget_type=\"text-editor.default\">\n\t\t\t\t<div class=\"elementor-widget-container\">\n\t\t\t\t\t\t\t\t\t<p style=\"text-align: left;\">Between steam engines and new technologies, we meet Zizinha, a guardian who keeps the production of rapadura alive at Engenho Cedro dos Luiz. Moagem is a poetic journey through the past and present of rapadura production in Nazarezinho, which follows the operation of this important sugar mill in the Sert\u00e3o region of Para\u00edba for over a decade, dating back to 1813.<\/p>\t\t\t\t\t\t\t\t<\/div>\n\t\t\t\t<\/div>\n\t\t\t\t<\/div>\n\t\t\t\t\t<\/div>\n\t\t\t\t<\/div>\n\t\t<div class=\"elementor-element elementor-element-d9eff17 e-flex e-con-boxed e-con e-parent\" data-id=\"d9eff17\" data-element_type=\"container\" data-e-type=\"container\">\n\t\t\t\t\t<div class=\"e-con-inner\">\n\t\t\t\t<div class=\"elementor-element elementor-element-77e6129 elementor-widget elementor-widget-image\" data-id=\"77e6129\" data-element_type=\"widget\" data-e-type=\"widget\" data-widget_type=\"image.default\">\n\t\t\t\t<div class=\"elementor-widget-container\">\n\t\t\t\t\t\t\t\t\t\t\t\t\t\t\t<img decoding=\"async\" width=\"222\" height=\"300\" src=\"https:\/\/taquaryfilmes.com.br\/wp-content\/uploads\/2025\/04\/perfil-ramonl-222x300.jpg\" class=\"attachment-medium size-medium wp-image-1018\" alt=\"\" srcset=\"https:\/\/taquaryfilmes.com.br\/wp-content\/uploads\/2025\/04\/perfil-ramonl-222x300.jpg 222w, https:\/\/taquaryfilmes.com.br\/wp-content\/uploads\/2025\/04\/perfil-ramonl.jpg 242w\" sizes=\"(max-width: 222px) 100vw, 222px\" \/>\t\t\t\t\t\t\t\t\t\t\t\t\t\t\t<\/div>\n\t\t\t\t<\/div>\n\t\t\t\t\t<\/div>\n\t\t\t\t<\/div>\n\t\t<div class=\"elementor-element elementor-element-4c8d81e e-flex e-con-boxed e-con e-parent\" data-id=\"4c8d81e\" data-element_type=\"container\" data-e-type=\"container\">\n\t\t\t\t\t<div class=\"e-con-inner\">\n\t\t<div class=\"elementor-element elementor-element-3078796 e-con-full e-flex e-con e-child\" data-id=\"3078796\" data-element_type=\"container\" data-e-type=\"container\">\n\t\t\t\t<div class=\"elementor-element elementor-element-9c1641c elementor-widget elementor-widget-heading\" data-id=\"9c1641c\" data-element_type=\"widget\" data-e-type=\"widget\" data-widget_type=\"heading.default\">\n\t\t\t\t<div class=\"elementor-widget-container\">\n\t\t\t\t\t<h2 class=\"elementor-heading-title elementor-size-default\">RAMON BATISTA<\/h2>\t\t\t\t<\/div>\n\t\t\t\t<\/div>\n\t\t\t\t<\/div>\n\t\t<div class=\"elementor-element elementor-element-78debda e-con-full e-flex e-con e-child\" data-id=\"78debda\" data-element_type=\"container\" data-e-type=\"container\">\n\t\t\t\t<div class=\"elementor-element elementor-element-7e65c93 elementor-widget elementor-widget-heading\" data-id=\"7e65c93\" data-element_type=\"widget\" data-e-type=\"widget\" data-widget_type=\"heading.default\">\n\t\t\t\t<div class=\"elementor-widget-container\">\n\t\t\t\t\t<h2 class=\"elementor-heading-title elementor-size-default\">DIRECTOR AND SCREENWRITER<\/h2>\t\t\t\t<\/div>\n\t\t\t\t<\/div>\n\t\t\t\t<\/div>\n\t\t\t\t\t<\/div>\n\t\t\t\t<\/div>\n\t\t<div class=\"elementor-element elementor-element-152bfb9 e-flex e-con-boxed e-con e-parent\" data-id=\"152bfb9\" data-element_type=\"container\" data-e-type=\"container\">\n\t\t\t\t\t<div class=\"e-con-inner\">\n\t\t<div class=\"elementor-element elementor-element-76817b8 e-con-full e-flex e-con e-child\" data-id=\"76817b8\" data-element_type=\"container\" data-e-type=\"container\">\n\t\t\t\t<div class=\"elementor-element elementor-element-88d3afd elementor-widget elementor-widget-text-editor\" data-id=\"88d3afd\" data-element_type=\"widget\" data-e-type=\"widget\" data-widget_type=\"text-editor.default\">\n\t\t\t\t<div class=\"elementor-widget-container\">\n\t\t\t\t\t\t\t\t\t<p style=\"text-align: left;\">A native of Nazarezinho, Para\u00edba, Ramon Batista is a photographer, filmmaker, screenwriter, and art and photography director. He is the founder of the production company Cai\u00e7ara Filmes and the creator of Mostra Cine S\u00edtio (2014\u20132024), an event that helped establish Sertanejo cinema from Para\u00edba in rural areas.<\/p><p style=\"text-align: left;\">He has released award-winning films such as Fogo-Pagou (2012), awarded at the 24th S\u00e3o Paulo International Film Festival, Capela (2014), awarded at the 7th Trinfo P\u00e9 Festival, Aroeira (2016), Seiva (2019) and Jacu (2024), awarded at the 21st Mostra do Filme Livre, and Tempo de Vaqueiro (2025), shown at important film festivals in Brazil. He participated as an intern and coordinator of the ViA\u00e7\u00e3o Para\u00edba Project (UFPB) and was part of several editions of JABRE \u2013 Para\u00edba Laboratory of Young Screenwriters, as a screenwriter, monitor, photographer and local coordinator.\nHe is currently in the process of finalizing his first feature film, Moagem.<br \/>Atualmente est\u00e1 em fase de distribui\u00e7\u00e3o de seu primeiro longa-metragem, Moagem.<\/p><p style=\"text-align: left;\"><a href=\"https:\/\/www.imdb.com\/pt\/name\/nm15411915\/\" target=\"_blank\" rel=\"noopener\">IMDb<\/a><\/p>\t\t\t\t\t\t\t\t<\/div>\n\t\t\t\t<\/div>\n\t\t\t\t<\/div>\n\t\t\t\t\t<\/div>\n\t\t\t\t<\/div>\n\t\t<div class=\"elementor-element elementor-element-75bbf5d e-flex e-con-boxed e-con e-parent\" data-id=\"75bbf5d\" data-element_type=\"container\" data-e-type=\"container\">\n\t\t\t\t\t<div class=\"e-con-inner\">\n\t\t\t\t<div class=\"elementor-element elementor-element-5647ba6 elementor-widget elementor-widget-image\" data-id=\"5647ba6\" data-element_type=\"widget\" data-e-type=\"widget\" data-widget_type=\"image.default\">\n\t\t\t\t<div class=\"elementor-widget-container\">\n\t\t\t\t\t\t\t\t\t\t\t\t\t\t\t<img decoding=\"async\" width=\"242\" height=\"300\" src=\"https:\/\/taquaryfilmes.com.br\/wp-content\/uploads\/2025\/04\/Alexandre-1-PeB-242x300.jpg\" class=\"attachment-medium size-medium wp-image-1305\" alt=\"\" srcset=\"https:\/\/taquaryfilmes.com.br\/wp-content\/uploads\/2025\/04\/Alexandre-1-PeB-242x300.jpg 242w, https:\/\/taquaryfilmes.com.br\/wp-content\/uploads\/2025\/04\/Alexandre-1-PeB-10x12.jpg 10w, https:\/\/taquaryfilmes.com.br\/wp-content\/uploads\/2025\/04\/Alexandre-1-PeB.jpg 539w\" sizes=\"(max-width: 242px) 100vw, 242px\" \/>\t\t\t\t\t\t\t\t\t\t\t\t\t\t\t<\/div>\n\t\t\t\t<\/div>\n\t\t\t\t\t<\/div>\n\t\t\t\t<\/div>\n\t\t<div class=\"elementor-element elementor-element-9b57567 e-flex e-con-boxed e-con e-parent\" data-id=\"9b57567\" data-element_type=\"container\" data-e-type=\"container\">\n\t\t\t\t\t<div class=\"e-con-inner\">\n\t\t<div class=\"elementor-element elementor-element-cf6fc34 e-con-full e-flex e-con e-child\" data-id=\"cf6fc34\" data-element_type=\"container\" data-e-type=\"container\">\n\t\t\t\t<div class=\"elementor-element elementor-element-88609fb elementor-widget elementor-widget-heading\" data-id=\"88609fb\" data-element_type=\"widget\" data-e-type=\"widget\" data-widget_type=\"heading.default\">\n\t\t\t\t<div class=\"elementor-widget-container\">\n\t\t\t\t\t<h2 class=\"elementor-heading-title elementor-size-default\">ALEXANDRE SOARES<\/h2>\t\t\t\t<\/div>\n\t\t\t\t<\/div>\n\t\t\t\t<\/div>\n\t\t<div class=\"elementor-element elementor-element-be032d1 e-con-full e-flex e-con e-child\" data-id=\"be032d1\" data-element_type=\"container\" data-e-type=\"container\">\n\t\t\t\t<div class=\"elementor-element elementor-element-cd8d832 elementor-widget elementor-widget-heading\" data-id=\"cd8d832\" data-element_type=\"widget\" data-e-type=\"widget\" data-widget_type=\"heading.default\">\n\t\t\t\t<div class=\"elementor-widget-container\">\n\t\t\t\t\t<h2 class=\"elementor-heading-title elementor-size-default\">PRODUCER<\/h2>\t\t\t\t<\/div>\n\t\t\t\t<\/div>\n\t\t\t\t<\/div>\n\t\t\t\t\t<\/div>\n\t\t\t\t<\/div>\n\t\t<div class=\"elementor-element elementor-element-4de7b3e e-flex e-con-boxed e-con e-parent\" data-id=\"4de7b3e\" data-element_type=\"container\" data-e-type=\"container\">\n\t\t\t\t\t<div class=\"e-con-inner\">\n\t\t<div class=\"elementor-element elementor-element-9a8f9f4 e-con-full e-flex e-con e-child\" data-id=\"9a8f9f4\" data-element_type=\"container\" data-e-type=\"container\">\n\t\t\t\t<div class=\"elementor-element elementor-element-015167a elementor-widget elementor-widget-text-editor\" data-id=\"015167a\" data-element_type=\"widget\" data-e-type=\"widget\" data-widget_type=\"text-editor.default\">\n\t\t\t\t<div class=\"elementor-widget-container\">\n\t\t\t\t\t\t\t\t\t<p style=\"text-align: left;\" align=\"justify\">Audiovisual producer, curator and director of the festivals Curta Taquary, Poesia na Tela and Criancine. He studied \u201cFilm script\u201d and \u201cCuratorship, management and network of film festivals\u201d at EICTV (Cuba). He has worked in the audiovisual industry since 2005 in the development, dissemination and production of short and feature films and TV productions. He has produced works shown in more than 100 national and international festivals and exhibitions, including: Cannes, Biarritz (France), Busan (South Korea), Havana (Cuba), Bras\u00edlia (DF), Gramado (RS) and Tiradentes (MG). He collaborated with the curatorship of the international festivals: Thessaloniki LGBTQIFF (Greece), LABRFF (USA), Hacelo Corto (Argentina), Antofadocs and Muestra Polo Sur (Chile). It works on reforestation and recovery of deforested areas in the Caatinga, Brejo de altitude and Mata Atl\u00e2ntica biomes, in addition to restoring riparian forests on the Capibaribe River.<\/p><p style=\"text-align: left;\" align=\"justify\"><a href=\"https:\/\/drive.google.com\/drive\/folders\/1dhOVsqi2k2YZbMl0e0FpT7-0Wx1Xg8y6\" target=\"_blank\" rel=\"noopener\">Check resum\u00e9<\/a><\/p><p style=\"text-align: left;\"><a href=\"https:\/\/www.imdb.com\/name\/nm9084412\/\" target=\"_blank\" rel=\"noopener\">IMDb<\/a><\/p>\t\t\t\t\t\t\t\t<\/div>\n\t\t\t\t<\/div>\n\t\t\t\t<\/div>\n\t\t\t\t\t<\/div>\n\t\t\t\t<\/div>\n\t\t<div class=\"elementor-element elementor-element-e6242cf e-flex e-con-boxed e-con e-parent\" data-id=\"e6242cf\" data-element_type=\"container\" data-e-type=\"container\">\n\t\t\t\t\t<div class=\"e-con-inner\">\n\t\t\t\t<div class=\"elementor-element elementor-element-6cf8229 elementor-widget elementor-widget-image\" data-id=\"6cf8229\" data-element_type=\"widget\" data-e-type=\"widget\" data-widget_type=\"image.default\">\n\t\t\t\t<div class=\"elementor-widget-container\">\n\t\t\t\t\t\t\t\t\t\t\t\t\t\t\t<img loading=\"lazy\" decoding=\"async\" width=\"222\" height=\"300\" src=\"https:\/\/taquaryfilmes.com.br\/wp-content\/uploads\/2025\/05\/MARCELO-PAES-LEME-PEB-222x300.jpg\" class=\"attachment-medium size-medium wp-image-1545\" alt=\"\" srcset=\"https:\/\/taquaryfilmes.com.br\/wp-content\/uploads\/2025\/05\/MARCELO-PAES-LEME-PEB-222x300.jpg 222w, https:\/\/taquaryfilmes.com.br\/wp-content\/uploads\/2025\/05\/MARCELO-PAES-LEME-PEB-9x12.jpg 9w, https:\/\/taquaryfilmes.com.br\/wp-content\/uploads\/2025\/05\/MARCELO-PAES-LEME-PEB.jpg 532w\" sizes=\"(max-width: 222px) 100vw, 222px\" \/>\t\t\t\t\t\t\t\t\t\t\t\t\t\t\t<\/div>\n\t\t\t\t<\/div>\n\t\t\t\t\t<\/div>\n\t\t\t\t<\/div>\n\t\t<div class=\"elementor-element elementor-element-f7a5752 e-flex e-con-boxed e-con e-parent\" data-id=\"f7a5752\" data-element_type=\"container\" data-e-type=\"container\">\n\t\t\t\t\t<div class=\"e-con-inner\">\n\t\t<div class=\"elementor-element elementor-element-2a09dca e-con-full e-flex e-con e-child\" data-id=\"2a09dca\" data-element_type=\"container\" data-e-type=\"container\">\n\t\t\t\t<div class=\"elementor-element elementor-element-741e855 elementor-widget elementor-widget-heading\" data-id=\"741e855\" data-element_type=\"widget\" data-e-type=\"widget\" data-widget_type=\"heading.default\">\n\t\t\t\t<div class=\"elementor-widget-container\">\n\t\t\t\t\t<h2 class=\"elementor-heading-title elementor-size-default\">MARCELO PAES DE CARVALHO<\/h2>\t\t\t\t<\/div>\n\t\t\t\t<\/div>\n\t\t\t\t<\/div>\n\t\t<div class=\"elementor-element elementor-element-92a3ff9 e-con-full e-flex e-con e-child\" data-id=\"92a3ff9\" data-element_type=\"container\" data-e-type=\"container\">\n\t\t\t\t<div class=\"elementor-element elementor-element-7fa8913 elementor-widget elementor-widget-heading\" data-id=\"7fa8913\" data-element_type=\"widget\" data-e-type=\"widget\" data-widget_type=\"heading.default\">\n\t\t\t\t<div class=\"elementor-widget-container\">\n\t\t\t\t\t<h2 class=\"elementor-heading-title elementor-size-default\">CO-PRODUCER<\/h2>\t\t\t\t<\/div>\n\t\t\t\t<\/div>\n\t\t\t\t<\/div>\n\t\t\t\t\t<\/div>\n\t\t\t\t<\/div>\n\t\t<div class=\"elementor-element elementor-element-5218383 e-flex e-con-boxed e-con e-parent\" data-id=\"5218383\" data-element_type=\"container\" data-e-type=\"container\">\n\t\t\t\t\t<div class=\"e-con-inner\">\n\t\t<div class=\"elementor-element elementor-element-711560a e-con-full e-flex e-con e-child\" data-id=\"711560a\" data-element_type=\"container\" data-e-type=\"container\">\n\t\t\t\t<div class=\"elementor-element elementor-element-b047652 elementor-widget elementor-widget-text-editor\" data-id=\"b047652\" data-element_type=\"widget\" data-e-type=\"widget\" data-widget_type=\"text-editor.default\">\n\t\t\t\t<div class=\"elementor-widget-container\">\n\t\t\t\t\t\t\t\t\t<p style=\"text-align: left;\" align=\"justify\">He works in the field of audiovisual production and cultural management. He develops various initiatives in the third sector, especially in audiovisual training projects through the FilmInBrasil Program, which offers workshops and courses throughout Brazil. An entrepreneur from a very young age, he has been a partner at InCartaz since 1995 and is also part of the board of several institutions and companies across different states in the country.\n\nHe is the coordinator of EPAC \u2013 Escola Popular de Audiovisual do Cariri, in partnership with the Government of the State of Cear\u00e1, and of Escola FilmInBrasil RJ, sponsored by the Ministry of Culture. He has taught courses and workshops at institutions such as SESC, SENAI, SEBRAE, BNB, UNESA, UCAM, UFF, among others. His clients and partners include UNICEF, the UN, American Airlines, the University of Michigan, NIKE, and more.\n\nHe is frequently invited to serve as a curator and jury member at film festivals in Brazil and abroad, and is also the executive producer of 12 festivals. He has directed and produced dozens of short and medium-length films, as well as feature-length documentaries. As an executive producer, he is currently involved in 7 feature films and 2 fiction series. He was recently awarded the title of Citizen of the State of Para\u00edba in recognition of his contributions to culture.<\/p>\t\t\t\t\t\t\t\t<\/div>\n\t\t\t\t<\/div>\n\t\t\t\t<\/div>\n\t\t\t\t\t<\/div>\n\t\t\t\t<\/div>\n\t\t<div class=\"elementor-element elementor-element-6ba00ee e-con-full e-flex e-con e-parent\" data-id=\"6ba00ee\" data-element_type=\"container\" data-e-type=\"container\">\n\t\t\t\t<div class=\"elementor-element elementor-element-c0e2c19 elementor-widget elementor-widget-image-carousel\" data-id=\"c0e2c19\" data-element_type=\"widget\" data-e-type=\"widget\" data-settings=\"{&quot;slides_to_show_tablet&quot;:&quot;3&quot;,&quot;navigation&quot;:&quot;none&quot;,&quot;slides_to_show&quot;:&quot;3&quot;,&quot;slides_to_scroll&quot;:&quot;3&quot;,&quot;image_spacing_custom&quot;:{&quot;unit&quot;:&quot;px&quot;,&quot;size&quot;:7,&quot;sizes&quot;:[]},&quot;autoplay&quot;:&quot;yes&quot;,&quot;pause_on_hover&quot;:&quot;yes&quot;,&quot;pause_on_interaction&quot;:&quot;yes&quot;,&quot;autoplay_speed&quot;:5000,&quot;infinite&quot;:&quot;yes&quot;,&quot;speed&quot;:500,&quot;image_spacing_custom_tablet&quot;:{&quot;unit&quot;:&quot;px&quot;,&quot;size&quot;:&quot;&quot;,&quot;sizes&quot;:[]},&quot;image_spacing_custom_mobile&quot;:{&quot;unit&quot;:&quot;px&quot;,&quot;size&quot;:&quot;&quot;,&quot;sizes&quot;:[]}}\" data-widget_type=\"image-carousel.default\">\n\t\t\t\t<div class=\"elementor-widget-container\">\n\t\t\t\t\t\t\t<div class=\"elementor-image-carousel-wrapper swiper\" role=\"region\" aria-roledescription=\"carousel\" aria-label=\"Carrossel de imagens\" dir=\"ltr\">\n\t\t\t<div class=\"elementor-image-carousel swiper-wrapper\" aria-live=\"off\">\n\t\t\t\t\t\t\t\t<div class=\"swiper-slide\" role=\"group\" aria-roledescription=\"slide\" aria-label=\"1 de 5\"><figure class=\"swiper-slide-inner\"><img decoding=\"async\" class=\"swiper-slide-image\" src=\"https:\/\/taquaryfilmes.com.br\/wp-content\/uploads\/2025\/05\/IMG_2037-1.jpg\" alt=\"IMG_2037\" \/><\/figure><\/div><div class=\"swiper-slide\" role=\"group\" aria-roledescription=\"slide\" aria-label=\"2 de 5\"><figure class=\"swiper-slide-inner\"><img decoding=\"async\" class=\"swiper-slide-image\" src=\"https:\/\/taquaryfilmes.com.br\/wp-content\/uploads\/2025\/05\/IMG_7303-1.jpg\" alt=\"IMG_7303\" \/><\/figure><\/div><div class=\"swiper-slide\" role=\"group\" aria-roledescription=\"slide\" aria-label=\"3 de 5\"><figure class=\"swiper-slide-inner\"><img decoding=\"async\" class=\"swiper-slide-image\" src=\"https:\/\/taquaryfilmes.com.br\/wp-content\/uploads\/2025\/05\/IMG_7310-1.jpg\" alt=\"IMG_7310\" \/><\/figure><\/div><div class=\"swiper-slide\" role=\"group\" aria-roledescription=\"slide\" aria-label=\"4 de 5\"><figure class=\"swiper-slide-inner\"><img decoding=\"async\" class=\"swiper-slide-image\" src=\"https:\/\/taquaryfilmes.com.br\/wp-content\/uploads\/2025\/05\/IMG_7316-1.jpg\" alt=\"IMG_7316\" \/><\/figure><\/div><div class=\"swiper-slide\" role=\"group\" aria-roledescription=\"slide\" aria-label=\"5 de 5\"><figure class=\"swiper-slide-inner\"><img decoding=\"async\" class=\"swiper-slide-image\" src=\"https:\/\/taquaryfilmes.com.br\/wp-content\/uploads\/2025\/05\/IMG_7316222-1.jpg\" alt=\"IMG_7316222\" \/><\/figure><\/div>\t\t\t<\/div>\n\t\t\t\t\t\t\t\n\t\t\t\t\t\t\t\t\t<\/div>\n\t\t\t\t\t\t<\/div>\n\t\t\t\t<\/div>\n\t\t\t\t<\/div>\n\t\t\t\t<\/div>","protected":false},"excerpt":{"rendered":"<p>&#8220;Moagem&#8221;BRASIL, 4K, 80min, Document\u00e1rio, Portugu\u00easProdu\u00e7\u00e3o: Cai\u00e7ara Filmes, Filmes Urgentes e Taquary Filmes IMDb CLICK AQUI PARA VISUALIZAR O ONE-SHEET SINOPSE Entre m\u00e1quinas a vapor e novas tecnologias, conhecemos Zizinha, um guardi\u00e3o que mant\u00e9m viva a produ\u00e7\u00e3o de rapadura no Engenho Cedro dos Luiz. Moagem \u00e9 uma viagem po\u00e9tica pelo passado e presente da produ\u00e7\u00e3o de [&hellip;]<\/p>\n","protected":false},"author":1,"featured_media":0,"parent":0,"menu_order":0,"comment_status":"closed","ping_status":"closed","template":"","meta":{"_joinchat":[],"footnotes":""},"class_list":["post-1012","page","type-page","status-publish","hentry"],"aioseo_notices":[],"_links":{"self":[{"href":"https:\/\/taquaryfilmes.com.br\/en\/wp-json\/wp\/v2\/pages\/1012","targetHints":{"allow":["GET"]}}],"collection":[{"href":"https:\/\/taquaryfilmes.com.br\/en\/wp-json\/wp\/v2\/pages"}],"about":[{"href":"https:\/\/taquaryfilmes.com.br\/en\/wp-json\/wp\/v2\/types\/page"}],"author":[{"embeddable":true,"href":"https:\/\/taquaryfilmes.com.br\/en\/wp-json\/wp\/v2\/users\/1"}],"replies":[{"embeddable":true,"href":"https:\/\/taquaryfilmes.com.br\/en\/wp-json\/wp\/v2\/comments?post=1012"}],"version-history":[{"count":118,"href":"https:\/\/taquaryfilmes.com.br\/en\/wp-json\/wp\/v2\/pages\/1012\/revisions"}],"predecessor-version":[{"id":1927,"href":"https:\/\/taquaryfilmes.com.br\/en\/wp-json\/wp\/v2\/pages\/1012\/revisions\/1927"}],"wp:attachment":[{"href":"https:\/\/taquaryfilmes.com.br\/en\/wp-json\/wp\/v2\/media?parent=1012"}],"curies":[{"name":"wp","href":"https:\/\/api.w.org\/{rel}","templated":true}]}}