{"id":1257,"date":"2025-04-27T22:08:05","date_gmt":"2025-04-28T01:08:05","guid":{"rendered":"https:\/\/taquaryfilmes.com.br\/?page_id=1257"},"modified":"2025-11-24T13:58:27","modified_gmt":"2025-11-24T16:58:27","slug":"home-copy","status":"publish","type":"page","link":"https:\/\/taquaryfilmes.com.br\/en\/","title":{"rendered":"Home"},"content":{"rendered":"\t\t<div data-elementor-type=\"wp-page\" data-elementor-id=\"1257\" class=\"elementor elementor-1257\">\n\t\t\t\t<div class=\"elementor-element elementor-element-61fcd3e e-flex e-con-boxed e-con e-parent\" data-id=\"61fcd3e\" data-element_type=\"container\" data-e-type=\"container\" data-settings=\"{&quot;background_background&quot;:&quot;slideshow&quot;,&quot;background_slideshow_gallery&quot;:[{&quot;id&quot;:721,&quot;url&quot;:&quot;http:\\\/\\\/taquaryfilmes.com.br\\\/wp-content\\\/uploads\\\/2024\\\/09\\\/1-3.png&quot;},{&quot;id&quot;:724,&quot;url&quot;:&quot;http:\\\/\\\/taquaryfilmes.com.br\\\/wp-content\\\/uploads\\\/2024\\\/09\\\/4-3.png&quot;},{&quot;id&quot;:722,&quot;url&quot;:&quot;http:\\\/\\\/taquaryfilmes.com.br\\\/wp-content\\\/uploads\\\/2024\\\/09\\\/2-3.png&quot;},{&quot;id&quot;:723,&quot;url&quot;:&quot;http:\\\/\\\/taquaryfilmes.com.br\\\/wp-content\\\/uploads\\\/2024\\\/09\\\/3-3.png&quot;}],&quot;background_slideshow_loop&quot;:&quot;yes&quot;,&quot;background_slideshow_slide_duration&quot;:5000,&quot;background_slideshow_slide_transition&quot;:&quot;fade&quot;,&quot;background_slideshow_transition_duration&quot;:500}\">\n\t\t\t\t\t<div class=\"e-con-inner\">\n\t\t\t\t\t<\/div>\n\t\t\t\t<\/div>\n\t\t<div class=\"elementor-element elementor-element-46b32a7 e-flex e-con-boxed e-con e-parent\" data-id=\"46b32a7\" data-element_type=\"container\" data-e-type=\"container\">\n\t\t\t\t\t<div class=\"e-con-inner\">\n\t\t\t\t<div class=\"elementor-element elementor-element-792cab8 elementor-widget elementor-widget-image-carousel\" data-id=\"792cab8\" data-element_type=\"widget\" data-e-type=\"widget\" data-settings=\"{&quot;slides_to_show&quot;:&quot;1&quot;,&quot;navigation&quot;:&quot;none&quot;,&quot;effect&quot;:&quot;fade&quot;,&quot;autoplay&quot;:&quot;yes&quot;,&quot;autoplay_speed&quot;:5000,&quot;infinite&quot;:&quot;yes&quot;,&quot;speed&quot;:500}\" data-widget_type=\"image-carousel.default\">\n\t\t\t\t<div class=\"elementor-widget-container\">\n\t\t\t\t\t\t\t<div class=\"elementor-image-carousel-wrapper swiper\" role=\"region\" aria-roledescription=\"carousel\" aria-label=\"Carrossel de imagens\" dir=\"ltr\">\n\t\t\t<div class=\"elementor-image-carousel swiper-wrapper\" aria-live=\"off\">\n\t\t\t\t\t\t\t\t<div class=\"swiper-slide\" role=\"group\" aria-roledescription=\"slide\" aria-label=\"1 of 4\"><figure class=\"swiper-slide-inner\"><img decoding=\"async\" class=\"swiper-slide-image\" src=\"https:\/\/taquaryfilmes.com.br\/wp-content\/uploads\/2024\/09\/regua-cabocolino-1.png\" alt=\"regua cabocolino\" \/><\/figure><\/div><div class=\"swiper-slide\" role=\"group\" aria-roledescription=\"slide\" aria-label=\"2 of 4\"><figure class=\"swiper-slide-inner\"><img decoding=\"async\" class=\"swiper-slide-image\" src=\"https:\/\/taquaryfilmes.com.br\/wp-content\/uploads\/2024\/09\/regua-repulsa-1.png\" alt=\"regua repulsa\" \/><\/figure><\/div><div class=\"swiper-slide\" role=\"group\" aria-roledescription=\"slide\" aria-label=\"3 of 4\"><figure class=\"swiper-slide-inner\"><img decoding=\"async\" class=\"swiper-slide-image\" src=\"https:\/\/taquaryfilmes.com.br\/wp-content\/uploads\/2024\/09\/regua-a-moca-que-dancou-com-o-diabo.png\" alt=\"regua a moca que dancou com o diabo\" \/><\/figure><\/div><div class=\"swiper-slide\" role=\"group\" aria-roledescription=\"slide\" aria-label=\"4 of 4\"><figure class=\"swiper-slide-inner\"><img decoding=\"async\" class=\"swiper-slide-image\" src=\"https:\/\/taquaryfilmes.com.br\/wp-content\/uploads\/2024\/09\/regua-cine-aurelio-3.png\" alt=\"regua cine aurelio\" \/><\/figure><\/div>\t\t\t<\/div>\n\t\t\t\t\t\t\t\n\t\t\t\t\t\t\t\t\t<\/div>\n\t\t\t\t\t\t<\/div>\n\t\t\t\t<\/div>\n\t\t\t\t\t<\/div>\n\t\t\t\t<\/div>\n\t\t<div class=\"elementor-element elementor-element-5e1141d e-flex e-con-boxed e-con e-parent\" data-id=\"5e1141d\" data-element_type=\"container\" data-e-type=\"container\">\n\t\t\t\t\t<div class=\"e-con-inner\">\n\t\t\t\t<div class=\"elementor-element elementor-element-66ce292 elementor-widget elementor-widget-text-editor\" data-id=\"66ce292\" data-element_type=\"widget\" data-e-type=\"widget\" data-widget_type=\"text-editor.default\">\n\t\t\t\t<div class=\"elementor-widget-container\">\n\t\t\t\t\t\t\t\t\t<p>Somos uma produtora audiovisual do Estado de Pernambuco, nordeste do Brasil, que atua desde 2011 na forma\u00e7\u00e3o, difus\u00e3o e produ\u00e7\u00e3o de obras de curtas, longas e produtos para tv. Nossas obras foram exibidas em mais de 100 festivais e mostras nacionais e internacionais entre elas destacam-se as competitivas: Cannes, Biarritz (Fran\u00e7a), Busan (Cor\u00e9ia do Sul), Havana (Cuba), Bras\u00edlia (DF), Gramado (RS), Curta Cinema (RJ) e Tiradentes (MG). Nossos trabalhos em difus\u00e3o destacam-se as edi\u00e7\u00f5es dos festivais: Curta Taquary \u2013 Festival Internacional de Curta Metragem, Mostra Poesia na Tela e Criancine \u2013 Festival de Cinema Infanto \u2013 Juvenil, onde exibimos cerca de 1.900 obras para um p\u00fablico superior a 200 mil pessoas em 12 cidades do nosso Estado.<\/p><p>Atuamos, tamb\u00e9m, em a\u00e7\u00f5es de reflorestamento e recupera\u00e7\u00e3o de \u00e1reas desmatadas nos biomas Caatinga, Brejo de Altitude e Mata Atl\u00e2ntica, al\u00e9m de recomposi\u00e7\u00e3o de matas ciliares do Rio Capibaribe.<\/p>\t\t\t\t\t\t\t\t<\/div>\n\t\t\t\t<\/div>\n\t\t\t\t\t<\/div>\n\t\t\t\t<\/div>\n\t\t<div class=\"elementor-element elementor-element-685d611 e-flex e-con-boxed e-con e-parent\" data-id=\"685d611\" data-element_type=\"container\" data-e-type=\"container\">\n\t\t\t\t\t<div class=\"e-con-inner\">\n\t\t<div class=\"elementor-element elementor-element-b3d351e e-con-full e-flex e-con e-child\" data-id=\"b3d351e\" data-element_type=\"container\" data-e-type=\"container\">\n\t\t<div class=\"elementor-element elementor-element-b6e90ad e-con-full e-flex e-con e-child\" data-id=\"b6e90ad\" data-element_type=\"container\" data-e-type=\"container\">\n\t\t\t\t<div class=\"elementor-element elementor-element-0912341 elementor-widget elementor-widget-image\" data-id=\"0912341\" data-element_type=\"widget\" data-e-type=\"widget\" data-widget_type=\"image.default\">\n\t\t\t\t<div class=\"elementor-widget-container\">\n\t\t\t\t\t\t\t\t\t\t\t\t\t\t\t<img fetchpriority=\"high\" decoding=\"async\" width=\"540\" height=\"363\" src=\"https:\/\/taquaryfilmes.com.br\/wp-content\/uploads\/2025\/04\/REPULSA01.jpg\" class=\"attachment-large size-large wp-image-1295\" alt=\"\" srcset=\"https:\/\/taquaryfilmes.com.br\/wp-content\/uploads\/2025\/04\/REPULSA01.jpg 540w, https:\/\/taquaryfilmes.com.br\/wp-content\/uploads\/2025\/04\/REPULSA01-300x202.jpg 300w, https:\/\/taquaryfilmes.com.br\/wp-content\/uploads\/2025\/04\/REPULSA01-18x12.jpg 18w\" sizes=\"(max-width: 540px) 100vw, 540px\" \/>\t\t\t\t\t\t\t\t\t\t\t\t\t\t\t<\/div>\n\t\t\t\t<\/div>\n\t\t\t\t<\/div>\n\t\t<div class=\"elementor-element elementor-element-41f115f e-con-full e-flex e-con e-child\" data-id=\"41f115f\" data-element_type=\"container\" data-e-type=\"container\">\n\t\t\t\t<div class=\"elementor-element elementor-element-c98fdf0 elementor-widget elementor-widget-image\" data-id=\"c98fdf0\" data-element_type=\"widget\" data-e-type=\"widget\" data-widget_type=\"image.default\">\n\t\t\t\t<div class=\"elementor-widget-container\">\n\t\t\t\t\t\t\t\t\t\t\t\t\t\t\t<img decoding=\"async\" width=\"700\" height=\"469\" src=\"https:\/\/taquaryfilmes.com.br\/wp-content\/uploads\/2024\/08\/TEMP-CABOCOLINO.png\" class=\"attachment-large size-large wp-image-410\" alt=\"\" srcset=\"https:\/\/taquaryfilmes.com.br\/wp-content\/uploads\/2024\/08\/TEMP-CABOCOLINO.png 700w, https:\/\/taquaryfilmes.com.br\/wp-content\/uploads\/2024\/08\/TEMP-CABOCOLINO-300x201.png 300w\" sizes=\"(max-width: 700px) 100vw, 700px\" \/>\t\t\t\t\t\t\t\t\t\t\t\t\t\t\t<\/div>\n\t\t\t\t<\/div>\n\t\t\t\t<\/div>\n\t\t\t\t<\/div>\n\t\t\t\t\t<\/div>\n\t\t\t\t<\/div>\n\t\t<div class=\"elementor-element elementor-element-5befe1b e-flex e-con-boxed e-con e-parent\" data-id=\"5befe1b\" data-element_type=\"container\" data-e-type=\"container\">\n\t\t\t\t\t<div class=\"e-con-inner\">\n\t\t\t\t<div class=\"elementor-element elementor-element-a26cc04 elementor-widget elementor-widget-text-editor\" data-id=\"a26cc04\" data-element_type=\"widget\" data-e-type=\"widget\" data-widget_type=\"text-editor.default\">\n\t\t\t\t<div class=\"elementor-widget-container\">\n\t\t\t\t\t\t\t\t\t<p>Em Forma\u00e7\u00e3o, produzimos 04 oficinas do Projeto Caravana Criancine nas cidades de Taquaritinga do Norte, Garanhuns, Brejo da Madre de Deus (agreste) e Tabira (Sert\u00e3o) com resultado de 04 document\u00e1rios etnogr\u00e1ficos: Gangarras do Bandeira, Tabira em Poesia, Castainho Identidades e Bacamarteiros do Ing\u00e1, exibidos em festivais e na TVPE ; e com o Projeto DocLab (2021) formamos 70 jovens de v\u00e1rios Estados brasileiros e realizamos os document\u00e1rios Normandia, Cine Aur\u00e9lio e Taquaritinga e o vento do Norte.<\/p><p>Na produ\u00e7\u00e3o audiovisual produzimos os longas Onde Borges tudo v\u00ea (2012), Ferrolho (2013) e Pingo D\u2019\u00e1gua (2014) da Trilogia Cinza de Taciano Val\u00e9rio, exibidos nas competi\u00e7\u00f5es da 16a Mostra de Tiradentes e 47o Festival de Cinema de Bras\u00edlia. Atualmente estamos na produ\u00e7\u00e3o do longa-metragem escrito e dirigido por Eduardo Morot\u00f3, Todos Esses Dias Em Que Sou Estrangeiro.<\/p><p>Produzimos os curtas Fogo-Pagou (2012)- Pr\u00eamio Itamaraty para curta metragem brasileiro (Kinoforum) e Capela (2014) &#8211; Melhor Curta \u2013 Mostra Sert\u00f5es \u2013 Festival de Cinema de Triunfo ambos de Ramon Batista; Coproduzimos A mo\u00e7a que dan\u00e7ou com o diabo (2016) de Jo\u00e3o Paulo Miranda Maria, Men\u00e7\u00e3o honrosa no 69o Festival de Cannes e exibido em diversos festivais: Nova York, Havana, Curitiba entre outros. Em 2017 rodamos em 16mm o filme Repulsa de Eduardo Morot\u00f3 &#8211; Selecionado nos festivais: 27o Festival de Biarritz Am\u00e9rica Latina (Fran\u00e7a), 35o BISFF \u2013 Busan International Short Film Festival (Cor\u00e9ia do Sul), 12o Festival de Cine Polo Sur Latinoamericano (Chile) Men\u00e7\u00e3o Honrosa, 7o Antofacine &#8211; Festival internacional de Cine de Antofagasta (Chile) 27o Curta Cinema (RJ); 19o FestCine (PE); 21o Festival de Tiradentes (MG) entre outros. Produzimos o curta Dos filhos deste solo \u00e9s M\u00e3e de Antonio Fargoni (2019), selecionado nos festivais: Cinema Ciudad de M\u00e9xico &#8211; Festival Latinoamericano de Cine (M\u00e9xico), 13o Festival de Cine Polo Sur Latinoamericano (Chile), 12o CineToro (Col\u00f4mbia). Em 2021 produzimos o m\u00e9dia metragem em 16mm Sonhos de Chico Lacerda e o premiado document\u00e1rio Cabocolino de Jo\u00e3o Marcelo sobre a vida do mestre de caboclinhos Jo\u00e3o de Cordeira.<\/p><p>At\u00e9 o momento plantamos 4.000 mudas nativas em a\u00e7\u00f5es de reflorestamento e recupera\u00e7\u00e3o de \u00e1reas desmatadas nos biomas Caatinga, Brejo de altitude e Mata Atl\u00e2ntica, al\u00e9m de recomposi\u00e7\u00e3o de matas ciliares do Rio Capibaribe.<\/p>\t\t\t\t\t\t\t\t<\/div>\n\t\t\t\t<\/div>\n\t\t\t\t\t<\/div>\n\t\t\t\t<\/div>\n\t\t<div class=\"elementor-element elementor-element-09354f6 e-flex e-con-boxed e-con e-parent\" data-id=\"09354f6\" data-element_type=\"container\" data-e-type=\"container\">\n\t\t\t\t\t<div class=\"e-con-inner\">\n\t\t<div class=\"elementor-element elementor-element-6f99bfe e-con-full e-flex e-con e-child\" data-id=\"6f99bfe\" data-element_type=\"container\" data-e-type=\"container\">\n\t\t\t\t<div class=\"elementor-element elementor-element-ed0344a elementor-align-center elementor-mobile-align-center elementor-widget elementor-widget-button\" data-id=\"ed0344a\" data-element_type=\"widget\" data-e-type=\"widget\" data-widget_type=\"button.default\">\n\t\t\t\t<div class=\"elementor-widget-container\">\n\t\t\t\t\t\t\t\t\t<div class=\"elementor-button-wrapper\">\n\t\t\t\t\t<a class=\"elementor-button elementor-button-link elementor-size-sm\" href=\"https:\/\/taquaryfilmes.com.br\/producoes\/\">\n\t\t\t\t\t\t<span class=\"elementor-button-content-wrapper\">\n\t\t\t\t\t\t<span class=\"elementor-button-icon\">\n\t\t\t\t<svg aria-hidden=\"true\" class=\"e-font-icon-svg e-fas-film\" viewBox=\"0 0 512 512\" xmlns=\"http:\/\/www.w3.org\/2000\/svg\"><path d=\"M488 64h-8v20c0 6.6-5.4 12-12 12h-40c-6.6 0-12-5.4-12-12V64H96v20c0 6.6-5.4 12-12 12H44c-6.6 0-12-5.4-12-12V64h-8C10.7 64 0 74.7 0 88v336c0 13.3 10.7 24 24 24h8v-20c0-6.6 5.4-12 12-12h40c6.6 0 12 5.4 12 12v20h320v-20c0-6.6 5.4-12 12-12h40c6.6 0 12 5.4 12 12v20h8c13.3 0 24-10.7 24-24V88c0-13.3-10.7-24-24-24zM96 372c0 6.6-5.4 12-12 12H44c-6.6 0-12-5.4-12-12v-40c0-6.6 5.4-12 12-12h40c6.6 0 12 5.4 12 12v40zm0-96c0 6.6-5.4 12-12 12H44c-6.6 0-12-5.4-12-12v-40c0-6.6 5.4-12 12-12h40c6.6 0 12 5.4 12 12v40zm0-96c0 6.6-5.4 12-12 12H44c-6.6 0-12-5.4-12-12v-40c0-6.6 5.4-12 12-12h40c6.6 0 12 5.4 12 12v40zm272 208c0 6.6-5.4 12-12 12H156c-6.6 0-12-5.4-12-12v-96c0-6.6 5.4-12 12-12h200c6.6 0 12 5.4 12 12v96zm0-168c0 6.6-5.4 12-12 12H156c-6.6 0-12-5.4-12-12v-96c0-6.6 5.4-12 12-12h200c6.6 0 12 5.4 12 12v96zm112 152c0 6.6-5.4 12-12 12h-40c-6.6 0-12-5.4-12-12v-40c0-6.6 5.4-12 12-12h40c6.6 0 12 5.4 12 12v40zm0-96c0 6.6-5.4 12-12 12h-40c-6.6 0-12-5.4-12-12v-40c0-6.6 5.4-12 12-12h40c6.6 0 12 5.4 12 12v40zm0-96c0 6.6-5.4 12-12 12h-40c-6.6 0-12-5.4-12-12v-40c0-6.6 5.4-12 12-12h40c6.6 0 12 5.4 12 12v40z\"><\/path><\/svg>\t\t\t<\/span>\n\t\t\t\t\t\t\t\t\t<span class=\"elementor-button-text\">Projetos<\/span>\n\t\t\t\t\t<\/span>\n\t\t\t\t\t<\/a>\n\t\t\t\t<\/div>\n\t\t\t\t\t\t\t\t<\/div>\n\t\t\t\t<\/div>\n\t\t\t\t<\/div>\n\t\t<div class=\"elementor-element elementor-element-a0dc989 e-con-full e-flex e-con e-child\" data-id=\"a0dc989\" data-element_type=\"container\" data-e-type=\"container\">\n\t\t\t\t<\/div>\n\t\t\t\t\t<\/div>\n\t\t\t\t<\/div>\n\t\t\t\t<\/div>\n\t\t","protected":false},"excerpt":{"rendered":"<p>Somos uma produtora audiovisual do Estado de Pernambuco, nordeste do Brasil, que atua desde 2011 na forma\u00e7\u00e3o, difus\u00e3o e produ\u00e7\u00e3o de obras de curtas, longas e produtos para tv. Nossas obras foram exibidas em mais de 100 festivais e mostras nacionais e internacionais entre elas destacam-se as competitivas: Cannes, Biarritz (Fran\u00e7a), Busan (Cor\u00e9ia do Sul), [&hellip;]<\/p>\n","protected":false},"author":1,"featured_media":0,"parent":0,"menu_order":0,"comment_status":"closed","ping_status":"closed","template":"elementor_header_footer","meta":{"_joinchat":[],"footnotes":""},"class_list":["post-1257","page","type-page","status-publish","hentry"],"aioseo_notices":[],"_links":{"self":[{"href":"https:\/\/taquaryfilmes.com.br\/en\/wp-json\/wp\/v2\/pages\/1257","targetHints":{"allow":["GET"]}}],"collection":[{"href":"https:\/\/taquaryfilmes.com.br\/en\/wp-json\/wp\/v2\/pages"}],"about":[{"href":"https:\/\/taquaryfilmes.com.br\/en\/wp-json\/wp\/v2\/types\/page"}],"author":[{"embeddable":true,"href":"https:\/\/taquaryfilmes.com.br\/en\/wp-json\/wp\/v2\/users\/1"}],"replies":[{"embeddable":true,"href":"https:\/\/taquaryfilmes.com.br\/en\/wp-json\/wp\/v2\/comments?post=1257"}],"version-history":[{"count":64,"href":"https:\/\/taquaryfilmes.com.br\/en\/wp-json\/wp\/v2\/pages\/1257\/revisions"}],"predecessor-version":[{"id":2050,"href":"https:\/\/taquaryfilmes.com.br\/en\/wp-json\/wp\/v2\/pages\/1257\/revisions\/2050"}],"wp:attachment":[{"href":"https:\/\/taquaryfilmes.com.br\/en\/wp-json\/wp\/v2\/media?parent=1257"}],"curies":[{"name":"wp","href":"https:\/\/api.w.org\/{rel}","templated":true}]}}