{"id":1350,"date":"2025-05-03T14:58:28","date_gmt":"2025-05-03T17:58:28","guid":{"rendered":"https:\/\/taquaryfilmes.com.br\/?page_id=1350"},"modified":"2025-07-22T10:43:08","modified_gmt":"2025-07-22T13:43:08","slug":"vagalumes-no-escuro","status":"publish","type":"page","link":"https:\/\/taquaryfilmes.com.br\/en\/vagalumes-no-escuro\/","title":{"rendered":"Vagalumes no escuro"},"content":{"rendered":"<div data-elementor-type=\"wp-page\" data-elementor-id=\"1350\" class=\"elementor elementor-1350\">\n\t\t\t\t<div class=\"elementor-element elementor-element-aef6032 e-flex e-con-boxed e-con e-parent\" data-id=\"aef6032\" data-element_type=\"container\" data-e-type=\"container\">\n\t\t\t\t\t<div class=\"e-con-inner\">\n\t\t\t\t<div class=\"elementor-element elementor-element-83a2780 elementor-widget elementor-widget-image\" data-id=\"83a2780\" data-element_type=\"widget\" data-e-type=\"widget\" data-widget_type=\"image.default\">\n\t\t\t\t<div class=\"elementor-widget-container\">\n\t\t\t\t\t\t\t\t\t\t\t\t\t\t\t<img fetchpriority=\"high\" decoding=\"async\" width=\"750\" height=\"500\" src=\"https:\/\/taquaryfilmes.com.br\/wp-content\/uploads\/2025\/05\/Vagalumes-projtos.jpg\" class=\"attachment-large size-large wp-image-1660\" alt=\"\" srcset=\"https:\/\/taquaryfilmes.com.br\/wp-content\/uploads\/2025\/05\/Vagalumes-projtos.jpg 750w, https:\/\/taquaryfilmes.com.br\/wp-content\/uploads\/2025\/05\/Vagalumes-projtos-300x200.jpg 300w, https:\/\/taquaryfilmes.com.br\/wp-content\/uploads\/2025\/05\/Vagalumes-projtos-18x12.jpg 18w\" sizes=\"(max-width: 750px) 100vw, 750px\" \/>\t\t\t\t\t\t\t\t\t\t\t\t\t\t\t<\/div>\n\t\t\t\t<\/div>\n\t\t\t\t\t<\/div>\n\t\t\t\t<\/div>\n\t\t<div class=\"elementor-element elementor-element-bd8ee63 e-flex e-con-boxed e-con e-parent\" data-id=\"bd8ee63\" data-element_type=\"container\" data-e-type=\"container\">\n\t\t\t\t\t<div class=\"e-con-inner\">\n\t\t\t\t<div class=\"elementor-element elementor-element-4ad6d61 elementor-widget elementor-widget-text-editor\" data-id=\"4ad6d61\" data-element_type=\"widget\" data-e-type=\"widget\" data-widget_type=\"text-editor.default\">\n\t\t\t\t<div class=\"elementor-widget-container\">\n\t\t\t\t\t\t\t\t\t<p style=\"text-align: center;\">\"Fireflies in the Dark\"<br \/>BRAZIL, 4k, 80min, Hibridy, Portuguese<br \/>Production Company: ICIMM, Toco Filmes, \u00c1gora Produ\u00e7\u00f5es<br \/>Coproduction: Taquary Filmes<\/p>\t\t\t\t\t\t\t\t<\/div>\n\t\t\t\t<\/div>\n\t\t\t\t\t<\/div>\n\t\t\t\t<\/div>\n\t\t<div class=\"elementor-element elementor-element-93e25ef e-flex e-con-boxed e-con e-parent\" data-id=\"93e25ef\" data-element_type=\"container\" data-e-type=\"container\" data-settings=\"{&quot;background_background&quot;:&quot;classic&quot;}\">\n\t\t\t\t\t<div class=\"e-con-inner\">\n\t\t\t\t<div class=\"elementor-element elementor-element-42312b7 elementor-widget elementor-widget-heading\" data-id=\"42312b7\" data-element_type=\"widget\" data-e-type=\"widget\" data-widget_type=\"heading.default\">\n\t\t\t\t<div class=\"elementor-widget-container\">\n\t\t\t\t\t<h2 class=\"elementor-heading-title elementor-size-default\"><a href=\"https:\/\/taquaryfilmes.com.br\/wp-content\/uploads\/2025\/05\/one-sheet-vagalumes-no-escuro.pdf\" target=\"_blank\">CLICK HERE TO VIEW THE ONE-SHEET FILE<\/a><\/h2>\t\t\t\t<\/div>\n\t\t\t\t<\/div>\n\t\t\t\t\t<\/div>\n\t\t\t\t<\/div>\n\t\t<div class=\"elementor-element elementor-element-40e1d0f e-flex e-con-boxed e-con e-parent\" data-id=\"40e1d0f\" data-element_type=\"container\" data-e-type=\"container\">\n\t\t\t\t\t<div class=\"e-con-inner\">\n\t\t<div class=\"elementor-element elementor-element-d15eb5c e-con-full e-flex e-con e-child\" data-id=\"d15eb5c\" data-element_type=\"container\" data-e-type=\"container\">\n\t\t\t\t<div class=\"elementor-element elementor-element-e92621b elementor-widget elementor-widget-heading\" data-id=\"e92621b\" data-element_type=\"widget\" data-e-type=\"widget\" data-widget_type=\"heading.default\">\n\t\t\t\t<div class=\"elementor-widget-container\">\n\t\t\t\t\t<h2 class=\"elementor-heading-title elementor-size-default\">SYNOPSIS<\/h2>\t\t\t\t<\/div>\n\t\t\t\t<\/div>\n\t\t\t\t<\/div>\n\t\t<div class=\"elementor-element elementor-element-919c89b e-con-full e-flex e-con e-child\" data-id=\"919c89b\" data-element_type=\"container\" data-e-type=\"container\">\n\t\t\t\t<div class=\"elementor-element elementor-element-993c61c elementor-widget elementor-widget-text-editor\" data-id=\"993c61c\" data-element_type=\"widget\" data-e-type=\"widget\" data-widget_type=\"text-editor.default\">\n\t\t\t\t<div class=\"elementor-widget-container\">\n\t\t\t\t\t\t\t\t\t<p class=\"\" data-start=\"275\" data-end=\"690\">In a small Brazilian town preparing its annual Passion Play, a new director casts a Black TV star as Jesus. His presence disrupts local traditions and provokes resistance \u2014 especially from the white actor who played Jesus the year before. As rehearsals unfold amid tension, gossip and faith, the two actors develop an unexpected bond, turning a sacred ritual into a rebellious performance about race, legacy and redemption.<\/p>\t\t\t\t\t\t\t\t<\/div>\n\t\t\t\t<\/div>\n\t\t\t\t<\/div>\n\t\t\t\t\t<\/div>\n\t\t\t\t<\/div>\n\t\t<div class=\"elementor-element elementor-element-7e49404 e-flex e-con-boxed e-con e-parent\" data-id=\"7e49404\" data-element_type=\"container\" data-e-type=\"container\">\n\t\t\t\t\t<div class=\"e-con-inner\">\n\t\t\t\t<div class=\"elementor-element elementor-element-91d09b6 elementor-widget elementor-widget-image\" data-id=\"91d09b6\" data-element_type=\"widget\" data-e-type=\"widget\" data-widget_type=\"image.default\">\n\t\t\t\t<div class=\"elementor-widget-container\">\n\t\t\t\t\t\t\t\t\t\t\t\t\t\t\t<img decoding=\"async\" width=\"222\" height=\"300\" src=\"https:\/\/taquaryfilmes.com.br\/wp-content\/uploads\/2025\/05\/Tiago-A-Neves-01_23_20-222x300.jpg\" class=\"attachment-medium size-medium wp-image-1359\" alt=\"\" srcset=\"https:\/\/taquaryfilmes.com.br\/wp-content\/uploads\/2025\/05\/Tiago-A-Neves-01_23_20-222x300.jpg 222w, https:\/\/taquaryfilmes.com.br\/wp-content\/uploads\/2025\/05\/Tiago-A-Neves-01_23_20-9x12.jpg 9w, https:\/\/taquaryfilmes.com.br\/wp-content\/uploads\/2025\/05\/Tiago-A-Neves-01_23_20.jpg 532w\" sizes=\"(max-width: 222px) 100vw, 222px\" \/>\t\t\t\t\t\t\t\t\t\t\t\t\t\t\t<\/div>\n\t\t\t\t<\/div>\n\t\t\t\t\t<\/div>\n\t\t\t\t<\/div>\n\t\t<div class=\"elementor-element elementor-element-81c2b6a e-flex e-con-boxed e-con e-parent\" data-id=\"81c2b6a\" data-element_type=\"container\" data-e-type=\"container\">\n\t\t\t\t\t<div class=\"e-con-inner\">\n\t\t<div class=\"elementor-element elementor-element-675e23a e-con-full e-flex e-con e-child\" data-id=\"675e23a\" data-element_type=\"container\" data-e-type=\"container\">\n\t\t\t\t<div class=\"elementor-element elementor-element-1e978df elementor-widget elementor-widget-heading\" data-id=\"1e978df\" data-element_type=\"widget\" data-e-type=\"widget\" data-widget_type=\"heading.default\">\n\t\t\t\t<div class=\"elementor-widget-container\">\n\t\t\t\t\t<h2 class=\"elementor-heading-title elementor-size-default\">TIAGO A. NEVES<\/h2>\t\t\t\t<\/div>\n\t\t\t\t<\/div>\n\t\t\t\t<\/div>\n\t\t<div class=\"elementor-element elementor-element-90e90dd e-con-full e-flex e-con e-child\" data-id=\"90e90dd\" data-element_type=\"container\" data-e-type=\"container\">\n\t\t\t\t<div class=\"elementor-element elementor-element-8ad15c0 elementor-widget elementor-widget-heading\" data-id=\"8ad15c0\" data-element_type=\"widget\" data-e-type=\"widget\" data-widget_type=\"heading.default\">\n\t\t\t\t<div class=\"elementor-widget-container\">\n\t\t\t\t\t<h2 class=\"elementor-heading-title elementor-size-default\">DIRECTOR AND SCREENWRITER<\/h2>\t\t\t\t<\/div>\n\t\t\t\t<\/div>\n\t\t\t\t<\/div>\n\t\t\t\t\t<\/div>\n\t\t\t\t<\/div>\n\t\t<div class=\"elementor-element elementor-element-62ea69b e-flex e-con-boxed e-con e-parent\" data-id=\"62ea69b\" data-element_type=\"container\" data-e-type=\"container\">\n\t\t\t\t\t<div class=\"e-con-inner\">\n\t\t<div class=\"elementor-element elementor-element-9223918 e-con-full e-flex e-con e-child\" data-id=\"9223918\" data-element_type=\"container\" data-e-type=\"container\">\n\t\t\t\t<div class=\"elementor-element elementor-element-215bd7a elementor-widget elementor-widget-text-editor\" data-id=\"215bd7a\" data-element_type=\"widget\" data-e-type=\"widget\" data-widget_type=\"text-editor.default\">\n\t\t\t\t<div class=\"elementor-widget-container\">\n\t\t\t\t\t\t\t\t\t<p>Tiago A. Neves is a Brazilian filmmaker whose work focuses on collaboration, territory, and social engagement. His recent short films include Quit\u00e9ria (2019), awarded Best Para\u00edba Short at Fest Aruanda and selected for the Los Angeles Brazilian Film Festival, and Remoinho (2019), which screened at major Brazilian festivals such as Festival de Gramado, Mostra de Cinema de Tiradentes, and CineOP-MG, winning nine awards at Curta Taquary.<\/p><p>Tiago is the creator of several initiatives aimed at fostering independent and peripheral cinema in Brazil. He founded Cine Teste, a collaborative network for filmmakers, producers, and screenwriters; Hora Curta, promoting community-based filmmaking in the outskirts; and is one of the creators of the Movimento Cinema Instant\u00e2neo, which produced over 21 short films in just one year. He also coordinates FestCiMM \u2013 Festival de Cinema no Meio do Mundo and CiMM \u2013 Cinema no Meio do Mundo, focused on film production across diverse territories and the collective sharing of technical and poetic expertise.<\/p>\t\t\t\t\t\t\t\t<\/div>\n\t\t\t\t<\/div>\n\t\t\t\t<\/div>\n\t\t\t\t\t<\/div>\n\t\t\t\t<\/div>\n\t\t<div class=\"elementor-element elementor-element-dfd18df e-flex e-con-boxed e-con e-parent\" data-id=\"dfd18df\" data-element_type=\"container\" data-e-type=\"container\">\n\t\t\t\t\t<div class=\"e-con-inner\">\n\t\t\t\t<div class=\"elementor-element elementor-element-00d33a0 elementor-widget elementor-widget-image\" data-id=\"00d33a0\" data-element_type=\"widget\" data-e-type=\"widget\" data-widget_type=\"image.default\">\n\t\t\t\t<div class=\"elementor-widget-container\">\n\t\t\t\t\t\t\t\t\t\t\t\t\t\t\t<img decoding=\"async\" width=\"242\" height=\"300\" src=\"https:\/\/taquaryfilmes.com.br\/wp-content\/uploads\/2025\/04\/Alexandre-1-PeB-242x300.jpg\" class=\"attachment-medium size-medium wp-image-1305\" alt=\"\" srcset=\"https:\/\/taquaryfilmes.com.br\/wp-content\/uploads\/2025\/04\/Alexandre-1-PeB-242x300.jpg 242w, https:\/\/taquaryfilmes.com.br\/wp-content\/uploads\/2025\/04\/Alexandre-1-PeB-10x12.jpg 10w, https:\/\/taquaryfilmes.com.br\/wp-content\/uploads\/2025\/04\/Alexandre-1-PeB.jpg 539w\" sizes=\"(max-width: 242px) 100vw, 242px\" \/>\t\t\t\t\t\t\t\t\t\t\t\t\t\t\t<\/div>\n\t\t\t\t<\/div>\n\t\t\t\t\t<\/div>\n\t\t\t\t<\/div>\n\t\t<div class=\"elementor-element elementor-element-dbda56b e-flex e-con-boxed e-con e-parent\" data-id=\"dbda56b\" data-element_type=\"container\" data-e-type=\"container\">\n\t\t\t\t\t<div class=\"e-con-inner\">\n\t\t<div class=\"elementor-element elementor-element-ad6cf71 e-con-full e-flex e-con e-child\" data-id=\"ad6cf71\" data-element_type=\"container\" data-e-type=\"container\">\n\t\t\t\t<div class=\"elementor-element elementor-element-3db9969 elementor-widget elementor-widget-heading\" data-id=\"3db9969\" data-element_type=\"widget\" data-e-type=\"widget\" data-widget_type=\"heading.default\">\n\t\t\t\t<div class=\"elementor-widget-container\">\n\t\t\t\t\t<h2 class=\"elementor-heading-title elementor-size-default\">ALEXANDRE SOARES<\/h2>\t\t\t\t<\/div>\n\t\t\t\t<\/div>\n\t\t\t\t<\/div>\n\t\t<div class=\"elementor-element elementor-element-a9a5667 e-con-full e-flex e-con e-child\" data-id=\"a9a5667\" data-element_type=\"container\" data-e-type=\"container\">\n\t\t\t\t<div class=\"elementor-element elementor-element-638265e elementor-widget elementor-widget-heading\" data-id=\"638265e\" data-element_type=\"widget\" data-e-type=\"widget\" data-widget_type=\"heading.default\">\n\t\t\t\t<div class=\"elementor-widget-container\">\n\t\t\t\t\t<h2 class=\"elementor-heading-title elementor-size-default\">CO-PRODUCER<\/h2>\t\t\t\t<\/div>\n\t\t\t\t<\/div>\n\t\t\t\t<\/div>\n\t\t\t\t\t<\/div>\n\t\t\t\t<\/div>\n\t\t<div class=\"elementor-element elementor-element-8a8ff17 e-flex e-con-boxed e-con e-parent\" data-id=\"8a8ff17\" data-element_type=\"container\" data-e-type=\"container\">\n\t\t\t\t\t<div class=\"e-con-inner\">\n\t\t<div class=\"elementor-element elementor-element-a5bb8af e-con-full e-flex e-con e-child\" data-id=\"a5bb8af\" data-element_type=\"container\" data-e-type=\"container\">\n\t\t\t\t<div class=\"elementor-element elementor-element-ac1a490 elementor-widget elementor-widget-text-editor\" data-id=\"ac1a490\" data-element_type=\"widget\" data-e-type=\"widget\" data-widget_type=\"text-editor.default\">\n\t\t\t\t<div class=\"elementor-widget-container\">\n\t\t\t\t\t\t\t\t\t<p style=\"text-align: left;\" align=\"justify\">Audiovisual producer, curator and director of the festivals Curta Taquary, Poesia na Tela and Criancine. He studied \u201cFilm script\u201d and \u201cCuratorship, management and network of film festivals\u201d at EICTV (Cuba). He has worked in the audiovisual industry since 2005 in the development, dissemination and production of short and feature films and TV productions. He has produced works shown in more than 100 national and international festivals and exhibitions, including: Cannes, Biarritz (France), Busan (South Korea), Havana (Cuba), Bras\u00edlia (DF), Gramado (RS) and Tiradentes (MG). He collaborated with the curatorship of the international festivals: Thessaloniki LGBTQIFF (Greece), LABRFF (USA), Hacelo Corto (Argentina), Antofadocs and Muestra Polo Sur (Chile). It works on reforestation and recovery of deforested areas in the Caatinga, Brejo de altitude and Mata Atl\u00e2ntica biomes, in addition to restoring riparian forests on the Capibaribe River.<\/p><p align=\"justify\"><a href=\"https:\/\/drive.google.com\/drive\/folders\/1dhOVsqi2k2YZbMl0e0FpT7-0Wx1Xg8y6\" target=\"_blank\" rel=\"noopener\">Check resum\u00e9<\/a><\/p><p><a href=\"https:\/\/www.imdb.com\/name\/nm9084412\/\" target=\"_blank\" rel=\"noopener\">IMDb<\/a><\/p>\t\t\t\t\t\t\t\t<\/div>\n\t\t\t\t<\/div>\n\t\t\t\t<\/div>\n\t\t\t\t\t<\/div>\n\t\t\t\t<\/div>\n\t\t<div class=\"elementor-element elementor-element-93425c5 e-con-full e-flex e-con e-parent\" data-id=\"93425c5\" data-element_type=\"container\" data-e-type=\"container\">\n\t\t\t\t<div class=\"elementor-element elementor-element-8a8c401 elementor-widget elementor-widget-image-carousel\" data-id=\"8a8c401\" data-element_type=\"widget\" data-e-type=\"widget\" data-settings=\"{&quot;slides_to_show_tablet&quot;:&quot;3&quot;,&quot;navigation&quot;:&quot;none&quot;,&quot;slides_to_show&quot;:&quot;3&quot;,&quot;slides_to_scroll&quot;:&quot;3&quot;,&quot;image_spacing_custom&quot;:{&quot;unit&quot;:&quot;px&quot;,&quot;size&quot;:6,&quot;sizes&quot;:[]},&quot;autoplay&quot;:&quot;yes&quot;,&quot;pause_on_hover&quot;:&quot;yes&quot;,&quot;pause_on_interaction&quot;:&quot;yes&quot;,&quot;autoplay_speed&quot;:5000,&quot;infinite&quot;:&quot;yes&quot;,&quot;speed&quot;:500,&quot;image_spacing_custom_tablet&quot;:{&quot;unit&quot;:&quot;px&quot;,&quot;size&quot;:&quot;&quot;,&quot;sizes&quot;:[]},&quot;image_spacing_custom_mobile&quot;:{&quot;unit&quot;:&quot;px&quot;,&quot;size&quot;:&quot;&quot;,&quot;sizes&quot;:[]}}\" data-widget_type=\"image-carousel.default\">\n\t\t\t\t<div class=\"elementor-widget-container\">\n\t\t\t\t\t\t\t<div class=\"elementor-image-carousel-wrapper swiper\" role=\"region\" aria-roledescription=\"carousel\" aria-label=\"Carrossel de imagens\" dir=\"ltr\">\n\t\t\t<div class=\"elementor-image-carousel swiper-wrapper\" aria-live=\"off\">\n\t\t\t\t\t\t\t\t<div class=\"swiper-slide\" role=\"group\" aria-roledescription=\"slide\" aria-label=\"1 de 4\"><figure class=\"swiper-slide-inner\"><img decoding=\"async\" class=\"swiper-slide-image\" src=\"https:\/\/taquaryfilmes.com.br\/wp-content\/uploads\/2025\/05\/Copia-de-1.4_sel_COPIAO_01_20250403-Copiar-01.00_49_15_23.Quadro002-1.png\" alt=\"C\u00f3pia de 1.4_sel_COPIAO_01_20250403 Copiar 01.00_49_15_23.Quadro002\" \/><\/figure><\/div><div class=\"swiper-slide\" role=\"group\" aria-roledescription=\"slide\" aria-label=\"2 de 4\"><figure class=\"swiper-slide-inner\"><img decoding=\"async\" class=\"swiper-slide-image\" src=\"https:\/\/taquaryfilmes.com.br\/wp-content\/uploads\/2025\/05\/Copia-de-3Montagem-paixao-de-cristo.01_54_31_11.Quadro001.png\" alt=\"C\u00f3pia de 3Montagem paixao de cristo.01_54_31_11.Quadro001\" \/><\/figure><\/div><div class=\"swiper-slide\" role=\"group\" aria-roledescription=\"slide\" aria-label=\"3 de 4\"><figure class=\"swiper-slide-inner\"><img decoding=\"async\" class=\"swiper-slide-image\" src=\"https:\/\/taquaryfilmes.com.br\/wp-content\/uploads\/2025\/05\/Copia-de-C0003.MP4.09_59_56_04.Quadro001.png\" alt=\"C\u00f3pia de C0003.MP4.09_59_56_04.Quadro001\" \/><\/figure><\/div><div class=\"swiper-slide\" role=\"group\" aria-roledescription=\"slide\" aria-label=\"4 de 4\"><figure class=\"swiper-slide-inner\"><img decoding=\"async\" class=\"swiper-slide-image\" src=\"https:\/\/taquaryfilmes.com.br\/wp-content\/uploads\/2025\/05\/Copia-de-C0235.MP4.19_56_54_08.Quadro001.png\" alt=\"C\u00f3pia de C0235.MP4.19_56_54_08.Quadro001\" \/><\/figure><\/div>\t\t\t<\/div>\n\t\t\t\t\t\t\t\n\t\t\t\t\t\t\t\t\t<\/div>\n\t\t\t\t\t\t<\/div>\n\t\t\t\t<\/div>\n\t\t\t\t<\/div>\n\t\t\t\t<\/div>","protected":false},"excerpt":{"rendered":"<p>&#8220;Vagalumes no escuro&#8221;BRASIL, 4K, 80min, H\u00edbrido, Portugu\u00easProdu\u00e7\u00e3o: ICIMM, Toco Filmes, \u00c1gora Produ\u00e7\u00f5esCo-produ\u00e7\u00e3o: Taquary Filmes CLICK AQUI PARA VISUALIZAR O ONE-SHEET SINOPSE Dois atores disputam o papel de Jesus em uma tradicional Paix\u00e3o de Cristo no interior do Brasil. Um \u00e9 negro, famoso, vindo da TV. O outro \u00e9 branco, local, herdeiro da tradi\u00e7\u00e3o. A rivalidade [&hellip;]<\/p>\n","protected":false},"author":1,"featured_media":0,"parent":0,"menu_order":0,"comment_status":"closed","ping_status":"closed","template":"","meta":{"_joinchat":[],"footnotes":""},"class_list":["post-1350","page","type-page","status-publish","hentry"],"aioseo_notices":[],"_links":{"self":[{"href":"https:\/\/taquaryfilmes.com.br\/en\/wp-json\/wp\/v2\/pages\/1350","targetHints":{"allow":["GET"]}}],"collection":[{"href":"https:\/\/taquaryfilmes.com.br\/en\/wp-json\/wp\/v2\/pages"}],"about":[{"href":"https:\/\/taquaryfilmes.com.br\/en\/wp-json\/wp\/v2\/types\/page"}],"author":[{"embeddable":true,"href":"https:\/\/taquaryfilmes.com.br\/en\/wp-json\/wp\/v2\/users\/1"}],"replies":[{"embeddable":true,"href":"https:\/\/taquaryfilmes.com.br\/en\/wp-json\/wp\/v2\/comments?post=1350"}],"version-history":[{"count":52,"href":"https:\/\/taquaryfilmes.com.br\/en\/wp-json\/wp\/v2\/pages\/1350\/revisions"}],"predecessor-version":[{"id":1899,"href":"https:\/\/taquaryfilmes.com.br\/en\/wp-json\/wp\/v2\/pages\/1350\/revisions\/1899"}],"wp:attachment":[{"href":"https:\/\/taquaryfilmes.com.br\/en\/wp-json\/wp\/v2\/media?parent=1350"}],"curies":[{"name":"wp","href":"https:\/\/api.w.org\/{rel}","templated":true}]}}