{"id":1372,"date":"2025-05-03T15:19:39","date_gmt":"2025-05-03T18:19:39","guid":{"rendered":"https:\/\/taquaryfilmes.com.br\/?page_id=1372"},"modified":"2025-07-22T10:46:27","modified_gmt":"2025-07-22T13:46:27","slug":"outono-em-ghotam-city","status":"publish","type":"page","link":"https:\/\/taquaryfilmes.com.br\/en\/outono-em-ghotam-city\/","title":{"rendered":"Outono em Ghotam City"},"content":{"rendered":"<div data-elementor-type=\"wp-page\" data-elementor-id=\"1372\" class=\"elementor elementor-1372\">\n\t\t\t\t<div class=\"elementor-element elementor-element-80bc603 e-flex e-con-boxed e-con e-parent\" data-id=\"80bc603\" data-element_type=\"container\" data-e-type=\"container\">\n\t\t\t\t\t<div class=\"e-con-inner\">\n\t\t\t\t<div class=\"elementor-element elementor-element-92a33ac elementor-widget elementor-widget-image\" data-id=\"92a33ac\" data-element_type=\"widget\" data-e-type=\"widget\" data-widget_type=\"image.default\">\n\t\t\t\t<div class=\"elementor-widget-container\">\n\t\t\t\t\t\t\t\t\t\t\t\t\t\t\t<img fetchpriority=\"high\" decoding=\"async\" width=\"750\" height=\"500\" src=\"https:\/\/taquaryfilmes.com.br\/wp-content\/uploads\/2025\/05\/Ghothan-projetos.jpg\" class=\"attachment-large size-large wp-image-1657\" alt=\"\" srcset=\"https:\/\/taquaryfilmes.com.br\/wp-content\/uploads\/2025\/05\/Ghothan-projetos.jpg 750w, https:\/\/taquaryfilmes.com.br\/wp-content\/uploads\/2025\/05\/Ghothan-projetos-300x200.jpg 300w, https:\/\/taquaryfilmes.com.br\/wp-content\/uploads\/2025\/05\/Ghothan-projetos-18x12.jpg 18w\" sizes=\"(max-width: 750px) 100vw, 750px\" \/>\t\t\t\t\t\t\t\t\t\t\t\t\t\t\t<\/div>\n\t\t\t\t<\/div>\n\t\t\t\t\t<\/div>\n\t\t\t\t<\/div>\n\t\t<div class=\"elementor-element elementor-element-8a79cf2 e-flex e-con-boxed e-con e-parent\" data-id=\"8a79cf2\" data-element_type=\"container\" data-e-type=\"container\">\n\t\t\t\t\t<div class=\"e-con-inner\">\n\t\t\t\t<div class=\"elementor-element elementor-element-f19bf4d elementor-widget elementor-widget-text-editor\" data-id=\"f19bf4d\" data-element_type=\"widget\" data-e-type=\"widget\" data-widget_type=\"text-editor.default\">\n\t\t\t\t<div class=\"elementor-widget-container\">\n\t\t\t\t\t\t\t\t\t<p style=\"text-align: center;\">Autumn in Gotham City<br \/>Brazil, 2025, 4K, 90min, Fiction \/ Dramedy, Portugeuese<br \/>Production Company: ICIMM, Toco Filmes, \u00c1gora Produ\u00e7\u00f5es<br \/>Coproduction: Taquary Filmes<\/p>\t\t\t\t\t\t\t\t<\/div>\n\t\t\t\t<\/div>\n\t\t\t\t\t<\/div>\n\t\t\t\t<\/div>\n\t\t<div class=\"elementor-element elementor-element-ae4d497 e-flex e-con-boxed e-con e-parent\" data-id=\"ae4d497\" data-element_type=\"container\" data-e-type=\"container\" data-settings=\"{&quot;background_background&quot;:&quot;classic&quot;}\">\n\t\t\t\t\t<div class=\"e-con-inner\">\n\t\t\t\t<div class=\"elementor-element elementor-element-2e5353d elementor-widget elementor-widget-heading\" data-id=\"2e5353d\" data-element_type=\"widget\" data-e-type=\"widget\" data-widget_type=\"heading.default\">\n\t\t\t\t<div class=\"elementor-widget-container\">\n\t\t\t\t\t<h2 class=\"elementor-heading-title elementor-size-default\"><a href=\"https:\/\/taquaryfilmes.com.br\/wp-content\/uploads\/2025\/05\/outono-em-gotham-city.pdf\" target=\"_blank\">CLICK HERE TO VIEW THE ONE-SHEET FILE<\/a><\/h2>\t\t\t\t<\/div>\n\t\t\t\t<\/div>\n\t\t\t\t\t<\/div>\n\t\t\t\t<\/div>\n\t\t<div class=\"elementor-element elementor-element-5d95032 e-flex e-con-boxed e-con e-parent\" data-id=\"5d95032\" data-element_type=\"container\" data-e-type=\"container\">\n\t\t\t\t\t<div class=\"e-con-inner\">\n\t\t<div class=\"elementor-element elementor-element-180ffb6 e-con-full e-flex e-con e-child\" data-id=\"180ffb6\" data-element_type=\"container\" data-e-type=\"container\">\n\t\t\t\t<div class=\"elementor-element elementor-element-1669c6a elementor-widget elementor-widget-heading\" data-id=\"1669c6a\" data-element_type=\"widget\" data-e-type=\"widget\" data-widget_type=\"heading.default\">\n\t\t\t\t<div class=\"elementor-widget-container\">\n\t\t\t\t\t<h2 class=\"elementor-heading-title elementor-size-default\">SYNOPSIS<\/h2>\t\t\t\t<\/div>\n\t\t\t\t<\/div>\n\t\t\t\t<\/div>\n\t\t<div class=\"elementor-element elementor-element-034afc1 e-con-full e-flex e-con e-child\" data-id=\"034afc1\" data-element_type=\"container\" data-e-type=\"container\">\n\t\t\t\t<div class=\"elementor-element elementor-element-3866be5 elementor-widget elementor-widget-text-editor\" data-id=\"3866be5\" data-element_type=\"widget\" data-e-type=\"widget\" data-widget_type=\"text-editor.default\">\n\t\t\t\t<div class=\"elementor-widget-container\">\n\t\t\t\t\t\t\t\t\t<p class=\"\" data-start=\"275\" data-end=\"690\">An actor, forced to care for his sick mother, reluctantly trains an eager newcomer, but what begins as mentorship soon turns into manipulation, performance, and revelation.<\/p>\t\t\t\t\t\t\t\t<\/div>\n\t\t\t\t<\/div>\n\t\t\t\t<\/div>\n\t\t\t\t\t<\/div>\n\t\t\t\t<\/div>\n\t\t<div class=\"elementor-element elementor-element-db405d0 e-flex e-con-boxed e-con e-parent\" data-id=\"db405d0\" data-element_type=\"container\" data-e-type=\"container\">\n\t\t\t\t\t<div class=\"e-con-inner\">\n\t\t\t\t<div class=\"elementor-element elementor-element-380bd50 elementor-widget elementor-widget-image\" data-id=\"380bd50\" data-element_type=\"widget\" data-e-type=\"widget\" data-widget_type=\"image.default\">\n\t\t\t\t<div class=\"elementor-widget-container\">\n\t\t\t\t\t\t\t\t\t\t\t\t\t\t\t<img decoding=\"async\" width=\"222\" height=\"300\" src=\"https:\/\/taquaryfilmes.com.br\/wp-content\/uploads\/2025\/05\/Tiago-A-Neves-01_23_20-222x300.jpg\" class=\"attachment-medium size-medium wp-image-1359\" alt=\"\" srcset=\"https:\/\/taquaryfilmes.com.br\/wp-content\/uploads\/2025\/05\/Tiago-A-Neves-01_23_20-222x300.jpg 222w, https:\/\/taquaryfilmes.com.br\/wp-content\/uploads\/2025\/05\/Tiago-A-Neves-01_23_20-9x12.jpg 9w, https:\/\/taquaryfilmes.com.br\/wp-content\/uploads\/2025\/05\/Tiago-A-Neves-01_23_20.jpg 532w\" sizes=\"(max-width: 222px) 100vw, 222px\" \/>\t\t\t\t\t\t\t\t\t\t\t\t\t\t\t<\/div>\n\t\t\t\t<\/div>\n\t\t\t\t\t<\/div>\n\t\t\t\t<\/div>\n\t\t<div class=\"elementor-element elementor-element-62f04c5 e-flex e-con-boxed e-con e-parent\" data-id=\"62f04c5\" data-element_type=\"container\" data-e-type=\"container\">\n\t\t\t\t\t<div class=\"e-con-inner\">\n\t\t<div class=\"elementor-element elementor-element-15dbd00 e-con-full e-flex e-con e-child\" data-id=\"15dbd00\" data-element_type=\"container\" data-e-type=\"container\">\n\t\t\t\t<div class=\"elementor-element elementor-element-c8c7c77 elementor-widget elementor-widget-heading\" data-id=\"c8c7c77\" data-element_type=\"widget\" data-e-type=\"widget\" data-widget_type=\"heading.default\">\n\t\t\t\t<div class=\"elementor-widget-container\">\n\t\t\t\t\t<h2 class=\"elementor-heading-title elementor-size-default\">TIAGO A. NEVES<\/h2>\t\t\t\t<\/div>\n\t\t\t\t<\/div>\n\t\t\t\t<\/div>\n\t\t<div class=\"elementor-element elementor-element-a8c5f4e e-con-full e-flex e-con e-child\" data-id=\"a8c5f4e\" data-element_type=\"container\" data-e-type=\"container\">\n\t\t\t\t<div class=\"elementor-element elementor-element-d671bf6 elementor-widget elementor-widget-heading\" data-id=\"d671bf6\" data-element_type=\"widget\" data-e-type=\"widget\" data-widget_type=\"heading.default\">\n\t\t\t\t<div class=\"elementor-widget-container\">\n\t\t\t\t\t<h2 class=\"elementor-heading-title elementor-size-default\">DIRECTOR AND SCREENWRITER<\/h2>\t\t\t\t<\/div>\n\t\t\t\t<\/div>\n\t\t\t\t<\/div>\n\t\t\t\t\t<\/div>\n\t\t\t\t<\/div>\n\t\t<div class=\"elementor-element elementor-element-dc91102 e-flex e-con-boxed e-con e-parent\" data-id=\"dc91102\" data-element_type=\"container\" data-e-type=\"container\">\n\t\t\t\t\t<div class=\"e-con-inner\">\n\t\t<div class=\"elementor-element elementor-element-48eaff1 e-con-full e-flex e-con e-child\" data-id=\"48eaff1\" data-element_type=\"container\" data-e-type=\"container\">\n\t\t\t\t<div class=\"elementor-element elementor-element-280a7b7 elementor-widget elementor-widget-text-editor\" data-id=\"280a7b7\" data-element_type=\"widget\" data-e-type=\"widget\" data-widget_type=\"text-editor.default\">\n\t\t\t\t<div class=\"elementor-widget-container\">\n\t\t\t\t\t\t\t\t\t<p>Tiago A. Neves is a Brazilian filmmaker whose work focuses on collaboration, territory, and social engagement. His recent short films include Quit\u00e9ria (2019), awarded Best Para\u00edba Short at Fest Aruanda and selected for the Los Angeles Brazilian Film Festival, and Remoinho (2019), which screened at major Brazilian festivals such as Festival de Gramado, Mostra de Cinema de Tiradentes, and CineOP-MG, winning nine awards at Curta Taquary.<\/p><p>Tiago is the creator of several initiatives aimed at fostering independent and peripheral cinema in Brazil. He founded Cine Teste, a collaborative network for filmmakers, producers, and screenwriters; Hora Curta, promoting community-based filmmaking in the outskirts; and is one of the creators of the Movimento Cinema Instant\u00e2neo, which produced over 21 short films in just one year. He also coordinates FestCiMM \u2013 Festival de Cinema no Meio do Mundo and CiMM \u2013 Cinema no Meio do Mundo, focused on film production across diverse territories and the collective sharing of technical and poetic expertise.<\/p>\t\t\t\t\t\t\t\t<\/div>\n\t\t\t\t<\/div>\n\t\t\t\t<\/div>\n\t\t\t\t\t<\/div>\n\t\t\t\t<\/div>\n\t\t<div class=\"elementor-element elementor-element-3447fef e-flex e-con-boxed e-con e-parent\" data-id=\"3447fef\" data-element_type=\"container\" data-e-type=\"container\">\n\t\t\t\t\t<div class=\"e-con-inner\">\n\t\t\t\t<div class=\"elementor-element elementor-element-f83b8b5 elementor-widget elementor-widget-image\" data-id=\"f83b8b5\" data-element_type=\"widget\" data-e-type=\"widget\" data-widget_type=\"image.default\">\n\t\t\t\t<div class=\"elementor-widget-container\">\n\t\t\t\t\t\t\t\t\t\t\t\t\t\t\t<img decoding=\"async\" width=\"242\" height=\"300\" src=\"https:\/\/taquaryfilmes.com.br\/wp-content\/uploads\/2025\/04\/Alexandre-1-PeB-242x300.jpg\" class=\"attachment-medium size-medium wp-image-1305\" alt=\"\" srcset=\"https:\/\/taquaryfilmes.com.br\/wp-content\/uploads\/2025\/04\/Alexandre-1-PeB-242x300.jpg 242w, https:\/\/taquaryfilmes.com.br\/wp-content\/uploads\/2025\/04\/Alexandre-1-PeB-10x12.jpg 10w, https:\/\/taquaryfilmes.com.br\/wp-content\/uploads\/2025\/04\/Alexandre-1-PeB.jpg 539w\" sizes=\"(max-width: 242px) 100vw, 242px\" \/>\t\t\t\t\t\t\t\t\t\t\t\t\t\t\t<\/div>\n\t\t\t\t<\/div>\n\t\t\t\t\t<\/div>\n\t\t\t\t<\/div>\n\t\t<div class=\"elementor-element elementor-element-8c04d7b e-flex e-con-boxed e-con e-parent\" data-id=\"8c04d7b\" data-element_type=\"container\" data-e-type=\"container\">\n\t\t\t\t\t<div class=\"e-con-inner\">\n\t\t<div class=\"elementor-element elementor-element-921f296 e-con-full e-flex e-con e-child\" data-id=\"921f296\" data-element_type=\"container\" data-e-type=\"container\">\n\t\t\t\t<div class=\"elementor-element elementor-element-c50233b elementor-widget elementor-widget-heading\" data-id=\"c50233b\" data-element_type=\"widget\" data-e-type=\"widget\" data-widget_type=\"heading.default\">\n\t\t\t\t<div class=\"elementor-widget-container\">\n\t\t\t\t\t<h2 class=\"elementor-heading-title elementor-size-default\">ALEXANDRE SOARES<\/h2>\t\t\t\t<\/div>\n\t\t\t\t<\/div>\n\t\t\t\t<\/div>\n\t\t<div class=\"elementor-element elementor-element-5e77741 e-con-full e-flex e-con e-child\" data-id=\"5e77741\" data-element_type=\"container\" data-e-type=\"container\">\n\t\t\t\t<div class=\"elementor-element elementor-element-7ad5e1c elementor-widget elementor-widget-heading\" data-id=\"7ad5e1c\" data-element_type=\"widget\" data-e-type=\"widget\" data-widget_type=\"heading.default\">\n\t\t\t\t<div class=\"elementor-widget-container\">\n\t\t\t\t\t<h2 class=\"elementor-heading-title elementor-size-default\">CO-PRODUCER<\/h2>\t\t\t\t<\/div>\n\t\t\t\t<\/div>\n\t\t\t\t<\/div>\n\t\t\t\t\t<\/div>\n\t\t\t\t<\/div>\n\t\t<div class=\"elementor-element elementor-element-ad7cb16 e-flex e-con-boxed e-con e-parent\" data-id=\"ad7cb16\" data-element_type=\"container\" data-e-type=\"container\">\n\t\t\t\t\t<div class=\"e-con-inner\">\n\t\t<div class=\"elementor-element elementor-element-d11b643 e-con-full e-flex e-con e-child\" data-id=\"d11b643\" data-element_type=\"container\" data-e-type=\"container\">\n\t\t\t\t<div class=\"elementor-element elementor-element-9c80bdc elementor-widget elementor-widget-text-editor\" data-id=\"9c80bdc\" data-element_type=\"widget\" data-e-type=\"widget\" data-widget_type=\"text-editor.default\">\n\t\t\t\t<div class=\"elementor-widget-container\">\n\t\t\t\t\t\t\t\t\t<p style=\"text-align: left;\" align=\"justify\">Audiovisual producer, curator and director of the festivals Curta Taquary, Poesia na Tela and Criancine. He studied \u201cFilm script\u201d and \u201cCuratorship, management and network of film festivals\u201d at EICTV (Cuba). He has worked in the audiovisual industry since 2005 in the development, dissemination and production of short and feature films and TV productions. He has produced works shown in more than 100 national and international festivals and exhibitions, including: Cannes, Biarritz (France), Busan (South Korea), Havana (Cuba), Bras\u00edlia (DF), Gramado (RS) and Tiradentes (MG). He collaborated with the curatorship of the international festivals: Thessaloniki LGBTQIFF (Greece), LABRFF (USA), Hacelo Corto (Argentina), Antofadocs and Muestra Polo Sur (Chile). It works on reforestation and recovery of deforested areas in the Caatinga, Brejo de altitude and Mata Atl\u00e2ntica biomes, in addition to restoring riparian forests on the Capibaribe River.<\/p><p align=\"justify\"><a href=\"https:\/\/drive.google.com\/drive\/folders\/1dhOVsqi2k2YZbMl0e0FpT7-0Wx1Xg8y6\" target=\"_blank\" rel=\"noopener\">Check resum\u00e9<\/a><\/p><p><a href=\"https:\/\/www.imdb.com\/name\/nm9084412\/\" target=\"_blank\" rel=\"noopener\">IMDb<\/a><\/p>\t\t\t\t\t\t\t\t<\/div>\n\t\t\t\t<\/div>\n\t\t\t\t<\/div>\n\t\t\t\t\t<\/div>\n\t\t\t\t<\/div>\n\t\t<div class=\"elementor-element elementor-element-91d9407 e-con-full e-flex e-con e-parent\" data-id=\"91d9407\" data-element_type=\"container\" data-e-type=\"container\">\n\t\t\t\t<div class=\"elementor-element elementor-element-42c4b92 elementor-widget elementor-widget-image-carousel\" data-id=\"42c4b92\" data-element_type=\"widget\" data-e-type=\"widget\" data-settings=\"{&quot;slides_to_show_tablet&quot;:&quot;3&quot;,&quot;navigation&quot;:&quot;none&quot;,&quot;slides_to_show&quot;:&quot;3&quot;,&quot;slides_to_scroll&quot;:&quot;3&quot;,&quot;autoplay&quot;:&quot;yes&quot;,&quot;pause_on_hover&quot;:&quot;yes&quot;,&quot;pause_on_interaction&quot;:&quot;yes&quot;,&quot;autoplay_speed&quot;:5000,&quot;infinite&quot;:&quot;yes&quot;,&quot;speed&quot;:500,&quot;image_spacing_custom&quot;:{&quot;unit&quot;:&quot;px&quot;,&quot;size&quot;:20,&quot;sizes&quot;:[]},&quot;image_spacing_custom_tablet&quot;:{&quot;unit&quot;:&quot;px&quot;,&quot;size&quot;:&quot;&quot;,&quot;sizes&quot;:[]},&quot;image_spacing_custom_mobile&quot;:{&quot;unit&quot;:&quot;px&quot;,&quot;size&quot;:&quot;&quot;,&quot;sizes&quot;:[]}}\" data-widget_type=\"image-carousel.default\">\n\t\t\t\t<div class=\"elementor-widget-container\">\n\t\t\t\t\t\t\t<div class=\"elementor-image-carousel-wrapper swiper\" role=\"region\" aria-roledescription=\"carousel\" aria-label=\"Carrossel de imagens\" dir=\"ltr\">\n\t\t\t<div class=\"elementor-image-carousel swiper-wrapper\" aria-live=\"off\">\n\t\t\t\t\t\t\t\t<div class=\"swiper-slide\" role=\"group\" aria-roledescription=\"slide\" aria-label=\"1 de 5\"><figure class=\"swiper-slide-inner\"><img decoding=\"async\" class=\"swiper-slide-image\" src=\"https:\/\/taquaryfilmes.com.br\/wp-content\/uploads\/2025\/05\/WhatsApp-Image-2025-05-05-at-16.45.31-1024x536.jpeg\" alt=\"WhatsApp Image 2025-05-05 at 16.45.31\" \/><\/figure><\/div><div class=\"swiper-slide\" role=\"group\" aria-roledescription=\"slide\" aria-label=\"2 de 5\"><figure class=\"swiper-slide-inner\"><img decoding=\"async\" class=\"swiper-slide-image\" src=\"https:\/\/taquaryfilmes.com.br\/wp-content\/uploads\/2025\/05\/WhatsApp-Image-2025-05-05-at-16.45.32-1024x536.jpeg\" alt=\"WhatsApp Image 2025-05-05 at 16.45.32\" \/><\/figure><\/div><div class=\"swiper-slide\" role=\"group\" aria-roledescription=\"slide\" aria-label=\"3 de 5\"><figure class=\"swiper-slide-inner\"><img decoding=\"async\" class=\"swiper-slide-image\" src=\"https:\/\/taquaryfilmes.com.br\/wp-content\/uploads\/2025\/05\/WhatsApp-Image-2025-05-05-at-16.45.321-1024x538.jpeg\" alt=\"WhatsApp Image 2025-05-05 at 16.45.321\" \/><\/figure><\/div><div class=\"swiper-slide\" role=\"group\" aria-roledescription=\"slide\" aria-label=\"4 de 5\"><figure class=\"swiper-slide-inner\"><img decoding=\"async\" class=\"swiper-slide-image\" src=\"https:\/\/taquaryfilmes.com.br\/wp-content\/uploads\/2025\/05\/WhatsApp-Image-2025-05-05-at-16.45.322-1024x536.jpeg\" alt=\"WhatsApp Image 2025-05-05 at 16.45.322\" \/><\/figure><\/div><div class=\"swiper-slide\" role=\"group\" aria-roledescription=\"slide\" aria-label=\"5 de 5\"><figure class=\"swiper-slide-inner\"><img decoding=\"async\" class=\"swiper-slide-image\" src=\"https:\/\/taquaryfilmes.com.br\/wp-content\/uploads\/2025\/05\/WhatsApp-Image-2025-05-05-at-16.45.3233-1024x520.jpeg\" alt=\"WhatsApp Image 2025-05-05 at 16.45.3233\" \/><\/figure><\/div>\t\t\t<\/div>\n\t\t\t\t\t\t\t\n\t\t\t\t\t\t\t\t\t<\/div>\n\t\t\t\t\t\t<\/div>\n\t\t\t\t<\/div>\n\t\t\t\t<\/div>\n\t\t\t\t<\/div>","protected":false},"excerpt":{"rendered":"<p>&#8220;Outono em Gotham City&#8221;BRASIL, 2025, 4K, 90min, Fic\u00e7\u00e3o &#8211; Dram\u00e9dia, Portugu\u00easProdu\u00e7\u00e3o: ICIMM, Toco Filmes, \u00c1gora Produ\u00e7\u00f5esCo-produ\u00e7\u00e3o: Taquary Filmes CLICK AQUI PARA VISUALIZAR O ONE-SHEET SINOPSE Um ator, for\u00e7ado a cuidar de sua m\u00e3e doente, relutantemente treina um novato entusiasmado, mas o que come\u00e7a como mentoria logo se torna manipula\u00e7\u00e3o, performance e revela\u00e7\u00e3o. TIAGO A. NEVES [&hellip;]<\/p>\n","protected":false},"author":1,"featured_media":0,"parent":0,"menu_order":0,"comment_status":"closed","ping_status":"closed","template":"","meta":{"_joinchat":[],"footnotes":""},"class_list":["post-1372","page","type-page","status-publish","hentry"],"aioseo_notices":[],"_links":{"self":[{"href":"https:\/\/taquaryfilmes.com.br\/en\/wp-json\/wp\/v2\/pages\/1372","targetHints":{"allow":["GET"]}}],"collection":[{"href":"https:\/\/taquaryfilmes.com.br\/en\/wp-json\/wp\/v2\/pages"}],"about":[{"href":"https:\/\/taquaryfilmes.com.br\/en\/wp-json\/wp\/v2\/types\/page"}],"author":[{"embeddable":true,"href":"https:\/\/taquaryfilmes.com.br\/en\/wp-json\/wp\/v2\/users\/1"}],"replies":[{"embeddable":true,"href":"https:\/\/taquaryfilmes.com.br\/en\/wp-json\/wp\/v2\/comments?post=1372"}],"version-history":[{"count":67,"href":"https:\/\/taquaryfilmes.com.br\/en\/wp-json\/wp\/v2\/pages\/1372\/revisions"}],"predecessor-version":[{"id":1911,"href":"https:\/\/taquaryfilmes.com.br\/en\/wp-json\/wp\/v2\/pages\/1372\/revisions\/1911"}],"wp:attachment":[{"href":"https:\/\/taquaryfilmes.com.br\/en\/wp-json\/wp\/v2\/media?parent=1372"}],"curies":[{"name":"wp","href":"https:\/\/api.w.org\/{rel}","templated":true}]}}