{"id":1960,"date":"2025-11-03T11:05:23","date_gmt":"2025-11-03T14:05:23","guid":{"rendered":"https:\/\/taquaryfilmes.com.br\/?page_id=1960"},"modified":"2025-11-03T11:08:46","modified_gmt":"2025-11-03T14:08:46","slug":"politica-de-privacidade","status":"publish","type":"page","link":"https:\/\/taquaryfilmes.com.br\/en\/politica-de-privacidade\/","title":{"rendered":"Pol\u00edtica de Privacidade"},"content":{"rendered":"<div data-elementor-type=\"wp-page\" data-elementor-id=\"1960\" class=\"elementor elementor-1960\">\n\t\t\t\t<div class=\"elementor-element elementor-element-55fcd92 e-flex e-con-boxed e-con e-parent\" data-id=\"55fcd92\" data-element_type=\"container\" data-e-type=\"container\">\n\t\t\t\t\t<div class=\"e-con-inner\">\n\t\t<div class=\"elementor-element elementor-element-4974c18 e-con-full e-flex e-con e-child\" data-id=\"4974c18\" data-element_type=\"container\" data-e-type=\"container\">\n\t\t\t\t<div class=\"elementor-element elementor-element-783b121 elementor-widget elementor-widget-heading\" data-id=\"783b121\" data-element_type=\"widget\" data-e-type=\"widget\" data-widget_type=\"heading.default\">\n\t\t\t\t<div class=\"elementor-widget-container\">\n\t\t\t\t\t<h2 class=\"elementor-heading-title elementor-size-default\">Pol\u00edtica de Privacidade - Taquary Filmes<\/h2>\t\t\t\t<\/div>\n\t\t\t\t<\/div>\n\t\t\t\t<\/div>\n\t\t<div class=\"elementor-element elementor-element-07e1a43 e-con-full e-flex e-con e-child\" data-id=\"07e1a43\" data-element_type=\"container\" data-e-type=\"container\">\n\t\t\t\t<div class=\"elementor-element elementor-element-86df45d elementor-widget elementor-widget-text-editor\" data-id=\"86df45d\" data-element_type=\"widget\" data-e-type=\"widget\" data-widget_type=\"text-editor.default\">\n\t\t\t\t<div class=\"elementor-widget-container\">\n\t\t\t\t\t\t\t\t\t<p data-start=\"441\" data-end=\"680\">A <strong data-start=\"443\" data-end=\"461\">Taquary Filmes<\/strong> valoriza a sua privacidade e est\u00e1 comprometida em proteger os dados pessoais de todos os usu\u00e1rios que interagem com nossos servi\u00e7os, incluindo o site <strong data-start=\"612\" data-end=\"629\">Curta Taquary<\/strong> e demais plataformas sob nossa responsabilidade.<\/p><p data-start=\"682\" data-end=\"952\">Esta <strong data-start=\"687\" data-end=\"714\">Pol\u00edtica de Privacidade<\/strong> explica como coletamos, utilizamos, armazenamos e protegemos suas informa\u00e7\u00f5es pessoais, bem como os direitos que voc\u00ea possui em rela\u00e7\u00e3o a esses dados. Ao utilizar nossos servi\u00e7os, voc\u00ea concorda com as pr\u00e1ticas descritas nesta pol\u00edtica.<\/p><hr data-start=\"954\" data-end=\"957\" \/><p data-start=\"959\" data-end=\"992\"><strong data-start=\"963\" data-end=\"992\">1. Controladora dos Dados<\/strong><\/p><p data-start=\"994\" data-end=\"1150\">A <strong data-start=\"996\" data-end=\"1014\">Taquary Filmes<\/strong> \u00e9 a <strong data-start=\"1019\" data-end=\"1035\">controladora<\/strong> dos seus dados pessoais e respons\u00e1vel por determinar as finalidades e os meios de tratamento dessas informa\u00e7\u00f5es.<\/p><hr data-start=\"1152\" data-end=\"1155\" \/><p data-start=\"1157\" data-end=\"1189\"><strong data-start=\"1161\" data-end=\"1189\">2. Informa\u00e7\u00f5es Coletadas<\/strong><\/p><p data-start=\"1191\" data-end=\"1329\">Quando voc\u00ea acessa o site <strong data-start=\"1217\" data-end=\"1234\">Curta Taquary<\/strong> ou interage com nossos servi\u00e7os, podemos coletar diferentes tipos de informa\u00e7\u00f5es, incluindo:<\/p><p data-start=\"1331\" data-end=\"1380\"><strong data-start=\"1336\" data-end=\"1380\">a) Informa\u00e7\u00f5es coletadas automaticamente<\/strong><\/p><p data-start=\"1381\" data-end=\"1460\">Coletamos automaticamente determinadas informa\u00e7\u00f5es sobre seu dispositivo, como:<\/p><ul data-start=\"1461\" data-end=\"1663\"><li data-start=\"1461\" data-end=\"1492\"><p data-start=\"1463\" data-end=\"1492\">Tipo e vers\u00e3o do navegador;<\/p><\/li><li data-start=\"1493\" data-end=\"1509\"><p data-start=\"1495\" data-end=\"1509\">Endere\u00e7o IP;<\/p><\/li><li data-start=\"1510\" data-end=\"1527\"><p data-start=\"1512\" data-end=\"1527\">Fuso hor\u00e1rio;<\/p><\/li><li data-start=\"1528\" data-end=\"1570\"><p data-start=\"1530\" data-end=\"1570\">Cookies instalados em seu dispositivo;<\/p><\/li><li data-start=\"1571\" data-end=\"1614\"><p data-start=\"1573\" data-end=\"1614\">P\u00e1ginas visitadas e tempo de navega\u00e7\u00e3o;<\/p><\/li><li data-start=\"1615\" data-end=\"1663\"><p data-start=\"1617\" data-end=\"1663\">Origem do acesso (sites ou termos de busca).<\/p><\/li><\/ul><p data-start=\"1665\" data-end=\"1824\">Essas informa\u00e7\u00f5es s\u00e3o utilizadas para identificar poss\u00edveis casos de abuso, melhorar a experi\u00eancia do usu\u00e1rio e gerar dados estat\u00edsticos sobre o uso do site.<\/p><p data-start=\"1826\" data-end=\"1876\"><strong data-start=\"1831\" data-end=\"1876\">b) Informa\u00e7\u00f5es fornecidas voluntariamente<\/strong><\/p><p data-start=\"1877\" data-end=\"2043\">Podemos coletar dados pessoais fornecidos por voc\u00ea ao preencher formul\u00e1rios, inscrever-se em nossa newsletter ou entrar em contato conosco. Esses dados podem incluir:<\/p><ul data-start=\"2044\" data-end=\"2232\"><li data-start=\"2044\" data-end=\"2065\"><p data-start=\"2046\" data-end=\"2065\">Nome e sobrenome;<\/p><\/li><li data-start=\"2066\" data-end=\"2102\"><p data-start=\"2068\" data-end=\"2102\">Endere\u00e7o e cidade de resid\u00eancia;<\/p><\/li><li data-start=\"2103\" data-end=\"2126\"><p data-start=\"2105\" data-end=\"2126\">Endere\u00e7o de e-mail;<\/p><\/li><li data-start=\"2127\" data-end=\"2150\"><p data-start=\"2129\" data-end=\"2150\">N\u00famero de telefone;<\/p><\/li><li data-start=\"2151\" data-end=\"2199\"><p data-start=\"2153\" data-end=\"2199\">Informa\u00e7\u00f5es de pagamento (quando aplic\u00e1vel);<\/p><\/li><li data-start=\"2200\" data-end=\"2232\"><p data-start=\"2202\" data-end=\"2232\">Organiza\u00e7\u00e3o \u00e0 qual pertence.<\/p><\/li><\/ul><p data-start=\"2234\" data-end=\"2362\">O fornecimento dessas informa\u00e7\u00f5es \u00e9 opcional, mas alguns recursos do site ou servi\u00e7os podem n\u00e3o funcionar corretamente sem elas.<\/p><hr data-start=\"2364\" data-end=\"2367\" \/><p data-start=\"2369\" data-end=\"2414\"><strong data-start=\"2373\" data-end=\"2414\">3. Finalidade do Tratamento dos Dados<\/strong><\/p><p data-start=\"2416\" data-end=\"2527\">A <strong data-start=\"2418\" data-end=\"2436\">Taquary Filmes<\/strong> processa dados pessoais apenas quando necess\u00e1rio e com finalidades leg\u00edtimas, tais como:<\/p><ul data-start=\"2528\" data-end=\"2816\"><li data-start=\"2528\" data-end=\"2592\"><p data-start=\"2530\" data-end=\"2592\">Manter e melhorar o funcionamento do site <strong data-start=\"2572\" data-end=\"2589\">Curta Taquary<\/strong>;<\/p><\/li><li data-start=\"2593\" data-end=\"2637\"><p data-start=\"2595\" data-end=\"2637\">Cumprir obriga\u00e7\u00f5es contratuais e legais;<\/p><\/li><li data-start=\"2638\" data-end=\"2703\"><p data-start=\"2640\" data-end=\"2703\">Enviar comunica\u00e7\u00f5es, newsletters e informa\u00e7\u00f5es sobre eventos;<\/p><\/li><li data-start=\"2704\" data-end=\"2748\"><p data-start=\"2706\" data-end=\"2748\">Garantir a seguran\u00e7a e prevenir fraudes;<\/p><\/li><li data-start=\"2749\" data-end=\"2816\"><p data-start=\"2751\" data-end=\"2816\">Atender solicita\u00e7\u00f5es e responder d\u00favidas enviadas por usu\u00e1rios.<\/p><\/li><\/ul><p data-start=\"2818\" data-end=\"2910\">Coletamos apenas os dados m\u00ednimos necess\u00e1rios e os tratamos de forma segura e respons\u00e1vel.<\/p><hr data-start=\"2912\" data-end=\"2915\" \/><p data-start=\"2917\" data-end=\"2959\"><strong data-start=\"2921\" data-end=\"2959\">4. Direitos dos Titulares de Dados<\/strong><\/p><p data-start=\"2961\" data-end=\"3144\">Se voc\u00ea reside na Uni\u00e3o Europeia ou em outras jurisdi\u00e7\u00f5es com legisla\u00e7\u00f5es equivalentes (como a LGPD no Brasil), voc\u00ea possui os seguintes direitos em rela\u00e7\u00e3o aos seus dados pessoais:<\/p><ul data-start=\"3146\" data-end=\"3605\"><li data-start=\"3146\" data-end=\"3205\"><p data-start=\"3148\" data-end=\"3205\"><strong data-start=\"3148\" data-end=\"3176\">Direito de ser informado<\/strong> sobre o uso de seus dados;<\/p><\/li><li data-start=\"3206\" data-end=\"3271\"><p data-start=\"3208\" data-end=\"3271\"><strong data-start=\"3208\" data-end=\"3229\">Direito de acesso<\/strong> \u00e0s informa\u00e7\u00f5es que mantemos sobre voc\u00ea;<\/p><\/li><li data-start=\"3272\" data-end=\"3338\"><p data-start=\"3274\" data-end=\"3338\"><strong data-start=\"3274\" data-end=\"3300\">Direito de retifica\u00e7\u00e3o<\/strong> de dados incorretos ou incompletos;<\/p><\/li><li data-start=\"3339\" data-end=\"3395\"><p data-start=\"3341\" data-end=\"3395\"><strong data-start=\"3341\" data-end=\"3364\">Direito de exclus\u00e3o<\/strong> (\u201cdireito ao esquecimento\u201d);<\/p><\/li><li data-start=\"3396\" data-end=\"3442\"><p data-start=\"3398\" data-end=\"3442\"><strong data-start=\"3398\" data-end=\"3439\">Direito de restringir o processamento<\/strong>;<\/p><\/li><li data-start=\"3443\" data-end=\"3485\"><p data-start=\"3445\" data-end=\"3485\"><strong data-start=\"3445\" data-end=\"3472\">Direito \u00e0 portabilidade<\/strong> dos dados;<\/p><\/li><li data-start=\"3486\" data-end=\"3527\"><p data-start=\"3488\" data-end=\"3527\"><strong data-start=\"3488\" data-end=\"3510\">Direito de obje\u00e7\u00e3o<\/strong> ao tratamento;<\/p><\/li><li data-start=\"3528\" data-end=\"3605\"><p data-start=\"3530\" data-end=\"3605\"><strong data-start=\"3530\" data-end=\"3580\">Direitos relacionados a decis\u00f5es automatizadas<\/strong> e \u00e0 cria\u00e7\u00e3o de perfis.<\/p><\/li><\/ul><p data-start=\"3607\" data-end=\"3729\">Para exercer qualquer um desses direitos, entre em contato conosco atrav\u00e9s do e-mail: <strong data-start=\"3693\" data-end=\"3728\"><a class=\"decorated-link cursor-pointer\" rel=\"noopener\" data-start=\"3695\" data-end=\"3726\">suporte.taquaryfilmes@gmail.com<\/a><\/strong>.<\/p><hr data-start=\"3731\" data-end=\"3734\" \/><p data-start=\"3736\" data-end=\"3783\"><strong data-start=\"3740\" data-end=\"3783\">5. Transfer\u00eancia Internacional de Dados<\/strong><\/p><p data-start=\"3785\" data-end=\"4025\">Caso voc\u00ea resida na Europa, informamos que seus dados poder\u00e3o ser transferidos para fora do Espa\u00e7o Econ\u00f4mico Europeu, incluindo para <strong data-start=\"3918\" data-end=\"3928\">Canad\u00e1<\/strong> e <strong data-start=\"3931\" data-end=\"3960\">Estados Unidos da Am\u00e9rica<\/strong>, sempre observando as medidas adequadas de seguran\u00e7a e prote\u00e7\u00e3o.<\/p><hr data-start=\"4027\" data-end=\"4030\" \/><p data-start=\"4032\" data-end=\"4072\"><strong data-start=\"4036\" data-end=\"4072\">6. Links para Sites de Terceiros<\/strong><\/p><p data-start=\"4074\" data-end=\"4348\">Nosso site pode conter links para outros sites que n\u00e3o s\u00e3o operados nem controlados pela <strong data-start=\"4163\" data-end=\"4181\">Taquary Filmes<\/strong>.<br data-start=\"4182\" data-end=\"4185\" \/>N\u00e3o nos responsabilizamos pelas pr\u00e1ticas de privacidade desses sites de terceiros. Recomendamos que voc\u00ea leia as pol\u00edticas de privacidade de cada site que visitar.<\/p><hr data-start=\"4350\" data-end=\"4353\" \/><p data-start=\"4355\" data-end=\"4391\"><strong data-start=\"4359\" data-end=\"4391\">7. Seguran\u00e7a das Informa\u00e7\u00f5es<\/strong><\/p><p data-start=\"4393\" data-end=\"4761\">Adotamos medidas administrativas, t\u00e9cnicas e f\u00edsicas razo\u00e1veis para proteger os dados pessoais sob nossa cust\u00f3dia contra acessos, usos, modifica\u00e7\u00f5es e divulga\u00e7\u00f5es n\u00e3o autorizadas.<br data-start=\"4572\" data-end=\"4575\" \/>Entretanto, nenhuma transmiss\u00e3o de dados pela internet ou por sistemas sem fio pode ser totalmente garantida, e o usu\u00e1rio deve estar ciente dos riscos inerentes ao uso de meios digitais.<\/p><hr data-start=\"4763\" data-end=\"4766\" \/><p data-start=\"4768\" data-end=\"4795\"><strong data-start=\"4772\" data-end=\"4795\">8. Divulga\u00e7\u00e3o Legal<\/strong><\/p><p data-start=\"4797\" data-end=\"4971\">A <strong data-start=\"4799\" data-end=\"4817\">Taquary Filmes<\/strong> poder\u00e1 divulgar informa\u00e7\u00f5es pessoais caso seja exigido por lei ou mediante solicita\u00e7\u00e3o de autoridades competentes, bem como quando for necess\u00e1rio para:<\/p><ul data-start=\"4972\" data-end=\"5099\"><li data-start=\"4972\" data-end=\"5013\"><p data-start=\"4974\" data-end=\"5013\">Proteger nossos direitos e seguran\u00e7a;<\/p><\/li><li data-start=\"5014\" data-end=\"5037\"><p data-start=\"5016\" data-end=\"5037\">Investigar fraudes;<\/p><\/li><li data-start=\"5038\" data-end=\"5099\"><p data-start=\"5040\" data-end=\"5099\">Atender solicita\u00e7\u00f5es governamentais ou processos judiciais.<\/p><\/li><\/ul><hr data-start=\"5101\" data-end=\"5104\" \/><p data-start=\"5106\" data-end=\"5124\"><strong data-start=\"5110\" data-end=\"5124\">9. Contato<\/strong><\/p><p data-start=\"5126\" data-end=\"5335\">Se voc\u00ea tiver d\u00favidas sobre esta <strong data-start=\"5159\" data-end=\"5186\">Pol\u00edtica de Privacidade<\/strong>, ou desejar exercer seus direitos em rela\u00e7\u00e3o aos seus dados pessoais, entre em contato conosco pelo e-mail:<br data-start=\"5294\" data-end=\"5297\" \/>\ud83d\udce7 <strong data-start=\"5300\" data-end=\"5335\"><a class=\"decorated-link cursor-pointer\" rel=\"noopener\" data-start=\"5302\" data-end=\"5333\">suporte.taquaryfilmes@gmail.com<\/a><\/strong><\/p><hr data-start=\"5337\" data-end=\"5340\" \/><p data-start=\"5342\" data-end=\"5381\"><strong data-start=\"5346\" data-end=\"5381\">10. Atualiza\u00e7\u00f5es desta Pol\u00edtica<\/strong><\/p><p data-start=\"5383\" data-end=\"5653\">A <strong data-start=\"5385\" data-end=\"5403\">Taquary Filmes<\/strong> poder\u00e1 atualizar esta Pol\u00edtica de Privacidade periodicamente, a fim de refletir altera\u00e7\u00f5es em nossas pr\u00e1ticas, legisla\u00e7\u00f5es aplic\u00e1veis ou melhorias nos nossos servi\u00e7os.<br data-start=\"5571\" data-end=\"5574\" \/>A data da \u00faltima atualiza\u00e7\u00e3o ser\u00e1 sempre informada no in\u00edcio deste documento.<\/p><hr data-start=\"5655\" data-end=\"5658\" \/><p data-start=\"5660\" data-end=\"5781\"><strong data-start=\"5663\" data-end=\"5686\">\u00daltima atualiza\u00e7\u00e3o:<\/strong> 03\/11\/2025<br data-start=\"5726\" data-end=\"5729\" \/>\u00a9 <strong data-start=\"5731\" data-end=\"5749\">Taquary Filmes<\/strong> \u2013 Todos os direitos reservados.<\/p>\t\t\t\t\t\t\t\t<\/div>\n\t\t\t\t<\/div>\n\t\t\t\t<\/div>\n\t\t\t\t\t<\/div>\n\t\t\t\t<\/div>\n\t\t\t\t<\/div>","protected":false},"excerpt":{"rendered":"<p>Pol\u00edtica de Privacidade &#8211; Taquary Filmes A Taquary Filmes valoriza a sua privacidade e est\u00e1 comprometida em proteger os dados pessoais de todos os usu\u00e1rios que interagem com nossos servi\u00e7os, incluindo o site Curta Taquary e demais plataformas sob nossa responsabilidade. Esta Pol\u00edtica de Privacidade explica como coletamos, utilizamos, armazenamos e protegemos suas informa\u00e7\u00f5es pessoais, [&hellip;]<\/p>\n","protected":false},"author":1,"featured_media":0,"parent":0,"menu_order":0,"comment_status":"closed","ping_status":"closed","template":"elementor_header_footer","meta":{"_joinchat":[],"footnotes":""},"class_list":["post-1960","page","type-page","status-publish","hentry"],"aioseo_notices":[],"_links":{"self":[{"href":"https:\/\/taquaryfilmes.com.br\/en\/wp-json\/wp\/v2\/pages\/1960","targetHints":{"allow":["GET"]}}],"collection":[{"href":"https:\/\/taquaryfilmes.com.br\/en\/wp-json\/wp\/v2\/pages"}],"about":[{"href":"https:\/\/taquaryfilmes.com.br\/en\/wp-json\/wp\/v2\/types\/page"}],"author":[{"embeddable":true,"href":"https:\/\/taquaryfilmes.com.br\/en\/wp-json\/wp\/v2\/users\/1"}],"replies":[{"embeddable":true,"href":"https:\/\/taquaryfilmes.com.br\/en\/wp-json\/wp\/v2\/comments?post=1960"}],"version-history":[{"count":7,"href":"https:\/\/taquaryfilmes.com.br\/en\/wp-json\/wp\/v2\/pages\/1960\/revisions"}],"predecessor-version":[{"id":1969,"href":"https:\/\/taquaryfilmes.com.br\/en\/wp-json\/wp\/v2\/pages\/1960\/revisions\/1969"}],"wp:attachment":[{"href":"https:\/\/taquaryfilmes.com.br\/en\/wp-json\/wp\/v2\/media?parent=1960"}],"curies":[{"name":"wp","href":"https:\/\/api.w.org\/{rel}","templated":true}]}}