{"id":2027,"date":"2025-11-03T11:35:22","date_gmt":"2025-11-03T14:35:22","guid":{"rendered":"https:\/\/taquaryfilmes.com.br\/?page_id=2027"},"modified":"2025-11-03T11:37:13","modified_gmt":"2025-11-03T14:37:13","slug":"declaracao-de-acessibilidade","status":"publish","type":"page","link":"https:\/\/taquaryfilmes.com.br\/en\/declaracao-de-acessibilidade\/","title":{"rendered":"Declara\u00e7\u00e3o de Acessibilidade"},"content":{"rendered":"<div data-elementor-type=\"wp-page\" data-elementor-id=\"2027\" class=\"elementor elementor-2027\">\n\t\t\t\t<div class=\"elementor-element elementor-element-e3afedc e-flex e-con-boxed e-con e-parent\" data-id=\"e3afedc\" data-element_type=\"container\" data-e-type=\"container\">\n\t\t\t\t\t<div class=\"e-con-inner\">\n\t\t<div class=\"elementor-element elementor-element-966f679 e-con-full e-flex e-con e-child\" data-id=\"966f679\" data-element_type=\"container\" data-e-type=\"container\">\n\t\t\t\t<div class=\"elementor-element elementor-element-7c37f18 elementor-widget elementor-widget-heading\" data-id=\"7c37f18\" data-element_type=\"widget\" data-e-type=\"widget\" data-widget_type=\"heading.default\">\n\t\t\t\t<div class=\"elementor-widget-container\">\n\t\t\t\t\t<h2 class=\"elementor-heading-title elementor-size-default\">Declara\u00e7\u00e3o de Acessibilidade<\/h2>\t\t\t\t<\/div>\n\t\t\t\t<\/div>\n\t\t\t\t<\/div>\n\t\t<div class=\"elementor-element elementor-element-9ff387d e-con-full e-flex e-con e-child\" data-id=\"9ff387d\" data-element_type=\"container\" data-e-type=\"container\">\n\t\t\t\t<div class=\"elementor-element elementor-element-9ae512f elementor-widget elementor-widget-text-editor\" data-id=\"9ae512f\" data-element_type=\"widget\" data-e-type=\"widget\" data-widget_type=\"text-editor.default\">\n\t\t\t\t<div class=\"elementor-widget-container\">\n\t\t\t\t\t\t\t\t\t<h6 class=\"wp-block-heading has-text-align-center\" data-base-line-height=\"19.2\" data-base-font-size=\"16\">Declara\u00e7\u00e3o de acessibilidade para taquaryfilmes.com.br<\/h6><p data-base-line-height=\"24\" data-base-font-size=\"16\">O site\u00a0<strong data-base-line-height=\"24\" data-base-font-size=\"16\">Taquary Filmes<\/strong>\u00a0tem o compromisso de garantir a acessibilidade digital para pessoas com necessidades especiais. Estamos melhorando continuamente a experi\u00eancia do usu\u00e1rio para todos, aplicando os padr\u00f5es de acessibilidade relevantes.<\/p><h6 class=\"wp-block-heading\" data-base-line-height=\"19.2\" data-base-font-size=\"16\">Status da conformidade<\/h6><p data-base-line-height=\"24\" data-base-font-size=\"16\">As Diretrizes de Acessibilidade para Conte\u00fado da Web (WCAG) definem os requisitos para que designers e desenvolvedores melhorem a acessibilidade para pessoas com necessidades especiais. Elas definem tr\u00eas n\u00edveis de conformidade: N\u00edvel A, N\u00edvel AA e N\u00edvel AAA.<\/p><p data-base-line-height=\"24\" data-base-font-size=\"16\">O site\u00a0<strong data-base-line-height=\"24\" data-base-font-size=\"16\">Taquary Filmes<\/strong>\u00a0est\u00e1 se esfor\u00e7ando constantemente para melhorar a acessibilidade do seu site e dos seus servi\u00e7os, acreditando que \u00e9 nossa obriga\u00e7\u00e3o moral coletiva permitir o uso cont\u00ednuo, acess\u00edvel e sem impedimentos para os portadores de necessidades especiais.<\/p><p data-base-line-height=\"24\" data-base-font-size=\"16\">Nosso objetivo \u00e9 tornar acess\u00edveis todas as p\u00e1ginas e conte\u00fados do site\u00a0<strong data-base-line-height=\"24\" data-base-font-size=\"16\">taquaryfilmes.com.br<\/strong>, mas alguns conte\u00fados podem ainda n\u00e3o atender completamente aos mais altos padr\u00f5es de acessibilidade. Isso pode ocorrer devido a desafios na identifica\u00e7\u00e3o da solu\u00e7\u00e3o tecnol\u00f3gica mais adequada.<\/p><p data-base-line-height=\"24\" data-base-font-size=\"16\">Podemos revisar esta declara\u00e7\u00e3o periodicamente, para refletir melhorias ou altera\u00e7\u00f5es nas nossas pr\u00e1ticas de acessibilidade.<\/p><h6 class=\"wp-block-heading\" data-base-line-height=\"19.2\" data-base-font-size=\"16\">Feedback<\/h6><p data-base-line-height=\"24\" data-base-font-size=\"16\">Agradecemos seu feedback sobre a acessibilidade do site\u00a0<strong data-base-line-height=\"24\" data-base-font-size=\"16\">Taquary Filmes<\/strong>. Caso encontre barreiras de acessibilidade em nosso site, fale conosco:<\/p><p data-base-line-height=\"24\" data-base-font-size=\"16\">E-mail:\u00a0<strong data-base-line-height=\"24\" data-base-font-size=\"16\">taquaryfilmes@gmail.com<\/strong><\/p><p data-base-line-height=\"24\" data-base-font-size=\"16\">Tentamos responder aos feedbacks dentro de 3 a 5 dias \u00fateis.<\/p><p data-base-line-height=\"24\" data-base-font-size=\"16\">Esta declara\u00e7\u00e3o foi criada em 03\/11\/2025.<\/p>\t\t\t\t\t\t\t\t<\/div>\n\t\t\t\t<\/div>\n\t\t\t\t<\/div>\n\t\t\t\t\t<\/div>\n\t\t\t\t<\/div>\n\t\t\t\t<\/div>","protected":false},"excerpt":{"rendered":"<p>Declara\u00e7\u00e3o de Acessibilidade Declara\u00e7\u00e3o de acessibilidade para taquaryfilmes.com.br O site\u00a0Taquary Filmes\u00a0tem o compromisso de garantir a acessibilidade digital para pessoas com necessidades especiais. Estamos melhorando continuamente a experi\u00eancia do usu\u00e1rio para todos, aplicando os padr\u00f5es de acessibilidade relevantes. Status da conformidade As Diretrizes de Acessibilidade para Conte\u00fado da Web (WCAG) definem os requisitos para que [&hellip;]<\/p>\n","protected":false},"author":1,"featured_media":0,"parent":0,"menu_order":0,"comment_status":"closed","ping_status":"closed","template":"elementor_header_footer","meta":{"_joinchat":[],"footnotes":""},"class_list":["post-2027","page","type-page","status-publish","hentry"],"aioseo_notices":[],"_links":{"self":[{"href":"https:\/\/taquaryfilmes.com.br\/en\/wp-json\/wp\/v2\/pages\/2027","targetHints":{"allow":["GET"]}}],"collection":[{"href":"https:\/\/taquaryfilmes.com.br\/en\/wp-json\/wp\/v2\/pages"}],"about":[{"href":"https:\/\/taquaryfilmes.com.br\/en\/wp-json\/wp\/v2\/types\/page"}],"author":[{"embeddable":true,"href":"https:\/\/taquaryfilmes.com.br\/en\/wp-json\/wp\/v2\/users\/1"}],"replies":[{"embeddable":true,"href":"https:\/\/taquaryfilmes.com.br\/en\/wp-json\/wp\/v2\/comments?post=2027"}],"version-history":[{"count":4,"href":"https:\/\/taquaryfilmes.com.br\/en\/wp-json\/wp\/v2\/pages\/2027\/revisions"}],"predecessor-version":[{"id":2032,"href":"https:\/\/taquaryfilmes.com.br\/en\/wp-json\/wp\/v2\/pages\/2027\/revisions\/2032"}],"wp:attachment":[{"href":"https:\/\/taquaryfilmes.com.br\/en\/wp-json\/wp\/v2\/media?parent=2027"}],"curies":[{"name":"wp","href":"https:\/\/api.w.org\/{rel}","templated":true}]}}