{"id":795,"date":"2025-04-21T11:58:34","date_gmt":"2025-04-21T14:58:34","guid":{"rendered":"https:\/\/taquaryfilmes.com.br\/?page_id=795"},"modified":"2025-07-22T10:48:09","modified_gmt":"2025-07-22T13:48:09","slug":"producoes","status":"publish","type":"page","link":"https:\/\/taquaryfilmes.com.br\/en\/producoes\/","title":{"rendered":"Projects"},"content":{"rendered":"<div data-elementor-type=\"wp-page\" data-elementor-id=\"795\" class=\"elementor elementor-795\">\n\t\t\t\t<div class=\"elementor-element elementor-element-bcb0c1c e-flex e-con-boxed e-con e-parent\" data-id=\"bcb0c1c\" data-element_type=\"container\" data-e-type=\"container\">\n\t\t\t\t\t<div class=\"e-con-inner\">\n\t\t\t\t<div class=\"elementor-element elementor-element-1388589 elementor-widget elementor-widget-heading\" data-id=\"1388589\" data-element_type=\"widget\" data-e-type=\"widget\" data-widget_type=\"heading.default\">\n\t\t\t\t<div class=\"elementor-widget-container\">\n\t\t\t\t\t<h2 class=\"elementor-heading-title elementor-size-default\">PROJECTS <\/h2>\t\t\t\t<\/div>\n\t\t\t\t<\/div>\n\t\t\t\t\t<\/div>\n\t\t\t\t<\/div>\n\t\t<div class=\"elementor-element elementor-element-420b189 e-flex e-con-boxed e-con e-parent\" data-id=\"420b189\" data-element_type=\"container\" data-e-type=\"container\">\n\t\t\t\t\t<div class=\"e-con-inner\">\n\t\t<div class=\"elementor-element elementor-element-019e886 e-con-full e-flex e-con e-child\" data-id=\"019e886\" data-element_type=\"container\" data-e-type=\"container\">\n\t\t\t\t<div class=\"elementor-element elementor-element-692d362 elementor-widget elementor-widget-image\" data-id=\"692d362\" data-element_type=\"widget\" data-e-type=\"widget\" data-widget_type=\"image.default\">\n\t\t\t\t<div class=\"elementor-widget-container\">\n\t\t\t\t\t\t\t\t\t\t\t\t\t\t\t\t<a href=\"https:\/\/taquaryfilmes.com.br\/index.php\/todos-esses-dias-em-que-sou-estrangeiro\/\">\n\t\t\t\t\t\t\t<img fetchpriority=\"high\" decoding=\"async\" width=\"750\" height=\"500\" src=\"https:\/\/taquaryfilmes.com.br\/wp-content\/uploads\/2025\/05\/aba-projetos.jpg\" class=\"elementor-animation-hang attachment-full size-full wp-image-1432\" alt=\"\" srcset=\"https:\/\/taquaryfilmes.com.br\/wp-content\/uploads\/2025\/05\/aba-projetos.jpg 750w, https:\/\/taquaryfilmes.com.br\/wp-content\/uploads\/2025\/05\/aba-projetos-300x200.jpg 300w, https:\/\/taquaryfilmes.com.br\/wp-content\/uploads\/2025\/05\/aba-projetos-18x12.jpg 18w\" sizes=\"(max-width: 750px) 100vw, 750px\" \/>\t\t\t\t\t\t\t\t<\/a>\n\t\t\t\t\t\t\t\t\t\t\t\t\t\t\t<\/div>\n\t\t\t\t<\/div>\n\t\t<div class=\"elementor-element elementor-element-b59fb9b e-con-full e-flex e-con e-child\" data-id=\"b59fb9b\" data-element_type=\"container\" data-e-type=\"container\">\n\t\t\t\t<div class=\"elementor-element elementor-element-1364059 elementor-widget elementor-widget-heading\" data-id=\"1364059\" data-element_type=\"widget\" data-e-type=\"widget\" data-widget_type=\"heading.default\">\n\t\t\t\t<div class=\"elementor-widget-container\">\n\t\t\t\t\t<h2 class=\"elementor-heading-title elementor-size-default\">ALL THESE DAYS WHEN I'M FOREIGNER<br>\nFeature Film | Dir. Eduardo Morot\u00f3<\/h2>\t\t\t\t<\/div>\n\t\t\t\t<\/div>\n\t\t<div class=\"elementor-element elementor-element-2f59af1 e-con-full e-flex e-con e-child\" data-id=\"2f59af1\" data-element_type=\"container\" data-e-type=\"container\">\n\t\t\t\t<div class=\"elementor-element elementor-element-a4da433 elementor-widget elementor-widget-text-editor\" data-id=\"a4da433\" data-element_type=\"widget\" data-e-type=\"widget\" data-widget_type=\"text-editor.default\">\n\t\t\t\t<div class=\"elementor-widget-container\">\n\t\t\t\t\t\t\t\t\t<p>BRAZIL, DCP, 4K, 90min, Color, Original Script, Portuguese.<br \/>Financing: Funcultura \u2013 PE (Regional arrangements) | Ancine | BRDE<br \/>Production Company: Taquary Filmes<\/p>\t\t\t\t\t\t\t\t<\/div>\n\t\t\t\t<\/div>\n\t\t\t\t<\/div>\n\t\t\t\t<\/div>\n\t\t\t\t<\/div>\n\t\t<div class=\"elementor-element elementor-element-c28f63c e-con-full e-flex e-con e-child\" data-id=\"c28f63c\" data-element_type=\"container\" data-e-type=\"container\">\n\t\t\t\t<div class=\"elementor-element elementor-element-79a5db7 elementor-widget elementor-widget-image\" data-id=\"79a5db7\" data-element_type=\"widget\" data-e-type=\"widget\" data-widget_type=\"image.default\">\n\t\t\t\t<div class=\"elementor-widget-container\">\n\t\t\t\t\t\t\t\t\t\t\t\t\t\t\t\t<a href=\"https:\/\/taquaryfilmes.com.br\/index.php\/moagem\/\">\n\t\t\t\t\t\t\t<img decoding=\"async\" width=\"750\" height=\"500\" src=\"https:\/\/taquaryfilmes.com.br\/wp-content\/uploads\/2025\/05\/FOTO-1.jpg\" class=\"elementor-animation-hang attachment-full size-full wp-image-1428\" alt=\"\" srcset=\"https:\/\/taquaryfilmes.com.br\/wp-content\/uploads\/2025\/05\/FOTO-1.jpg 750w, https:\/\/taquaryfilmes.com.br\/wp-content\/uploads\/2025\/05\/FOTO-1-300x200.jpg 300w, https:\/\/taquaryfilmes.com.br\/wp-content\/uploads\/2025\/05\/FOTO-1-18x12.jpg 18w\" sizes=\"(max-width: 750px) 100vw, 750px\" \/>\t\t\t\t\t\t\t\t<\/a>\n\t\t\t\t\t\t\t\t\t\t\t\t\t\t\t<\/div>\n\t\t\t\t<\/div>\n\t\t<div class=\"elementor-element elementor-element-6452e1b e-con-full e-flex e-con e-child\" data-id=\"6452e1b\" data-element_type=\"container\" data-e-type=\"container\">\n\t\t\t\t<div class=\"elementor-element elementor-element-3f054e4 elementor-widget elementor-widget-heading\" data-id=\"3f054e4\" data-element_type=\"widget\" data-e-type=\"widget\" data-widget_type=\"heading.default\">\n\t\t\t\t<div class=\"elementor-widget-container\">\n\t\t\t\t\t<h2 class=\"elementor-heading-title elementor-size-default\">MILLING<br>\nFeature Film | Dir. Ramon Batisa<\/h2>\t\t\t\t<\/div>\n\t\t\t\t<\/div>\n\t\t<div class=\"elementor-element elementor-element-075c82b e-con-full e-flex e-con e-child\" data-id=\"075c82b\" data-element_type=\"container\" data-e-type=\"container\">\n\t\t\t\t<div class=\"elementor-element elementor-element-245f8e3 elementor-widget elementor-widget-text-editor\" data-id=\"245f8e3\" data-element_type=\"widget\" data-e-type=\"widget\" data-widget_type=\"text-editor.default\">\n\t\t\t\t<div class=\"elementor-widget-container\">\n\t\t\t\t\t\t\t\t\t<p>BRAZIL, 4K, 80min, Documentary, Portuguese.<br \/>Production Company: Cai\u00e7ara Filmes, Filmes Urgentes e Taquary Filmes.<\/p>\t\t\t\t\t\t\t\t<\/div>\n\t\t\t\t<\/div>\n\t\t\t\t<\/div>\n\t\t\t\t<\/div>\n\t\t\t\t<\/div>\n\t\t<div class=\"elementor-element elementor-element-24a2b9e e-con-full e-flex e-con e-child\" data-id=\"24a2b9e\" data-element_type=\"container\" data-e-type=\"container\">\n\t\t\t\t<div class=\"elementor-element elementor-element-92621fc elementor-widget elementor-widget-image\" data-id=\"92621fc\" data-element_type=\"widget\" data-e-type=\"widget\" data-widget_type=\"image.default\">\n\t\t\t\t<div class=\"elementor-widget-container\">\n\t\t\t\t\t\t\t\t\t\t\t\t\t\t\t\t<a href=\"https:\/\/taquaryfilmes.com.br\/outono-em-ghotam-city\/\">\n\t\t\t\t\t\t\t<img decoding=\"async\" width=\"750\" height=\"500\" src=\"https:\/\/taquaryfilmes.com.br\/wp-content\/uploads\/2025\/05\/Ghothan-projetos.jpg\" class=\"elementor-animation-hang attachment-full size-full wp-image-1657\" alt=\"\" srcset=\"https:\/\/taquaryfilmes.com.br\/wp-content\/uploads\/2025\/05\/Ghothan-projetos.jpg 750w, https:\/\/taquaryfilmes.com.br\/wp-content\/uploads\/2025\/05\/Ghothan-projetos-300x200.jpg 300w, https:\/\/taquaryfilmes.com.br\/wp-content\/uploads\/2025\/05\/Ghothan-projetos-18x12.jpg 18w\" sizes=\"(max-width: 750px) 100vw, 750px\" \/>\t\t\t\t\t\t\t\t<\/a>\n\t\t\t\t\t\t\t\t\t\t\t\t\t\t\t<\/div>\n\t\t\t\t<\/div>\n\t\t<div class=\"elementor-element elementor-element-38b63b1 e-con-full e-flex e-con e-child\" data-id=\"38b63b1\" data-element_type=\"container\" data-e-type=\"container\">\n\t\t\t\t<div class=\"elementor-element elementor-element-948f7e7 elementor-widget elementor-widget-heading\" data-id=\"948f7e7\" data-element_type=\"widget\" data-e-type=\"widget\" data-widget_type=\"heading.default\">\n\t\t\t\t<div class=\"elementor-widget-container\">\n\t\t\t\t\t<h2 class=\"elementor-heading-title elementor-size-default\">AUTUMN IN GOTHAM CITY<br>\nFeature Film | Dir. Tiago A. Neves<\/h2>\t\t\t\t<\/div>\n\t\t\t\t<\/div>\n\t\t<div class=\"elementor-element elementor-element-047d235 e-con-full e-flex e-con e-child\" data-id=\"047d235\" data-element_type=\"container\" data-e-type=\"container\">\n\t\t\t\t<div class=\"elementor-element elementor-element-6d16dbf elementor-widget elementor-widget-text-editor\" data-id=\"6d16dbf\" data-element_type=\"widget\" data-e-type=\"widget\" data-widget_type=\"text-editor.default\">\n\t\t\t\t<div class=\"elementor-widget-container\">\n\t\t\t\t\t\t\t\t\t<p style=\"text-align: left;\">BRAZIL, 4k, 80min, Hibridy, Portuguese<br \/>Production Company: ICIMM, Toco Filmes, \u00c1gora Produ\u00e7\u00f5es<br \/>Coproduction: Taquary Filmes<\/p>\t\t\t\t\t\t\t\t<\/div>\n\t\t\t\t<\/div>\n\t\t\t\t<\/div>\n\t\t\t\t<\/div>\n\t\t\t\t<\/div>\n\t\t\t\t\t<\/div>\n\t\t\t\t<\/div>\n\t\t<div class=\"elementor-element elementor-element-4c3837f e-flex e-con-boxed e-con e-parent\" data-id=\"4c3837f\" data-element_type=\"container\" data-e-type=\"container\">\n\t\t\t\t\t<div class=\"e-con-inner\">\n\t\t<div class=\"elementor-element elementor-element-20e7630 e-con-full e-flex e-con e-child\" data-id=\"20e7630\" data-element_type=\"container\" data-e-type=\"container\">\n\t\t\t\t<div class=\"elementor-element elementor-element-ca0fb35 elementor-widget elementor-widget-image\" data-id=\"ca0fb35\" data-element_type=\"widget\" data-e-type=\"widget\" data-widget_type=\"image.default\">\n\t\t\t\t<div class=\"elementor-widget-container\">\n\t\t\t\t\t\t\t\t\t\t\t\t\t\t\t\t<a href=\"https:\/\/taquaryfilmes.com.br\/trapia\/\">\n\t\t\t\t\t\t\t<img loading=\"lazy\" decoding=\"async\" width=\"750\" height=\"500\" src=\"https:\/\/taquaryfilmes.com.br\/wp-content\/uploads\/2025\/05\/trapia-projetos.jpg\" class=\"elementor-animation-hang attachment-full size-full wp-image-1659\" alt=\"\" srcset=\"https:\/\/taquaryfilmes.com.br\/wp-content\/uploads\/2025\/05\/trapia-projetos.jpg 750w, https:\/\/taquaryfilmes.com.br\/wp-content\/uploads\/2025\/05\/trapia-projetos-300x200.jpg 300w, https:\/\/taquaryfilmes.com.br\/wp-content\/uploads\/2025\/05\/trapia-projetos-18x12.jpg 18w\" sizes=\"(max-width: 750px) 100vw, 750px\" \/>\t\t\t\t\t\t\t\t<\/a>\n\t\t\t\t\t\t\t\t\t\t\t\t\t\t\t<\/div>\n\t\t\t\t<\/div>\n\t\t<div class=\"elementor-element elementor-element-6733d11 e-con-full e-flex e-con e-child\" data-id=\"6733d11\" data-element_type=\"container\" data-e-type=\"container\">\n\t\t\t\t<div class=\"elementor-element elementor-element-2dfe8d0 elementor-widget elementor-widget-heading\" data-id=\"2dfe8d0\" data-element_type=\"widget\" data-e-type=\"widget\" data-widget_type=\"heading.default\">\n\t\t\t\t<div class=\"elementor-widget-container\">\n\t\t\t\t\t<h2 class=\"elementor-heading-title elementor-size-default\">TRAPI\u00c1, A DIFFERENT BACKLAND<br>\nFeature Film | Dir. Bertrand Lira<\/h2>\t\t\t\t<\/div>\n\t\t\t\t<\/div>\n\t\t<div class=\"elementor-element elementor-element-3caa78e e-con-full e-flex e-con e-child\" data-id=\"3caa78e\" data-element_type=\"container\" data-e-type=\"container\">\n\t\t\t\t<div class=\"elementor-element elementor-element-116c980 elementor-widget elementor-widget-text-editor\" data-id=\"116c980\" data-element_type=\"widget\" data-e-type=\"widget\" data-widget_type=\"text-editor.default\">\n\t\t\t\t<div class=\"elementor-widget-container\">\n\t\t\t\t\t\t\t\t\t<p style=\"text-align: left;\">BRAZIL, 4K, 90min, Fiction \/ Dramedy, Portuguese.<br \/>Production Company: Extrato de Cinema<br \/>Coproduction: Taquary Filmes<\/p>\t\t\t\t\t\t\t\t<\/div>\n\t\t\t\t<\/div>\n\t\t\t\t<\/div>\n\t\t\t\t<\/div>\n\t\t\t\t<\/div>\n\t\t<div class=\"elementor-element elementor-element-26d10eb e-con-full e-flex e-con e-child\" data-id=\"26d10eb\" data-element_type=\"container\" data-e-type=\"container\">\n\t\t\t\t<div class=\"elementor-element elementor-element-5f2a1ce elementor-widget elementor-widget-image\" data-id=\"5f2a1ce\" data-element_type=\"widget\" data-e-type=\"widget\" data-widget_type=\"image.default\">\n\t\t\t\t<div class=\"elementor-widget-container\">\n\t\t\t\t\t\t\t\t\t\t\t\t\t\t\t\t<a href=\"https:\/\/taquaryfilmes.com.br\/vagalumes-no-escuro\/\">\n\t\t\t\t\t\t\t<img loading=\"lazy\" decoding=\"async\" width=\"750\" height=\"500\" src=\"https:\/\/taquaryfilmes.com.br\/wp-content\/uploads\/2025\/05\/Vagalumes-projtos.jpg\" class=\"elementor-animation-hang attachment-full size-full wp-image-1660\" alt=\"\" srcset=\"https:\/\/taquaryfilmes.com.br\/wp-content\/uploads\/2025\/05\/Vagalumes-projtos.jpg 750w, https:\/\/taquaryfilmes.com.br\/wp-content\/uploads\/2025\/05\/Vagalumes-projtos-300x200.jpg 300w, https:\/\/taquaryfilmes.com.br\/wp-content\/uploads\/2025\/05\/Vagalumes-projtos-18x12.jpg 18w\" sizes=\"(max-width: 750px) 100vw, 750px\" \/>\t\t\t\t\t\t\t\t<\/a>\n\t\t\t\t\t\t\t\t\t\t\t\t\t\t\t<\/div>\n\t\t\t\t<\/div>\n\t\t<div class=\"elementor-element elementor-element-a1b141b e-con-full e-flex e-con e-child\" data-id=\"a1b141b\" data-element_type=\"container\" data-e-type=\"container\">\n\t\t\t\t<div class=\"elementor-element elementor-element-fb31640 elementor-widget elementor-widget-heading\" data-id=\"fb31640\" data-element_type=\"widget\" data-e-type=\"widget\" data-widget_type=\"heading.default\">\n\t\t\t\t<div class=\"elementor-widget-container\">\n\t\t\t\t\t<h2 class=\"elementor-heading-title elementor-size-default\">FIREFLIES IN THE DARK<br>\nFeature Film | Dir. Tiago A. Neves<\/h2>\t\t\t\t<\/div>\n\t\t\t\t<\/div>\n\t\t<div class=\"elementor-element elementor-element-4377fc3 e-con-full e-flex e-con e-child\" data-id=\"4377fc3\" data-element_type=\"container\" data-e-type=\"container\">\n\t\t\t\t<div class=\"elementor-element elementor-element-7f704b8 elementor-widget elementor-widget-text-editor\" data-id=\"7f704b8\" data-element_type=\"widget\" data-e-type=\"widget\" data-widget_type=\"text-editor.default\">\n\t\t\t\t<div class=\"elementor-widget-container\">\n\t\t\t\t\t\t\t\t\t<p style=\"text-align: left;\">BRAZIL, 4k, 80min, Hibridy, Portuguese<br \/>Production Company: ICIMM, Toco Filmes, \u00c1gora Produ\u00e7\u00f5es<br \/>Coproduction: Taquary Filmes<\/p>\t\t\t\t\t\t\t\t<\/div>\n\t\t\t\t<\/div>\n\t\t\t\t<\/div>\n\t\t\t\t<\/div>\n\t\t\t\t<\/div>\n\t\t\t\t\t<\/div>\n\t\t\t\t<\/div>\n\t\t\t\t<\/div>","protected":false},"excerpt":{"rendered":"<p>PROJETOS TODOS ESSES DIAS EM QUE SOU ESTRANGEIRO Longa Metragem | Dir. Eduardo Morot\u00f3 BRASIL, DCP, 4K, 90min, Color, Fic\u00e7\u00e3o, Roteiro Original, Portugu\u00easFinanciamento: Funcultura \u2013 PE (Arranjos regionais) | Ancine | BRDE.Produ\u00e7\u00e3o: Taquary Filmes MOAGEM Longa Metragem | Dir. Ramon Batista BRASIL, 4K, 80min, Document\u00e1rio, Portugu\u00easProdu\u00e7\u00e3o: Cai\u00e7ara Filmes, Filmes Urgentes e Taquary Filmes. OUTONO EM [&hellip;]<\/p>\n","protected":false},"author":1,"featured_media":0,"parent":0,"menu_order":0,"comment_status":"closed","ping_status":"closed","template":"","meta":{"_joinchat":[],"footnotes":""},"class_list":["post-795","page","type-page","status-publish","hentry"],"aioseo_notices":[],"_links":{"self":[{"href":"https:\/\/taquaryfilmes.com.br\/en\/wp-json\/wp\/v2\/pages\/795","targetHints":{"allow":["GET"]}}],"collection":[{"href":"https:\/\/taquaryfilmes.com.br\/en\/wp-json\/wp\/v2\/pages"}],"about":[{"href":"https:\/\/taquaryfilmes.com.br\/en\/wp-json\/wp\/v2\/types\/page"}],"author":[{"embeddable":true,"href":"https:\/\/taquaryfilmes.com.br\/en\/wp-json\/wp\/v2\/users\/1"}],"replies":[{"embeddable":true,"href":"https:\/\/taquaryfilmes.com.br\/en\/wp-json\/wp\/v2\/comments?post=795"}],"version-history":[{"count":203,"href":"https:\/\/taquaryfilmes.com.br\/en\/wp-json\/wp\/v2\/pages\/795\/revisions"}],"predecessor-version":[{"id":1918,"href":"https:\/\/taquaryfilmes.com.br\/en\/wp-json\/wp\/v2\/pages\/795\/revisions\/1918"}],"wp:attachment":[{"href":"https:\/\/taquaryfilmes.com.br\/en\/wp-json\/wp\/v2\/media?parent=795"}],"curies":[{"name":"wp","href":"https:\/\/api.w.org\/{rel}","templated":true}]}}