{"id":840,"date":"2025-04-21T13:13:04","date_gmt":"2025-04-21T16:13:04","guid":{"rendered":"https:\/\/taquaryfilmes.com.br\/?page_id=840"},"modified":"2025-05-04T14:21:41","modified_gmt":"2025-05-04T17:21:41","slug":"noticias","status":"publish","type":"page","link":"https:\/\/taquaryfilmes.com.br\/en\/noticias\/","title":{"rendered":"Press"},"content":{"rendered":"<div data-elementor-type=\"wp-page\" data-elementor-id=\"840\" class=\"elementor elementor-840\">\n\t\t\t\t<div class=\"elementor-element elementor-element-a31dacd e-flex e-con-boxed e-con e-parent\" data-id=\"a31dacd\" data-element_type=\"container\" data-e-type=\"container\">\n\t\t\t\t\t<div class=\"e-con-inner\">\n\t\t\t\t<div class=\"elementor-element elementor-element-22bee6e elementor-widget elementor-widget-heading\" data-id=\"22bee6e\" data-element_type=\"widget\" data-e-type=\"widget\" data-widget_type=\"heading.default\">\n\t\t\t\t<div class=\"elementor-widget-container\">\n\t\t\t\t\t<h2 class=\"elementor-heading-title elementor-size-default\">PRESS<\/h2>\t\t\t\t<\/div>\n\t\t\t\t<\/div>\n\t\t\t\t\t<\/div>\n\t\t\t\t<\/div>\n\t\t<div class=\"elementor-element elementor-element-19dd63b e-flex e-con-boxed e-con e-parent\" data-id=\"19dd63b\" data-element_type=\"container\" data-e-type=\"container\">\n\t\t\t\t\t<div class=\"e-con-inner\">\n\t\t<div class=\"elementor-element elementor-element-52474ba e-con-full e-flex e-con e-child\" data-id=\"52474ba\" data-element_type=\"container\" data-e-type=\"container\">\n\t\t\t\t<div class=\"elementor-element elementor-element-3bda24e elementor-widget elementor-widget-image\" data-id=\"3bda24e\" data-element_type=\"widget\" data-e-type=\"widget\" data-widget_type=\"image.default\">\n\t\t\t\t<div class=\"elementor-widget-container\">\n\t\t\t\t\t\t\t\t\t\t\t\t\t\t\t\t<a href=\"https:\/\/variety.com\/2023\/film\/global\/cesar-diaz-theo-court-ventana-proyecta-1235806544\/\" target=\"_blank\">\n\t\t\t\t\t\t\t<img fetchpriority=\"high\" decoding=\"async\" width=\"1016\" height=\"648\" src=\"https:\/\/taquaryfilmes.com.br\/wp-content\/uploads\/2025\/04\/IRMAOS-CARAIBA-2-1.png\" class=\"attachment-full size-full wp-image-845\" alt=\"\" srcset=\"https:\/\/taquaryfilmes.com.br\/wp-content\/uploads\/2025\/04\/IRMAOS-CARAIBA-2-1.png 1016w, https:\/\/taquaryfilmes.com.br\/wp-content\/uploads\/2025\/04\/IRMAOS-CARAIBA-2-1-300x191.png 300w, https:\/\/taquaryfilmes.com.br\/wp-content\/uploads\/2025\/04\/IRMAOS-CARAIBA-2-1-768x490.png 768w\" sizes=\"(max-width: 1016px) 100vw, 1016px\" \/>\t\t\t\t\t\t\t\t<\/a>\n\t\t\t\t\t\t\t\t\t\t\t\t\t\t\t<\/div>\n\t\t\t\t<\/div>\n\t\t<div class=\"elementor-element elementor-element-58762c6 e-con-full e-flex e-con e-child\" data-id=\"58762c6\" data-element_type=\"container\" data-e-type=\"container\">\n\t\t\t\t<div class=\"elementor-element elementor-element-0881b2d elementor-widget elementor-widget-heading\" data-id=\"0881b2d\" data-element_type=\"widget\" data-e-type=\"widget\" data-widget_type=\"heading.default\">\n\t\t\t\t<div class=\"elementor-widget-container\">\n\t\t\t\t\t<h2 class=\"elementor-heading-title elementor-size-default\">VARIETY: Ventana Sur\u2019s Proyecta: C\u00e9sar D\u00edaz, Theo Court and Urgent Social Tales Set in Latin America\u2019s Overlooked Regions<\/h2>\t\t\t\t<\/div>\n\t\t\t\t<\/div>\n\t\t<div class=\"elementor-element elementor-element-aa28cff e-con-full e-flex e-con e-child\" data-id=\"aa28cff\" data-element_type=\"container\" data-e-type=\"container\">\n\t\t\t\t<div class=\"elementor-element elementor-element-9a53507 elementor-widget elementor-widget-text-editor\" data-id=\"9a53507\" data-element_type=\"widget\" data-e-type=\"widget\" data-widget_type=\"text-editor.default\">\n\t\t\t\t<div class=\"elementor-widget-container\">\n\t\t\t\t\t\t\t\t\t<p>By\u00a0John Hopewell,\u00a0Pablo Sandoval<\/p>\t\t\t\t\t\t\t\t<\/div>\n\t\t\t\t<\/div>\n\t\t\t\t<\/div>\n\t\t\t\t<\/div>\n\t\t\t\t<\/div>\n\t\t<div class=\"elementor-element elementor-element-593f5af e-con-full e-flex e-con e-child\" data-id=\"593f5af\" data-element_type=\"container\" data-e-type=\"container\">\n\t\t\t\t<div class=\"elementor-element elementor-element-15e8dd9 elementor-widget elementor-widget-image\" data-id=\"15e8dd9\" data-element_type=\"widget\" data-e-type=\"widget\" data-widget_type=\"image.default\">\n\t\t\t\t<div class=\"elementor-widget-container\">\n\t\t\t\t\t\t\t\t\t\t\t\t\t\t\t\t<a href=\"https:\/\/www.latamcinema.com\/brlab-arranca-con-un-programa-ampliado-virtual-y-abierto-a-todo-publico\/\" target=\"_blank\">\n\t\t\t\t\t\t\t<img decoding=\"async\" width=\"1016\" height=\"648\" src=\"https:\/\/taquaryfilmes.com.br\/wp-content\/uploads\/2025\/04\/LatAm-IRMAOS-CARAIBA.png\" class=\"attachment-full size-full wp-image-846\" alt=\"\" srcset=\"https:\/\/taquaryfilmes.com.br\/wp-content\/uploads\/2025\/04\/LatAm-IRMAOS-CARAIBA.png 1016w, https:\/\/taquaryfilmes.com.br\/wp-content\/uploads\/2025\/04\/LatAm-IRMAOS-CARAIBA-300x191.png 300w, https:\/\/taquaryfilmes.com.br\/wp-content\/uploads\/2025\/04\/LatAm-IRMAOS-CARAIBA-768x490.png 768w\" sizes=\"(max-width: 1016px) 100vw, 1016px\" \/>\t\t\t\t\t\t\t\t<\/a>\n\t\t\t\t\t\t\t\t\t\t\t\t\t\t\t<\/div>\n\t\t\t\t<\/div>\n\t\t<div class=\"elementor-element elementor-element-efeb4f4 e-con-full e-flex e-con e-child\" data-id=\"efeb4f4\" data-element_type=\"container\" data-e-type=\"container\">\n\t\t\t\t<div class=\"elementor-element elementor-element-9dac92c elementor-widget elementor-widget-heading\" data-id=\"9dac92c\" data-element_type=\"widget\" data-e-type=\"widget\" data-widget_type=\"heading.default\">\n\t\t\t\t<div class=\"elementor-widget-container\">\n\t\t\t\t\t<h2 class=\"elementor-heading-title elementor-size-default\">LatAm: BrLab arranca con un programa ampliado, virtual y abierto a todo p\u00fablico<\/h2>\t\t\t\t<\/div>\n\t\t\t\t<\/div>\n\t\t<div class=\"elementor-element elementor-element-1aec86d e-con-full e-flex e-con e-child\" data-id=\"1aec86d\" data-element_type=\"container\" data-e-type=\"container\">\n\t\t\t\t<div class=\"elementor-element elementor-element-9cb2f63 elementor-widget elementor-widget-text-editor\" data-id=\"9cb2f63\" data-element_type=\"widget\" data-e-type=\"widget\" data-widget_type=\"text-editor.default\">\n\t\t\t\t<div class=\"elementor-widget-container\">\n\t\t\t\t\t\t\t\t\t<p>By MG<\/p>\t\t\t\t\t\t\t\t<\/div>\n\t\t\t\t<\/div>\n\t\t\t\t<\/div>\n\t\t\t\t<\/div>\n\t\t\t\t<\/div>\n\t\t<div class=\"elementor-element elementor-element-5fea7ab e-con-full e-flex e-con e-child\" data-id=\"5fea7ab\" data-element_type=\"container\" data-e-type=\"container\">\n\t\t\t\t<div class=\"elementor-element elementor-element-a6b7434 elementor-widget elementor-widget-image\" data-id=\"a6b7434\" data-element_type=\"widget\" data-e-type=\"widget\" data-widget_type=\"image.default\">\n\t\t\t\t<div class=\"elementor-widget-container\">\n\t\t\t\t\t\t\t\t\t\t\t\t\t\t\t\t<a href=\"https:\/\/www.projetoparadiso.org.br\/noticias\/treze-projetos-sao-selecionados-para-encontro-de-coproducao-do-brlab\/\" target=\"_blank\">\n\t\t\t\t\t\t\t<img decoding=\"async\" width=\"1016\" height=\"648\" src=\"https:\/\/taquaryfilmes.com.br\/wp-content\/uploads\/2025\/04\/projeto-paradiso-IRMAOS-CARAIBA.png\" class=\"attachment-full size-full wp-image-850\" alt=\"\" srcset=\"https:\/\/taquaryfilmes.com.br\/wp-content\/uploads\/2025\/04\/projeto-paradiso-IRMAOS-CARAIBA.png 1016w, https:\/\/taquaryfilmes.com.br\/wp-content\/uploads\/2025\/04\/projeto-paradiso-IRMAOS-CARAIBA-300x191.png 300w, https:\/\/taquaryfilmes.com.br\/wp-content\/uploads\/2025\/04\/projeto-paradiso-IRMAOS-CARAIBA-768x490.png 768w\" sizes=\"(max-width: 1016px) 100vw, 1016px\" \/>\t\t\t\t\t\t\t\t<\/a>\n\t\t\t\t\t\t\t\t\t\t\t\t\t\t\t<\/div>\n\t\t\t\t<\/div>\n\t\t<div class=\"elementor-element elementor-element-09ea9de e-con-full e-flex e-con e-child\" data-id=\"09ea9de\" data-element_type=\"container\" data-e-type=\"container\">\n\t\t\t\t<div class=\"elementor-element elementor-element-7e4269a elementor-widget elementor-widget-heading\" data-id=\"7e4269a\" data-element_type=\"widget\" data-e-type=\"widget\" data-widget_type=\"heading.default\">\n\t\t\t\t<div class=\"elementor-widget-container\">\n\t\t\t\t\t<h2 class=\"elementor-heading-title elementor-size-default\">Projeto Paradiso: Treze projetos s\u00e3o selecionados para encontro de coprodu\u00e7\u00e3o do BrLab<\/h2>\t\t\t\t<\/div>\n\t\t\t\t<\/div>\n\t\t<div class=\"elementor-element elementor-element-262f18a e-con-full e-flex e-con e-child\" data-id=\"262f18a\" data-element_type=\"container\" data-e-type=\"container\">\n\t\t\t\t<div class=\"elementor-element elementor-element-4dd1c62 elementor-widget elementor-widget-text-editor\" data-id=\"4dd1c62\" data-element_type=\"widget\" data-e-type=\"widget\" data-widget_type=\"text-editor.default\">\n\t\t\t\t<div class=\"elementor-widget-container\">\n\t\t\t\t\t\t\t\t\t<p>By Projeto Paradiso<\/p>\t\t\t\t\t\t\t\t<\/div>\n\t\t\t\t<\/div>\n\t\t\t\t<\/div>\n\t\t\t\t<\/div>\n\t\t\t\t<\/div>\n\t\t\t\t\t<\/div>\n\t\t\t\t<\/div>\n\t\t<div class=\"elementor-element elementor-element-a96f8eb e-flex e-con-boxed e-con e-parent\" data-id=\"a96f8eb\" data-element_type=\"container\" data-e-type=\"container\">\n\t\t\t\t\t<div class=\"e-con-inner\">\n\t\t<div class=\"elementor-element elementor-element-cc23dcc e-con-full e-flex e-con e-child\" data-id=\"cc23dcc\" data-element_type=\"container\" data-e-type=\"container\">\n\t\t\t\t<div class=\"elementor-element elementor-element-e03d433 elementor-widget elementor-widget-image\" data-id=\"e03d433\" data-element_type=\"widget\" data-e-type=\"widget\" data-widget_type=\"image.default\">\n\t\t\t\t<div class=\"elementor-widget-container\">\n\t\t\t\t\t\t\t\t\t\t\t\t\t\t\t\t<a href=\"https:\/\/jc.uol.com.br\/cultura\/2024\/03\/15\/festival-curta-taquary-exibe-mais-de-60-filmes-no-agreste-de-pernambuco-veja-programacao.html\" target=\"_blank\">\n\t\t\t\t\t\t\t<img loading=\"lazy\" decoding=\"async\" width=\"1016\" height=\"648\" src=\"https:\/\/taquaryfilmes.com.br\/wp-content\/uploads\/2025\/04\/Curta-taquary.png\" class=\"attachment-full size-full wp-image-855\" alt=\"\" srcset=\"https:\/\/taquaryfilmes.com.br\/wp-content\/uploads\/2025\/04\/Curta-taquary.png 1016w, https:\/\/taquaryfilmes.com.br\/wp-content\/uploads\/2025\/04\/Curta-taquary-300x191.png 300w, https:\/\/taquaryfilmes.com.br\/wp-content\/uploads\/2025\/04\/Curta-taquary-768x490.png 768w\" sizes=\"(max-width: 1016px) 100vw, 1016px\" \/>\t\t\t\t\t\t\t\t<\/a>\n\t\t\t\t\t\t\t\t\t\t\t\t\t\t\t<\/div>\n\t\t\t\t<\/div>\n\t\t<div class=\"elementor-element elementor-element-7a7ef4a e-con-full e-flex e-con e-child\" data-id=\"7a7ef4a\" data-element_type=\"container\" data-e-type=\"container\">\n\t\t\t\t<div class=\"elementor-element elementor-element-0a75d12 elementor-widget elementor-widget-heading\" data-id=\"0a75d12\" data-element_type=\"widget\" data-e-type=\"widget\" data-widget_type=\"heading.default\">\n\t\t\t\t<div class=\"elementor-widget-container\">\n\t\t\t\t\t<h2 class=\"elementor-heading-title elementor-size-default\">UOL (JC PE): Festival Curta Taquary exibe mais de 60 filmes no Agreste de Pernambuco; veja programa\u00e7\u00e3o<\/h2>\t\t\t\t<\/div>\n\t\t\t\t<\/div>\n\t\t<div class=\"elementor-element elementor-element-a0c093a e-con-full e-flex e-con e-child\" data-id=\"a0c093a\" data-element_type=\"container\" data-e-type=\"container\">\n\t\t\t\t<div class=\"elementor-element elementor-element-d65a9cf elementor-widget elementor-widget-text-editor\" data-id=\"d65a9cf\" data-element_type=\"widget\" data-e-type=\"widget\" data-widget_type=\"text-editor.default\">\n\t\t\t\t<div class=\"elementor-widget-container\">\n\t\t\t\t\t\t\t\t\t<p>By Emannuel Bento<\/p>\t\t\t\t\t\t\t\t<\/div>\n\t\t\t\t<\/div>\n\t\t\t\t<\/div>\n\t\t\t\t<\/div>\n\t\t\t\t<\/div>\n\t\t<div class=\"elementor-element elementor-element-b304611 e-con-full e-flex e-con e-child\" data-id=\"b304611\" data-element_type=\"container\" data-e-type=\"container\">\n\t\t\t\t<div class=\"elementor-element elementor-element-4b10eec elementor-widget elementor-widget-image\" data-id=\"4b10eec\" data-element_type=\"widget\" data-e-type=\"widget\" data-widget_type=\"image.default\">\n\t\t\t\t<div class=\"elementor-widget-container\">\n\t\t\t\t\t\t\t\t\t\t\t\t\t\t\t\t<a href=\"https:\/\/www.folhape.com.br\/cultura\/cinema-curta-taquary-agreste-pernambuco\/392316\/\" target=\"_blank\">\n\t\t\t\t\t\t\t<img loading=\"lazy\" decoding=\"async\" width=\"1016\" height=\"648\" src=\"https:\/\/taquaryfilmes.com.br\/wp-content\/uploads\/2025\/04\/FOLHA-DE-PE.png\" class=\"attachment-full size-full wp-image-859\" alt=\"\" srcset=\"https:\/\/taquaryfilmes.com.br\/wp-content\/uploads\/2025\/04\/FOLHA-DE-PE.png 1016w, https:\/\/taquaryfilmes.com.br\/wp-content\/uploads\/2025\/04\/FOLHA-DE-PE-300x191.png 300w, https:\/\/taquaryfilmes.com.br\/wp-content\/uploads\/2025\/04\/FOLHA-DE-PE-768x490.png 768w\" sizes=\"(max-width: 1016px) 100vw, 1016px\" \/>\t\t\t\t\t\t\t\t<\/a>\n\t\t\t\t\t\t\t\t\t\t\t\t\t\t\t<\/div>\n\t\t\t\t<\/div>\n\t\t<div class=\"elementor-element elementor-element-de850c4 e-con-full e-flex e-con e-child\" data-id=\"de850c4\" data-element_type=\"container\" data-e-type=\"container\">\n\t\t\t\t<div class=\"elementor-element elementor-element-32150f4 elementor-widget elementor-widget-heading\" data-id=\"32150f4\" data-element_type=\"widget\" data-e-type=\"widget\" data-widget_type=\"heading.default\">\n\t\t\t\t<div class=\"elementor-widget-container\">\n\t\t\t\t\t<h2 class=\"elementor-heading-title elementor-size-default\">Folha de Pernambuco: Curta Taquary - programa\u00e7\u00e3o ter\u00e1 filmes das cinco regi\u00f5es do Pa\u00eds; saiba detalhes<\/h2>\t\t\t\t<\/div>\n\t\t\t\t<\/div>\n\t\t<div class=\"elementor-element elementor-element-336b1db e-con-full e-flex e-con e-child\" data-id=\"336b1db\" data-element_type=\"container\" data-e-type=\"container\">\n\t\t\t\t<div class=\"elementor-element elementor-element-7b9baef elementor-widget elementor-widget-text-editor\" data-id=\"7b9baef\" data-element_type=\"widget\" data-e-type=\"widget\" data-widget_type=\"text-editor.default\">\n\t\t\t\t<div class=\"elementor-widget-container\">\n\t\t\t\t\t\t\t\t\t<p>By Germana Macambira<\/p>\t\t\t\t\t\t\t\t<\/div>\n\t\t\t\t<\/div>\n\t\t\t\t<\/div>\n\t\t\t\t<\/div>\n\t\t\t\t<\/div>\n\t\t<div class=\"elementor-element elementor-element-d15d5ec e-con-full e-flex e-con e-child\" data-id=\"d15d5ec\" data-element_type=\"container\" data-e-type=\"container\">\n\t\t\t\t<div class=\"elementor-element elementor-element-6d8e0e5 elementor-widget elementor-widget-image\" data-id=\"6d8e0e5\" data-element_type=\"widget\" data-e-type=\"widget\" data-widget_type=\"image.default\">\n\t\t\t\t<div class=\"elementor-widget-container\">\n\t\t\t\t\t\t\t\t\t\t\t\t\t\t\t\t<a href=\"https:\/\/jc.uol.com.br\/cultura\/2022\/01\/14931740-15-festival-curta-taquary-do-agreste-plantara-uma-especie-nativa-a-cada-inscricao.html\" target=\"_blank\">\n\t\t\t\t\t\t\t<img loading=\"lazy\" decoding=\"async\" width=\"1016\" height=\"648\" src=\"https:\/\/taquaryfilmes.com.br\/wp-content\/uploads\/2025\/05\/01-CT.jpg\" class=\"attachment-full size-full wp-image-1487\" alt=\"\" srcset=\"https:\/\/taquaryfilmes.com.br\/wp-content\/uploads\/2025\/05\/01-CT.jpg 1016w, https:\/\/taquaryfilmes.com.br\/wp-content\/uploads\/2025\/05\/01-CT-300x191.jpg 300w, https:\/\/taquaryfilmes.com.br\/wp-content\/uploads\/2025\/05\/01-CT-768x490.jpg 768w, https:\/\/taquaryfilmes.com.br\/wp-content\/uploads\/2025\/05\/01-CT-18x12.jpg 18w\" sizes=\"(max-width: 1016px) 100vw, 1016px\" \/>\t\t\t\t\t\t\t\t<\/a>\n\t\t\t\t\t\t\t\t\t\t\t\t\t\t\t<\/div>\n\t\t\t\t<\/div>\n\t\t<div class=\"elementor-element elementor-element-c02304f e-con-full e-flex e-con e-child\" data-id=\"c02304f\" data-element_type=\"container\" data-e-type=\"container\">\n\t\t\t\t<div class=\"elementor-element elementor-element-1c40cb6 elementor-widget elementor-widget-heading\" data-id=\"1c40cb6\" data-element_type=\"widget\" data-e-type=\"widget\" data-widget_type=\"heading.default\">\n\t\t\t\t<div class=\"elementor-widget-container\">\n\t\t\t\t\t<h2 class=\"elementor-heading-title elementor-size-default\">Folha de Pernambuco: 15\u00ba Festival Curta Taquary plantar\u00e1 uma esp\u00e9cie nativa a cada filme inscrito<\/h2>\t\t\t\t<\/div>\n\t\t\t\t<\/div>\n\t\t<div class=\"elementor-element elementor-element-bd6f4ec e-con-full e-flex e-con e-child\" data-id=\"bd6f4ec\" data-element_type=\"container\" data-e-type=\"container\">\n\t\t\t\t<div class=\"elementor-element elementor-element-c8a042d elementor-widget elementor-widget-text-editor\" data-id=\"c8a042d\" data-element_type=\"widget\" data-e-type=\"widget\" data-widget_type=\"text-editor.default\">\n\t\t\t\t<div class=\"elementor-widget-container\">\n\t\t\t\t\t\t\t\t\t<p>By Emannuel Bento<\/p>\t\t\t\t\t\t\t\t<\/div>\n\t\t\t\t<\/div>\n\t\t\t\t<\/div>\n\t\t\t\t<\/div>\n\t\t\t\t<\/div>\n\t\t\t\t\t<\/div>\n\t\t\t\t<\/div>\n\t\t<div class=\"elementor-element elementor-element-e775b13 e-flex e-con-boxed e-con e-parent\" data-id=\"e775b13\" data-element_type=\"container\" data-e-type=\"container\">\n\t\t\t\t\t<div class=\"e-con-inner\">\n\t\t<div class=\"elementor-element elementor-element-6baf00c e-con-full e-flex e-con e-child\" data-id=\"6baf00c\" data-element_type=\"container\" data-e-type=\"container\">\n\t\t\t\t<div class=\"elementor-element elementor-element-d967cd7 elementor-widget elementor-widget-image\" data-id=\"d967cd7\" data-element_type=\"widget\" data-e-type=\"widget\" data-widget_type=\"image.default\">\n\t\t\t\t<div class=\"elementor-widget-container\">\n\t\t\t\t\t\t\t\t\t\t\t\t\t\t\t\t<a href=\"https:\/\/www.festivaldebiarritz.com\/es\/film\/repulsa\/\" target=\"_blank\">\n\t\t\t\t\t\t\t<img loading=\"lazy\" decoding=\"async\" width=\"1016\" height=\"648\" src=\"https:\/\/taquaryfilmes.com.br\/wp-content\/uploads\/2025\/05\/repulsa-biarritz.jpg\" class=\"attachment-full size-full wp-image-1498\" alt=\"\" srcset=\"https:\/\/taquaryfilmes.com.br\/wp-content\/uploads\/2025\/05\/repulsa-biarritz.jpg 1016w, https:\/\/taquaryfilmes.com.br\/wp-content\/uploads\/2025\/05\/repulsa-biarritz-300x191.jpg 300w, https:\/\/taquaryfilmes.com.br\/wp-content\/uploads\/2025\/05\/repulsa-biarritz-768x490.jpg 768w, https:\/\/taquaryfilmes.com.br\/wp-content\/uploads\/2025\/05\/repulsa-biarritz-18x12.jpg 18w\" sizes=\"(max-width: 1016px) 100vw, 1016px\" \/>\t\t\t\t\t\t\t\t<\/a>\n\t\t\t\t\t\t\t\t\t\t\t\t\t\t\t<\/div>\n\t\t\t\t<\/div>\n\t\t<div class=\"elementor-element elementor-element-702a7ca e-con-full e-flex e-con e-child\" data-id=\"702a7ca\" data-element_type=\"container\" data-e-type=\"container\">\n\t\t\t\t<div class=\"elementor-element elementor-element-036f955 elementor-widget elementor-widget-heading\" data-id=\"036f955\" data-element_type=\"widget\" data-e-type=\"widget\" data-widget_type=\"heading.default\">\n\t\t\t\t<div class=\"elementor-widget-container\">\n\t\t\t\t\t<h2 class=\"elementor-heading-title elementor-size-default\">Festival Biarritz Am\u00e9rique Latine 2018<\/h2>\t\t\t\t<\/div>\n\t\t\t\t<\/div>\n\t\t<div class=\"elementor-element elementor-element-ef88553 e-con-full e-flex e-con e-child\" data-id=\"ef88553\" data-element_type=\"container\" data-e-type=\"container\">\n\t\t\t\t<\/div>\n\t\t\t\t<\/div>\n\t\t\t\t<\/div>\n\t\t<div class=\"elementor-element elementor-element-91aacf4 e-con-full e-flex e-con e-child\" data-id=\"91aacf4\" data-element_type=\"container\" data-e-type=\"container\">\n\t\t\t\t<div class=\"elementor-element elementor-element-acd7cd4 elementor-widget elementor-widget-image\" data-id=\"acd7cd4\" data-element_type=\"widget\" data-e-type=\"widget\" data-widget_type=\"image.default\">\n\t\t\t\t<div class=\"elementor-widget-container\">\n\t\t\t\t\t\t\t\t\t\t\t\t\t\t\t\t<a href=\"https:\/\/www.cultura.pe.gov.br\/canal\/funcultura\/curta-taquary-e-resistencia-e-cinema-no-interior\/\" target=\"_blank\">\n\t\t\t\t\t\t\t<img loading=\"lazy\" decoding=\"async\" width=\"1016\" height=\"648\" src=\"https:\/\/taquaryfilmes.com.br\/wp-content\/uploads\/2025\/05\/cultura-pe-1.jpg\" class=\"attachment-full size-full wp-image-1505\" alt=\"\" srcset=\"https:\/\/taquaryfilmes.com.br\/wp-content\/uploads\/2025\/05\/cultura-pe-1.jpg 1016w, https:\/\/taquaryfilmes.com.br\/wp-content\/uploads\/2025\/05\/cultura-pe-1-300x191.jpg 300w, https:\/\/taquaryfilmes.com.br\/wp-content\/uploads\/2025\/05\/cultura-pe-1-768x490.jpg 768w, https:\/\/taquaryfilmes.com.br\/wp-content\/uploads\/2025\/05\/cultura-pe-1-18x12.jpg 18w\" sizes=\"(max-width: 1016px) 100vw, 1016px\" \/>\t\t\t\t\t\t\t\t<\/a>\n\t\t\t\t\t\t\t\t\t\t\t\t\t\t\t<\/div>\n\t\t\t\t<\/div>\n\t\t<div class=\"elementor-element elementor-element-11035c5 e-con-full e-flex e-con e-child\" data-id=\"11035c5\" data-element_type=\"container\" data-e-type=\"container\">\n\t\t\t\t<div class=\"elementor-element elementor-element-26f20d3 elementor-widget elementor-widget-heading\" data-id=\"26f20d3\" data-element_type=\"widget\" data-e-type=\"widget\" data-widget_type=\"heading.default\">\n\t\t\t\t<div class=\"elementor-widget-container\">\n\t\t\t\t\t<h2 class=\"elementor-heading-title elementor-size-default\">Cultura PE: Curta Taquary \u00e9 resist\u00eancia, \u00e9 cinema no interior!<\/h2>\t\t\t\t<\/div>\n\t\t\t\t<\/div>\n\t\t<div class=\"elementor-element elementor-element-59612ed e-con-full e-flex e-con e-child\" data-id=\"59612ed\" data-element_type=\"container\" data-e-type=\"container\">\n\t\t\t\t<div class=\"elementor-element elementor-element-595e524 elementor-widget elementor-widget-text-editor\" data-id=\"595e524\" data-element_type=\"widget\" data-e-type=\"widget\" data-widget_type=\"text-editor.default\">\n\t\t\t\t<div class=\"elementor-widget-container\">\n\t\t\t\t\t\t\t\t\t<p>By Tiago Montenegro<\/p>\t\t\t\t\t\t\t\t<\/div>\n\t\t\t\t<\/div>\n\t\t\t\t<\/div>\n\t\t\t\t<\/div>\n\t\t\t\t<\/div>\n\t\t<div class=\"elementor-element elementor-element-0e6234b e-con-full e-flex e-con e-child\" data-id=\"0e6234b\" data-element_type=\"container\" data-e-type=\"container\">\n\t\t\t\t<div class=\"elementor-element elementor-element-8951907 elementor-widget elementor-widget-image\" data-id=\"8951907\" data-element_type=\"widget\" data-e-type=\"widget\" data-widget_type=\"image.default\">\n\t\t\t\t<div class=\"elementor-widget-container\">\n\t\t\t\t\t\t\t\t\t\t\t\t\t\t\t\t<a href=\"https:\/\/www.bisff.org\/bbs\/board.php?bo_table=noticeeng&#038;wr_id=70&#038;page=4\" target=\"_blank\">\n\t\t\t\t\t\t\t<img loading=\"lazy\" decoding=\"async\" width=\"1016\" height=\"648\" src=\"https:\/\/taquaryfilmes.com.br\/wp-content\/uploads\/2025\/05\/cultura-pe-2.jpg\" class=\"attachment-full size-full wp-image-1509\" alt=\"\" srcset=\"https:\/\/taquaryfilmes.com.br\/wp-content\/uploads\/2025\/05\/cultura-pe-2.jpg 1016w, https:\/\/taquaryfilmes.com.br\/wp-content\/uploads\/2025\/05\/cultura-pe-2-300x191.jpg 300w, https:\/\/taquaryfilmes.com.br\/wp-content\/uploads\/2025\/05\/cultura-pe-2-768x490.jpg 768w, https:\/\/taquaryfilmes.com.br\/wp-content\/uploads\/2025\/05\/cultura-pe-2-18x12.jpg 18w\" sizes=\"(max-width: 1016px) 100vw, 1016px\" \/>\t\t\t\t\t\t\t\t<\/a>\n\t\t\t\t\t\t\t\t\t\t\t\t\t\t\t<\/div>\n\t\t\t\t<\/div>\n\t\t<div class=\"elementor-element elementor-element-36827d6 e-con-full e-flex e-con e-child\" data-id=\"36827d6\" data-element_type=\"container\" data-e-type=\"container\">\n\t\t\t\t<div class=\"elementor-element elementor-element-9b2c664 elementor-widget elementor-widget-heading\" data-id=\"9b2c664\" data-element_type=\"widget\" data-e-type=\"widget\" data-widget_type=\"heading.default\">\n\t\t\t\t<div class=\"elementor-widget-container\">\n\t\t\t\t\t<h2 class=\"elementor-heading-title elementor-size-default\">Busan International Short Film Festival 2018<\/h2>\t\t\t\t<\/div>\n\t\t\t\t<\/div>\n\t\t<div class=\"elementor-element elementor-element-1823f96 e-con-full e-flex e-con e-child\" data-id=\"1823f96\" data-element_type=\"container\" data-e-type=\"container\">\n\t\t\t\t<\/div>\n\t\t\t\t<\/div>\n\t\t\t\t<\/div>\n\t\t\t\t\t<\/div>\n\t\t\t\t<\/div>\n\t\t\t\t<\/div>","protected":false},"excerpt":{"rendered":"<p>IMPRENSA VARIETY: Ventana Sur\u2019s Proyecta: C\u00e9sar D\u00edaz, Theo Court and Urgent Social Tales Set in Latin America\u2019s Overlooked Regions By\u00a0John Hopewell,\u00a0Pablo Sandoval LatAm: BrLab arranca con un programa ampliado, virtual y abierto a todo p\u00fablico By MG Projeto Paradiso: Treze projetos s\u00e3o selecionados para encontro de coprodu\u00e7\u00e3o do BrLab By Projeto Paradiso UOL (JC PE): [&hellip;]<\/p>\n","protected":false},"author":1,"featured_media":0,"parent":0,"menu_order":0,"comment_status":"closed","ping_status":"closed","template":"","meta":{"_joinchat":[],"footnotes":""},"class_list":["post-840","page","type-page","status-publish","hentry"],"aioseo_notices":[],"_links":{"self":[{"href":"https:\/\/taquaryfilmes.com.br\/en\/wp-json\/wp\/v2\/pages\/840","targetHints":{"allow":["GET"]}}],"collection":[{"href":"https:\/\/taquaryfilmes.com.br\/en\/wp-json\/wp\/v2\/pages"}],"about":[{"href":"https:\/\/taquaryfilmes.com.br\/en\/wp-json\/wp\/v2\/types\/page"}],"author":[{"embeddable":true,"href":"https:\/\/taquaryfilmes.com.br\/en\/wp-json\/wp\/v2\/users\/1"}],"replies":[{"embeddable":true,"href":"https:\/\/taquaryfilmes.com.br\/en\/wp-json\/wp\/v2\/comments?post=840"}],"version-history":[{"count":74,"href":"https:\/\/taquaryfilmes.com.br\/en\/wp-json\/wp\/v2\/pages\/840\/revisions"}],"predecessor-version":[{"id":1528,"href":"https:\/\/taquaryfilmes.com.br\/en\/wp-json\/wp\/v2\/pages\/840\/revisions\/1528"}],"wp:attachment":[{"href":"https:\/\/taquaryfilmes.com.br\/en\/wp-json\/wp\/v2\/media?parent=840"}],"curies":[{"name":"wp","href":"https:\/\/api.w.org\/{rel}","templated":true}]}}