{"id":988,"date":"2025-04-21T15:21:14","date_gmt":"2025-04-21T18:21:14","guid":{"rendered":"https:\/\/taquaryfilmes.com.br\/?page_id=988"},"modified":"2025-07-22T10:43:32","modified_gmt":"2025-07-22T13:43:32","slug":"trapia","status":"publish","type":"page","link":"https:\/\/taquaryfilmes.com.br\/en\/trapia\/","title":{"rendered":"Trapi\u00e1"},"content":{"rendered":"<div data-elementor-type=\"wp-page\" data-elementor-id=\"988\" class=\"elementor elementor-988\">\n\t\t\t\t<div class=\"elementor-element elementor-element-8a21d6c e-flex e-con-boxed e-con e-parent\" data-id=\"8a21d6c\" data-element_type=\"container\" data-e-type=\"container\">\n\t\t\t\t\t<div class=\"e-con-inner\">\n\t\t\t\t<div class=\"elementor-element elementor-element-b696084 elementor-widget elementor-widget-image\" data-id=\"b696084\" data-element_type=\"widget\" data-e-type=\"widget\" data-widget_type=\"image.default\">\n\t\t\t\t<div class=\"elementor-widget-container\">\n\t\t\t\t\t\t\t\t\t\t\t\t\t\t\t<img fetchpriority=\"high\" decoding=\"async\" width=\"800\" height=\"450\" src=\"https:\/\/taquaryfilmes.com.br\/wp-content\/uploads\/2025\/04\/Still-Trapia-01-1-1024x576.jpg\" class=\"attachment-large size-large wp-image-1124\" alt=\"\" srcset=\"https:\/\/taquaryfilmes.com.br\/wp-content\/uploads\/2025\/04\/Still-Trapia-01-1-1024x576.jpg 1024w, https:\/\/taquaryfilmes.com.br\/wp-content\/uploads\/2025\/04\/Still-Trapia-01-1-300x169.jpg 300w, https:\/\/taquaryfilmes.com.br\/wp-content\/uploads\/2025\/04\/Still-Trapia-01-1-768x432.jpg 768w, https:\/\/taquaryfilmes.com.br\/wp-content\/uploads\/2025\/04\/Still-Trapia-01-1-1536x864.jpg 1536w, https:\/\/taquaryfilmes.com.br\/wp-content\/uploads\/2025\/04\/Still-Trapia-01-1.jpg 1600w\" sizes=\"(max-width: 800px) 100vw, 800px\" \/>\t\t\t\t\t\t\t\t\t\t\t\t\t\t\t<\/div>\n\t\t\t\t<\/div>\n\t\t\t\t\t<\/div>\n\t\t\t\t<\/div>\n\t\t<div class=\"elementor-element elementor-element-28a3fe8 e-flex e-con-boxed e-con e-parent\" data-id=\"28a3fe8\" data-element_type=\"container\" data-e-type=\"container\">\n\t\t\t\t\t<div class=\"e-con-inner\">\n\t\t\t\t<div class=\"elementor-element elementor-element-5ed85ff elementor-widget elementor-widget-text-editor\" data-id=\"5ed85ff\" data-element_type=\"widget\" data-e-type=\"widget\" data-widget_type=\"text-editor.default\">\n\t\t\t\t<div class=\"elementor-widget-container\">\n\t\t\t\t\t\t\t\t\t<p style=\"text-align: center;\">\u201cTraip\u00e1, a different backland\"<br \/>BRAZIL, 4K, 90min, Fiction \/ Dramedy, Portuguese.<br \/>Production Company: Extrato de Cinema<br \/>Coproduction: Taquary Filmes<\/p>\t\t\t\t\t\t\t\t<\/div>\n\t\t\t\t<\/div>\n\t\t\t\t\t<\/div>\n\t\t\t\t<\/div>\n\t\t<div class=\"elementor-element elementor-element-d537b75 e-flex e-con-boxed e-con e-parent\" data-id=\"d537b75\" data-element_type=\"container\" data-e-type=\"container\" data-settings=\"{&quot;background_background&quot;:&quot;classic&quot;}\">\n\t\t\t\t\t<div class=\"e-con-inner\">\n\t\t\t\t<div class=\"elementor-element elementor-element-62fc8d3 elementor-widget elementor-widget-heading\" data-id=\"62fc8d3\" data-element_type=\"widget\" data-e-type=\"widget\" data-widget_type=\"heading.default\">\n\t\t\t\t<div class=\"elementor-widget-container\">\n\t\t\t\t\t<h2 class=\"elementor-heading-title elementor-size-default\"><a href=\"https:\/\/taquaryfilmes.com.br\/wp-content\/uploads\/2025\/05\/trapia.pdf\" target=\"_blank\">CLICK HERE TO VIEW THE ONE-SHEET FILE<\/a><\/h2>\t\t\t\t<\/div>\n\t\t\t\t<\/div>\n\t\t\t\t\t<\/div>\n\t\t\t\t<\/div>\n\t\t<div class=\"elementor-element elementor-element-3276eb5 e-flex e-con-boxed e-con e-parent\" data-id=\"3276eb5\" data-element_type=\"container\" data-e-type=\"container\">\n\t\t\t\t\t<div class=\"e-con-inner\">\n\t\t<div class=\"elementor-element elementor-element-db65758 e-con-full e-flex e-con e-child\" data-id=\"db65758\" data-element_type=\"container\" data-e-type=\"container\">\n\t\t\t\t<div class=\"elementor-element elementor-element-370607b elementor-widget elementor-widget-heading\" data-id=\"370607b\" data-element_type=\"widget\" data-e-type=\"widget\" data-widget_type=\"heading.default\">\n\t\t\t\t<div class=\"elementor-widget-container\">\n\t\t\t\t\t<h2 class=\"elementor-heading-title elementor-size-default\">SYNOPSIS<\/h2>\t\t\t\t<\/div>\n\t\t\t\t<\/div>\n\t\t\t\t<\/div>\n\t\t<div class=\"elementor-element elementor-element-382015a e-con-full e-flex e-con e-child\" data-id=\"382015a\" data-element_type=\"container\" data-e-type=\"container\">\n\t\t\t\t<div class=\"elementor-element elementor-element-9bf0492 elementor-widget elementor-widget-text-editor\" data-id=\"9bf0492\" data-element_type=\"widget\" data-e-type=\"widget\" data-widget_type=\"text-editor.default\">\n\t\t\t\t<div class=\"elementor-widget-container\">\n\t\t\t\t\t\t\t\t\t<p class=\"\" data-start=\"275\" data-end=\"690\">In the arid heart of Para\u00edba's backlands, in Brazil, Trapi\u00e1 is the name of a tree that withstands drought and sun \u2014 and also of a rural community suspended in time, where stories of endurance quietly unfold. We follow Ramon, a filmmaker devoted to preserving memory, his mother Dona Aparecida, the solitary faith healer Dona Mariza, and Z\u00e9 Ambr\u00f3sio, a craftsman torn between creation and the dwindling land.<\/p><p class=\"\" data-start=\"692\" data-end=\"857\">Like the trapi\u00e1 tree, these lives endure. Each character is a branch holding on \u2014 between abandonment and belief, tradition and transformation, the weight of the past and the uncertainty of what\u2019s to come.<\/p>\t\t\t\t\t\t\t\t<\/div>\n\t\t\t\t<\/div>\n\t\t\t\t<\/div>\n\t\t\t\t\t<\/div>\n\t\t\t\t<\/div>\n\t\t<div class=\"elementor-element elementor-element-9859a1d e-flex e-con-boxed e-con e-parent\" data-id=\"9859a1d\" data-element_type=\"container\" data-e-type=\"container\">\n\t\t\t\t\t<div class=\"e-con-inner\">\n\t\t\t\t<div class=\"elementor-element elementor-element-f53a250 elementor-widget elementor-widget-image\" data-id=\"f53a250\" data-element_type=\"widget\" data-e-type=\"widget\" data-widget_type=\"image.default\">\n\t\t\t\t<div class=\"elementor-widget-container\">\n\t\t\t\t\t\t\t\t\t\t\t\t\t\t\t<img decoding=\"async\" width=\"214\" height=\"300\" src=\"https:\/\/taquaryfilmes.com.br\/wp-content\/uploads\/2025\/04\/S24A7875-2-214x300.jpg\" class=\"attachment-medium size-medium wp-image-993\" alt=\"\" srcset=\"https:\/\/taquaryfilmes.com.br\/wp-content\/uploads\/2025\/04\/S24A7875-2-214x300.jpg 214w, https:\/\/taquaryfilmes.com.br\/wp-content\/uploads\/2025\/04\/S24A7875-2-732x1024.jpg 732w, https:\/\/taquaryfilmes.com.br\/wp-content\/uploads\/2025\/04\/S24A7875-2-768x1075.jpg 768w, https:\/\/taquaryfilmes.com.br\/wp-content\/uploads\/2025\/04\/S24A7875-2-1097x1536.jpg 1097w, https:\/\/taquaryfilmes.com.br\/wp-content\/uploads\/2025\/04\/S24A7875-2-1463x2048.jpg 1463w, https:\/\/taquaryfilmes.com.br\/wp-content\/uploads\/2025\/04\/S24A7875-2.jpg 1486w\" sizes=\"(max-width: 214px) 100vw, 214px\" \/>\t\t\t\t\t\t\t\t\t\t\t\t\t\t\t<\/div>\n\t\t\t\t<\/div>\n\t\t\t\t\t<\/div>\n\t\t\t\t<\/div>\n\t\t<div class=\"elementor-element elementor-element-fb2d558 e-flex e-con-boxed e-con e-parent\" data-id=\"fb2d558\" data-element_type=\"container\" data-e-type=\"container\">\n\t\t\t\t\t<div class=\"e-con-inner\">\n\t\t<div class=\"elementor-element elementor-element-26502b3 e-con-full e-flex e-con e-child\" data-id=\"26502b3\" data-element_type=\"container\" data-e-type=\"container\">\n\t\t\t\t<div class=\"elementor-element elementor-element-bbe1f48 elementor-widget elementor-widget-heading\" data-id=\"bbe1f48\" data-element_type=\"widget\" data-e-type=\"widget\" data-widget_type=\"heading.default\">\n\t\t\t\t<div class=\"elementor-widget-container\">\n\t\t\t\t\t<h2 class=\"elementor-heading-title elementor-size-default\">BERTRAND LIRA<\/h2>\t\t\t\t<\/div>\n\t\t\t\t<\/div>\n\t\t\t\t<\/div>\n\t\t<div class=\"elementor-element elementor-element-c08a803 e-con-full e-flex e-con e-child\" data-id=\"c08a803\" data-element_type=\"container\" data-e-type=\"container\">\n\t\t\t\t<div class=\"elementor-element elementor-element-2bff7d5 elementor-widget elementor-widget-heading\" data-id=\"2bff7d5\" data-element_type=\"widget\" data-e-type=\"widget\" data-widget_type=\"heading.default\">\n\t\t\t\t<div class=\"elementor-widget-container\">\n\t\t\t\t\t<h2 class=\"elementor-heading-title elementor-size-default\">DIRECTOR AND SCREENWRITER<\/h2>\t\t\t\t<\/div>\n\t\t\t\t<\/div>\n\t\t\t\t<\/div>\n\t\t\t\t\t<\/div>\n\t\t\t\t<\/div>\n\t\t<div class=\"elementor-element elementor-element-f6784c3 e-flex e-con-boxed e-con e-parent\" data-id=\"f6784c3\" data-element_type=\"container\" data-e-type=\"container\">\n\t\t\t\t\t<div class=\"e-con-inner\">\n\t\t<div class=\"elementor-element elementor-element-283dffa e-con-full e-flex e-con e-child\" data-id=\"283dffa\" data-element_type=\"container\" data-e-type=\"container\">\n\t\t\t\t<div class=\"elementor-element elementor-element-d396265 elementor-widget elementor-widget-text-editor\" data-id=\"d396265\" data-element_type=\"widget\" data-e-type=\"widget\" data-widget_type=\"text-editor.default\">\n\t\t\t\t<div class=\"elementor-widget-container\">\n\t\t\t\t\t\t\t\t\t<p>Bertrand Lira is a professor in the Postgraduate Program in Communication at the Federal University of Para\u00edba (UFPB). He is a filmmaker who has directed numerous award-winning short, medium-length, and feature-length documentaries, recognized at festivals in Brazil and abroad \u2014 including the JVC Grand Prize at the 26th Tokyo Video Festival in 2004. He participated in documentary workshops at the Atelier de R\u00e9alisation Cin\u00e9matographique (VARAN) in Paris in 1982 and 1986.\n\nHe is the author of the books Luz e Sombra: significa\u00e7\u00f5es imagin\u00e1rias na fotografia do cinema expressionista alem\u00e3o (2013) and Cinema Noir: a sombra como experi\u00eancia est\u00e9tica e narrativa (2015).\n\nLira has served as a curator and jury member at several film festivals, including the Gramado Festival (RS), Bras\u00edlia Festival (DF), Cine PE, Fest Aruanda, Vit\u00f3ria Festival (ES), Goi\u00e2nia Mostra Curtas (Goi\u00e2nia-GO), For Rainbow, Thessaloniki LGBTQI+ Festival (Greece), and Circuito Penedo de Cinema, among others.<\/p>\t\t\t\t\t\t\t\t<\/div>\n\t\t\t\t<\/div>\n\t\t\t\t<\/div>\n\t\t\t\t\t<\/div>\n\t\t\t\t<\/div>\n\t\t<div class=\"elementor-element elementor-element-d024abd e-flex e-con-boxed e-con e-parent\" data-id=\"d024abd\" data-element_type=\"container\" data-e-type=\"container\">\n\t\t\t\t\t<div class=\"e-con-inner\">\n\t\t\t\t<div class=\"elementor-element elementor-element-6b1e449 elementor-widget elementor-widget-image\" data-id=\"6b1e449\" data-element_type=\"widget\" data-e-type=\"widget\" data-widget_type=\"image.default\">\n\t\t\t\t<div class=\"elementor-widget-container\">\n\t\t\t\t\t\t\t\t\t\t\t\t\t\t\t<img decoding=\"async\" width=\"222\" height=\"300\" src=\"https:\/\/taquaryfilmes.com.br\/wp-content\/uploads\/2025\/05\/DIEGO-BENEVIDES-PEB-222x300.jpg\" class=\"attachment-medium size-medium wp-image-1815\" alt=\"\" srcset=\"https:\/\/taquaryfilmes.com.br\/wp-content\/uploads\/2025\/05\/DIEGO-BENEVIDES-PEB-222x300.jpg 222w, https:\/\/taquaryfilmes.com.br\/wp-content\/uploads\/2025\/05\/DIEGO-BENEVIDES-PEB-9x12.jpg 9w, https:\/\/taquaryfilmes.com.br\/wp-content\/uploads\/2025\/05\/DIEGO-BENEVIDES-PEB.jpg 532w\" sizes=\"(max-width: 222px) 100vw, 222px\" \/>\t\t\t\t\t\t\t\t\t\t\t\t\t\t\t<\/div>\n\t\t\t\t<\/div>\n\t\t\t\t\t<\/div>\n\t\t\t\t<\/div>\n\t\t<div class=\"elementor-element elementor-element-44a4c1c e-flex e-con-boxed e-con e-parent\" data-id=\"44a4c1c\" data-element_type=\"container\" data-e-type=\"container\">\n\t\t\t\t\t<div class=\"e-con-inner\">\n\t\t<div class=\"elementor-element elementor-element-fb29510 e-con-full e-flex e-con e-child\" data-id=\"fb29510\" data-element_type=\"container\" data-e-type=\"container\">\n\t\t\t\t<div class=\"elementor-element elementor-element-ec8920a elementor-widget elementor-widget-heading\" data-id=\"ec8920a\" data-element_type=\"widget\" data-e-type=\"widget\" data-widget_type=\"heading.default\">\n\t\t\t\t<div class=\"elementor-widget-container\">\n\t\t\t\t\t<h2 class=\"elementor-heading-title elementor-size-default\">DIEGO BENEVIDES<\/h2>\t\t\t\t<\/div>\n\t\t\t\t<\/div>\n\t\t\t\t<\/div>\n\t\t<div class=\"elementor-element elementor-element-b198554 e-con-full e-flex e-con e-child\" data-id=\"b198554\" data-element_type=\"container\" data-e-type=\"container\">\n\t\t\t\t<div class=\"elementor-element elementor-element-328582d elementor-widget elementor-widget-heading\" data-id=\"328582d\" data-element_type=\"widget\" data-e-type=\"widget\" data-widget_type=\"heading.default\">\n\t\t\t\t<div class=\"elementor-widget-container\">\n\t\t\t\t\t<h2 class=\"elementor-heading-title elementor-size-default\">PRODUCER<\/h2>\t\t\t\t<\/div>\n\t\t\t\t<\/div>\n\t\t\t\t<\/div>\n\t\t\t\t\t<\/div>\n\t\t\t\t<\/div>\n\t\t<div class=\"elementor-element elementor-element-c91df56 e-flex e-con-boxed e-con e-parent\" data-id=\"c91df56\" data-element_type=\"container\" data-e-type=\"container\">\n\t\t\t\t\t<div class=\"e-con-inner\">\n\t\t<div class=\"elementor-element elementor-element-e1d21b7 e-con-full e-flex e-con e-child\" data-id=\"e1d21b7\" data-element_type=\"container\" data-e-type=\"container\">\n\t\t\t\t<div class=\"elementor-element elementor-element-9b88356 elementor-widget elementor-widget-text-editor\" data-id=\"9b88356\" data-element_type=\"widget\" data-e-type=\"widget\" data-widget_type=\"text-editor.default\">\n\t\t\t\t<div class=\"elementor-widget-container\">\n\t\t\t\t\t\t\t\t\t<p>A director, screenwriter and producer from Para\u00edba, he graduated from the Federal University of Para\u00edba and lives and makes films in Para\u00edba, where he has built a career marked by his own production and commitment to the language and emotions of audiovisual media. He has directed films that have been shown in several countries, collecting awards and participating in important film festivals in Brazil and on the international circuit, with highlights including O Guardador (2017), Fam\u00edlia Vidal (2010), A Queima (2013), Cumieira (2015), A Fome de L\u00e1zaro, C\u00e2mera Viva and Anjo Pag\u00e3o. In addition to directing and writing screenplays, he also works as a producer and editor, having produced four feature films, two series and several short films made with other filmmakers from the Para\u00edba scene.<\/p>\t\t\t\t\t\t\t\t<\/div>\n\t\t\t\t<\/div>\n\t\t\t\t<\/div>\n\t\t\t\t\t<\/div>\n\t\t\t\t<\/div>\n\t\t<div class=\"elementor-element elementor-element-40cf7ba e-flex e-con-boxed e-con e-parent\" data-id=\"40cf7ba\" data-element_type=\"container\" data-e-type=\"container\">\n\t\t\t\t\t<div class=\"e-con-inner\">\n\t\t\t\t<div class=\"elementor-element elementor-element-b2f4744 elementor-widget elementor-widget-image\" data-id=\"b2f4744\" data-element_type=\"widget\" data-e-type=\"widget\" data-widget_type=\"image.default\">\n\t\t\t\t<div class=\"elementor-widget-container\">\n\t\t\t\t\t\t\t\t\t\t\t\t\t\t\t<img loading=\"lazy\" decoding=\"async\" width=\"242\" height=\"300\" src=\"https:\/\/taquaryfilmes.com.br\/wp-content\/uploads\/2025\/04\/Alexandre-1-PeB-242x300.jpg\" class=\"attachment-medium size-medium wp-image-1305\" alt=\"\" srcset=\"https:\/\/taquaryfilmes.com.br\/wp-content\/uploads\/2025\/04\/Alexandre-1-PeB-242x300.jpg 242w, https:\/\/taquaryfilmes.com.br\/wp-content\/uploads\/2025\/04\/Alexandre-1-PeB-10x12.jpg 10w, https:\/\/taquaryfilmes.com.br\/wp-content\/uploads\/2025\/04\/Alexandre-1-PeB.jpg 539w\" sizes=\"(max-width: 242px) 100vw, 242px\" \/>\t\t\t\t\t\t\t\t\t\t\t\t\t\t\t<\/div>\n\t\t\t\t<\/div>\n\t\t\t\t\t<\/div>\n\t\t\t\t<\/div>\n\t\t<div class=\"elementor-element elementor-element-fb244a4 e-flex e-con-boxed e-con e-parent\" data-id=\"fb244a4\" data-element_type=\"container\" data-e-type=\"container\">\n\t\t\t\t\t<div class=\"e-con-inner\">\n\t\t<div class=\"elementor-element elementor-element-2378cac e-con-full e-flex e-con e-child\" data-id=\"2378cac\" data-element_type=\"container\" data-e-type=\"container\">\n\t\t\t\t<div class=\"elementor-element elementor-element-4ff32d1 elementor-widget elementor-widget-heading\" data-id=\"4ff32d1\" data-element_type=\"widget\" data-e-type=\"widget\" data-widget_type=\"heading.default\">\n\t\t\t\t<div class=\"elementor-widget-container\">\n\t\t\t\t\t<h2 class=\"elementor-heading-title elementor-size-default\">ALEXANDRE SOARES<\/h2>\t\t\t\t<\/div>\n\t\t\t\t<\/div>\n\t\t\t\t<\/div>\n\t\t<div class=\"elementor-element elementor-element-ac37e58 e-con-full e-flex e-con e-child\" data-id=\"ac37e58\" data-element_type=\"container\" data-e-type=\"container\">\n\t\t\t\t<div class=\"elementor-element elementor-element-3cc271b elementor-widget elementor-widget-heading\" data-id=\"3cc271b\" data-element_type=\"widget\" data-e-type=\"widget\" data-widget_type=\"heading.default\">\n\t\t\t\t<div class=\"elementor-widget-container\">\n\t\t\t\t\t<h2 class=\"elementor-heading-title elementor-size-default\">CO-PRODUCER<\/h2>\t\t\t\t<\/div>\n\t\t\t\t<\/div>\n\t\t\t\t<\/div>\n\t\t\t\t\t<\/div>\n\t\t\t\t<\/div>\n\t\t<div class=\"elementor-element elementor-element-2069685 e-flex e-con-boxed e-con e-parent\" data-id=\"2069685\" data-element_type=\"container\" data-e-type=\"container\">\n\t\t\t\t\t<div class=\"e-con-inner\">\n\t\t<div class=\"elementor-element elementor-element-bcea262 e-con-full e-flex e-con e-child\" data-id=\"bcea262\" data-element_type=\"container\" data-e-type=\"container\">\n\t\t\t\t<div class=\"elementor-element elementor-element-404c41b elementor-widget elementor-widget-text-editor\" data-id=\"404c41b\" data-element_type=\"widget\" data-e-type=\"widget\" data-widget_type=\"text-editor.default\">\n\t\t\t\t<div class=\"elementor-widget-container\">\n\t\t\t\t\t\t\t\t\t<p style=\"text-align: left;\" align=\"justify\">Audiovisual producer, curator and director of the festivals Curta Taquary, Poesia na Tela and Criancine. He studied \u201cFilm script\u201d and \u201cCuratorship, management and network of film festivals\u201d at EICTV (Cuba). He has worked in the audiovisual industry since 2005 in the development, dissemination and production of short and feature films and TV productions. He has produced works shown in more than 100 national and international festivals and exhibitions, including: Cannes, Biarritz (France), Busan (South Korea), Havana (Cuba), Bras\u00edlia (DF), Gramado (RS) and Tiradentes (MG). He collaborated with the curatorship of the international festivals: Thessaloniki LGBTQIFF (Greece), LABRFF (USA), Hacelo Corto (Argentina), Antofadocs and Muestra Polo Sur (Chile). It works on reforestation and recovery of deforested areas in the Caatinga, Brejo de altitude and Mata Atl\u00e2ntica biomes, in addition to restoring riparian forests on the Capibaribe River.<\/p><p align=\"justify\"><a href=\"https:\/\/drive.google.com\/drive\/folders\/1dhOVsqi2k2YZbMl0e0FpT7-0Wx1Xg8y6\" target=\"_blank\" rel=\"noopener\">Check resum\u00e9<\/a><\/p><p><a href=\"https:\/\/www.imdb.com\/name\/nm9084412\/\" target=\"_blank\" rel=\"noopener\">IMDb<\/a><\/p>\t\t\t\t\t\t\t\t<\/div>\n\t\t\t\t<\/div>\n\t\t\t\t<\/div>\n\t\t\t\t\t<\/div>\n\t\t\t\t<\/div>\n\t\t<div class=\"elementor-element elementor-element-b685d23 e-con-full e-flex e-con e-parent\" data-id=\"b685d23\" data-element_type=\"container\" data-e-type=\"container\">\n\t\t\t\t<div class=\"elementor-element elementor-element-1b9a7ef elementor-widget elementor-widget-image-carousel\" data-id=\"1b9a7ef\" data-element_type=\"widget\" data-e-type=\"widget\" data-settings=\"{&quot;slides_to_show_tablet&quot;:&quot;3&quot;,&quot;navigation&quot;:&quot;none&quot;,&quot;slides_to_show&quot;:&quot;3&quot;,&quot;slides_to_scroll&quot;:&quot;3&quot;,&quot;autoplay&quot;:&quot;yes&quot;,&quot;pause_on_hover&quot;:&quot;yes&quot;,&quot;pause_on_interaction&quot;:&quot;yes&quot;,&quot;autoplay_speed&quot;:5000,&quot;infinite&quot;:&quot;yes&quot;,&quot;speed&quot;:500,&quot;image_spacing_custom&quot;:{&quot;unit&quot;:&quot;px&quot;,&quot;size&quot;:20,&quot;sizes&quot;:[]},&quot;image_spacing_custom_tablet&quot;:{&quot;unit&quot;:&quot;px&quot;,&quot;size&quot;:&quot;&quot;,&quot;sizes&quot;:[]},&quot;image_spacing_custom_mobile&quot;:{&quot;unit&quot;:&quot;px&quot;,&quot;size&quot;:&quot;&quot;,&quot;sizes&quot;:[]}}\" data-widget_type=\"image-carousel.default\">\n\t\t\t\t<div class=\"elementor-widget-container\">\n\t\t\t\t\t\t\t<div class=\"elementor-image-carousel-wrapper swiper\" role=\"region\" aria-roledescription=\"carousel\" aria-label=\"Carrossel de imagens\" dir=\"ltr\">\n\t\t\t<div class=\"elementor-image-carousel swiper-wrapper\" aria-live=\"off\">\n\t\t\t\t\t\t\t\t<div class=\"swiper-slide\" role=\"group\" aria-roledescription=\"slide\" aria-label=\"1 de 4\"><figure class=\"swiper-slide-inner\"><img decoding=\"async\" class=\"swiper-slide-image\" src=\"https:\/\/taquaryfilmes.com.br\/wp-content\/uploads\/2025\/04\/equipe-trapia.png\" alt=\"equipe-trapia\" \/><\/figure><\/div><div class=\"swiper-slide\" role=\"group\" aria-roledescription=\"slide\" aria-label=\"2 de 4\"><figure class=\"swiper-slide-inner\"><img decoding=\"async\" class=\"swiper-slide-image\" src=\"http:\/\/taquaryfilmes.com.br\/wp-content\/uploads\/2025\/04\/Foto-de-Cena-Trapia-18-1.jpg\" alt=\"\" \/><\/figure><\/div><div class=\"swiper-slide\" role=\"group\" aria-roledescription=\"slide\" aria-label=\"3 de 4\"><figure class=\"swiper-slide-inner\"><img decoding=\"async\" class=\"swiper-slide-image\" src=\"http:\/\/taquaryfilmes.com.br\/wp-content\/uploads\/2025\/04\/Foto-de-Cena-Trapia-21-1.jpg\" alt=\"\" \/><\/figure><\/div><div class=\"swiper-slide\" role=\"group\" aria-roledescription=\"slide\" aria-label=\"4 de 4\"><figure class=\"swiper-slide-inner\"><img decoding=\"async\" class=\"swiper-slide-image\" src=\"http:\/\/taquaryfilmes.com.br\/wp-content\/uploads\/2025\/04\/Foto-de-Cena-Trapia-07-1.jpg\" alt=\"\" \/><\/figure><\/div>\t\t\t<\/div>\n\t\t\t\t\t\t\t\n\t\t\t\t\t\t\t\t\t<\/div>\n\t\t\t\t\t\t<\/div>\n\t\t\t\t<\/div>\n\t\t\t\t<\/div>\n\t\t\t\t<\/div>","protected":false},"excerpt":{"rendered":"<p>&#8220;Traip\u00e1, um outro Sert\u00e3o&#8221;BRASIL, 4K, 90min, Document\u00e1rio, Portugu\u00easProdu\u00e7\u00e3o: Extrato de CinemaCo-produ\u00e7\u00e3o: Taquary Filmes CLICK AQUI PARA VISUALIZAR O ONE-SHEET SINOPSE No cora\u00e7\u00e3o \u00e1rido do Sert\u00e3o paraibano, \u201cTrapi\u00e1\u201d \u00e9 o nome de uma \u00e1rvore que desafia o calor e a seca \u2014 e tamb\u00e9m de uma comunidade esquecida pelo tempo, onde hist\u00f3rias de resist\u00eancia florescem. Entre [&hellip;]<\/p>\n","protected":false},"author":1,"featured_media":0,"parent":0,"menu_order":0,"comment_status":"closed","ping_status":"closed","template":"","meta":{"_joinchat":[],"footnotes":""},"class_list":["post-988","page","type-page","status-publish","hentry"],"aioseo_notices":[],"_links":{"self":[{"href":"https:\/\/taquaryfilmes.com.br\/en\/wp-json\/wp\/v2\/pages\/988","targetHints":{"allow":["GET"]}}],"collection":[{"href":"https:\/\/taquaryfilmes.com.br\/en\/wp-json\/wp\/v2\/pages"}],"about":[{"href":"https:\/\/taquaryfilmes.com.br\/en\/wp-json\/wp\/v2\/types\/page"}],"author":[{"embeddable":true,"href":"https:\/\/taquaryfilmes.com.br\/en\/wp-json\/wp\/v2\/users\/1"}],"replies":[{"embeddable":true,"href":"https:\/\/taquaryfilmes.com.br\/en\/wp-json\/wp\/v2\/comments?post=988"}],"version-history":[{"count":127,"href":"https:\/\/taquaryfilmes.com.br\/en\/wp-json\/wp\/v2\/pages\/988\/revisions"}],"predecessor-version":[{"id":1902,"href":"https:\/\/taquaryfilmes.com.br\/en\/wp-json\/wp\/v2\/pages\/988\/revisions\/1902"}],"wp:attachment":[{"href":"https:\/\/taquaryfilmes.com.br\/en\/wp-json\/wp\/v2\/media?parent=988"}],"curies":[{"name":"wp","href":"https:\/\/api.w.org\/{rel}","templated":true}]}}